{"id":817,"date":"2021-10-04T15:00:48","date_gmt":"2021-10-04T13:00:48","guid":{"rendered":"http:\/\/www.orlik.kudowa-zdroj.dolnyslask.pl\/?page_id=817"},"modified":"2026-05-06T09:11:32","modified_gmt":"2026-05-06T07:11:32","slug":"bip","status":"publish","type":"page","link":"https:\/\/www.orlik.kudowa-zdroj.dolnyslask.pl\/index.php\/bip\/","title":{"rendered":"BIULETYN INFORMACJI PUBLICZNEJ"},"content":{"rendered":"\n<h2 class=\"wp-block-heading\">DANE KONTAKTOWE<\/h2>\n\n\n\n<p class=\"has-medium-font-size\">Kontakt:<br>Dolno\u015bl\u0105ska Szko\u0142a Podstawowa Specjalna Nr 4<br>przy Szpitalu Rehabilitacyjnym Hematologicznym \u201cOrlik\u201d<br>ul. Bukowina 1 , 57-350 Kudowa Zdr\u00f3j<br>tel\/fax 74 8666126 ,<\/p>\n\n\n\n<p class=\"has-medium-font-size\">email sekretariat@poczta.onet.pl<\/p>\n\n\n\n<p class=\"has-medium-font-size\">Elektroniczna skrytka podawcza na ePUAP:\/DSPSOrlik\/SkrytkaESP<\/p>\n\n\n\n<p class=\"has-medium-font-size\">Dyr. Szko\u0142y \u2013 mgr Katarzyna Szpanier dyrektor@edu.dolnyslask.pl<\/p>\n\n\n\n<p class=\"has-medium-font-size\">G\u0142\u00f3wny ksi\u0119gowy \u2013 Iwona Samsonowicz-Smole\u0144ska Ksiegowosc-orlik@edu.dolnyslask.pl<\/p>\n\n\n\n<p class=\"has-medium-font-size\">Sekretarz Szko\u0142y \u2013 Ilona Solarz Sekretariat-orlik@edu.dolnyslask.pl<\/p>\n\n\n\n<p class=\"has-medium-font-size\">Inspektor ochrony danych \u2013 Janusz Engel enjanusz@o2.pl tel. 796779262 lub listownie<\/p>\n\n\n\n<p><\/p>\n\n\n\n<div class=\"wp-block-file has-link-color wp-elements-0ed8a46c8877a1a370fdfff38514580a\"><a id=\"wp-block-file--media-b55c66cc-31ff-49c4-9cf4-7b006e433105\" href=\"https:\/\/www.orlik.kudowa-zdroj.dolnyslask.pl\/wp-content\/uploads\/2023\/01\/KLAUZULA-RODO.pdf\">KLAUZULA RODO<\/a><a href=\"https:\/\/www.orlik.kudowa-zdroj.dolnyslask.pl\/wp-content\/uploads\/2023\/01\/KLAUZULA-RODO.pdf\" class=\"wp-block-file__button wp-element-button\" download aria-describedby=\"wp-block-file--media-b55c66cc-31ff-49c4-9cf4-7b006e433105\">Pobierz<\/a><\/div>\n\n\n\n<div class=\"wp-block-file\"><a id=\"wp-block-file--media-c8c477b7-ef2b-414d-845b-78abb20f9cac\" href=\"https:\/\/www.orlik.kudowa-zdroj.dolnyslask.pl\/wp-content\/uploads\/2025\/04\/Raport-o-staniezapewnienia-dostepnosci-podmiotu-publicznego-1.pdf\">Raport o stanie zapewnienia dost\u0119pno\u015bci podmiotu publicznego 2025<\/a><a href=\"https:\/\/www.orlik.kudowa-zdroj.dolnyslask.pl\/wp-content\/uploads\/2025\/04\/Raport-o-staniezapewnienia-dostepnosci-podmiotu-publicznego-1.pdf\" class=\"wp-block-file__button wp-element-button\" download aria-describedby=\"wp-block-file--media-c8c477b7-ef2b-414d-845b-78abb20f9cac\">Pobierz<\/a><\/div>\n\n\n\n<div class=\"wp-block-file wp-elements-f59b1236aeb4346708a279183bb2886f\"><a id=\"wp-block-file--media-177e8c9f-7363-4fdf-bb7d-491b1a9af67b\" href=\"https:\/\/www.orlik.kudowa-zdroj.dolnyslask.pl\/wp-content\/uploads\/2024\/01\/Deklaracja-dostepnosci-2024-1.pdf\">Deklaracja-dostepnosci-2024-1<\/a><a href=\"https:\/\/www.orlik.kudowa-zdroj.dolnyslask.pl\/wp-content\/uploads\/2024\/01\/Deklaracja-dostepnosci-2024-1.pdf\" class=\"wp-block-file__button wp-element-button\" download aria-describedby=\"wp-block-file--media-177e8c9f-7363-4fdf-bb7d-491b1a9af67b\">Pobierz<\/a><\/div>\n\n\n\n<div class=\"wp-block-file wp-elements-0a38d52eae28de6f6177645ecc4f5b54\"><a id=\"wp-block-file--media-b0c99d51-8c4a-4342-8d20-8491585fa848\" href=\"https:\/\/www.orlik.kudowa-zdroj.dolnyslask.pl\/wp-content\/uploads\/2023\/01\/RAPORT-O-STANIE-ZAPEWNIENIA-DOSTEPNOSCI-PODMIOTU-PUBLICZNEGO.pdf\">RAPORT O STANIE ZAPEWNIENIA DOSTEPNOSCI PODMIOTU PUBLICZNEGO<\/a><a href=\"https:\/\/www.orlik.kudowa-zdroj.dolnyslask.pl\/wp-content\/uploads\/2023\/01\/RAPORT-O-STANIE-ZAPEWNIENIA-DOSTEPNOSCI-PODMIOTU-PUBLICZNEGO.pdf\" class=\"wp-block-file__button wp-element-button\" download aria-describedby=\"wp-block-file--media-b0c99d51-8c4a-4342-8d20-8491585fa848\">Pobierz<\/a><\/div>\n\n\n\n<div class=\"wp-block-file wp-elements-2b2fb19fde7462924752f7b80328fcb5\"><a id=\"wp-block-file--media-ec1b51e2-ed01-4a62-8c89-f5d099d6bd63\" href=\"https:\/\/www.orlik.kudowa-zdroj.dolnyslask.pl\/wp-content\/uploads\/2025\/06\/statut2025roku.doc\">statut2025roku<\/a><a href=\"https:\/\/www.orlik.kudowa-zdroj.dolnyslask.pl\/wp-content\/uploads\/2025\/06\/statut2025roku.doc\" class=\"wp-block-file__button wp-element-button\" download aria-describedby=\"wp-block-file--media-ec1b51e2-ed01-4a62-8c89-f5d099d6bd63\">Pobierz<\/a><\/div>\n\n\n\n<figure class=\"wp-block-image size-full\"><img loading=\"lazy\" decoding=\"async\" width=\"640\" height=\"17\" src=\"https:\/\/www.orlik.kudowa-zdroj.dolnyslask.pl\/wp-content\/uploads\/2026\/05\/kreska_niebieska-2.jpg\" alt=\"\" class=\"wp-image-4811\" srcset=\"https:\/\/www.orlik.kudowa-zdroj.dolnyslask.pl\/wp-content\/uploads\/2026\/05\/kreska_niebieska-2.jpg 640w, https:\/\/www.orlik.kudowa-zdroj.dolnyslask.pl\/wp-content\/uploads\/2026\/05\/kreska_niebieska-2-300x8.jpg 300w\" sizes=\"auto, (max-width: 640px) 100vw, 640px\" \/><\/figure>\n\n\n\n<p class=\"has-regular-font-size\">SPRAWOZDANIA FINANSOWE<\/p>\n\n\n\n<div class=\"wp-block-file\"><a id=\"wp-block-file--media-56d0dc4b-2792-4759-9562-c2a54867ae69\" href=\"https:\/\/www.orlik.kudowa-zdroj.dolnyslask.pl\/wp-content\/uploads\/2026\/05\/Bilans-ORLIK-2025.pdf\">Bilans ORLIK 2025<\/a><a href=\"https:\/\/www.orlik.kudowa-zdroj.dolnyslask.pl\/wp-content\/uploads\/2026\/05\/Bilans-ORLIK-2025.pdf\" class=\"wp-block-file__button wp-element-button\" download aria-describedby=\"wp-block-file--media-56d0dc4b-2792-4759-9562-c2a54867ae69\">Pobierz<\/a><\/div>\n\n\n\n<div class=\"wp-block-file\"><a id=\"wp-block-file--media-dde1e758-9fa4-435b-a879-e93e817e7c0a\" href=\"https:\/\/www.orlik.kudowa-zdroj.dolnyslask.pl\/wp-content\/uploads\/2026\/05\/RZS-ORLIK-2025.pdf\">RZS ORLIK 2025<\/a><a href=\"https:\/\/www.orlik.kudowa-zdroj.dolnyslask.pl\/wp-content\/uploads\/2026\/05\/RZS-ORLIK-2025.pdf\" class=\"wp-block-file__button wp-element-button\" download aria-describedby=\"wp-block-file--media-dde1e758-9fa4-435b-a879-e93e817e7c0a\">Pobierz<\/a><\/div>\n\n\n\n<div class=\"wp-block-file\"><a id=\"wp-block-file--media-b0f8bf74-1bcf-4e8f-ae1a-01b1456a5042\" href=\"https:\/\/www.orlik.kudowa-zdroj.dolnyslask.pl\/wp-content\/uploads\/2026\/05\/ZZF-ORLIK-2025.pdf\">ZZF ORLIK 2025<\/a><a href=\"https:\/\/www.orlik.kudowa-zdroj.dolnyslask.pl\/wp-content\/uploads\/2026\/05\/ZZF-ORLIK-2025.pdf\" class=\"wp-block-file__button wp-element-button\" download aria-describedby=\"wp-block-file--media-b0f8bf74-1bcf-4e8f-ae1a-01b1456a5042\">Pobierz<\/a><\/div>\n\n\n\n<div class=\"wp-block-file\"><a id=\"wp-block-file--media-858d1556-c41b-4cb4-8ef1-32f62e9ad24f\" href=\"https:\/\/www.orlik.kudowa-zdroj.dolnyslask.pl\/wp-content\/uploads\/2026\/05\/Iinformacjia-dodatkowej-ORLIK-2025.pdf\">Iinformacjia dodatkowej ORLIK 2025<\/a><a href=\"https:\/\/www.orlik.kudowa-zdroj.dolnyslask.pl\/wp-content\/uploads\/2026\/05\/Iinformacjia-dodatkowej-ORLIK-2025.pdf\" class=\"wp-block-file__button wp-element-button\" download aria-describedby=\"wp-block-file--media-858d1556-c41b-4cb4-8ef1-32f62e9ad24f\">Pobierz<\/a><\/div>\n\n\n\n<figure class=\"wp-block-image size-full\"><img loading=\"lazy\" decoding=\"async\" width=\"640\" height=\"17\" src=\"https:\/\/www.orlik.kudowa-zdroj.dolnyslask.pl\/wp-content\/uploads\/2026\/05\/kreska_niebieska-2.jpg\" alt=\"\" class=\"wp-image-4811\" srcset=\"https:\/\/www.orlik.kudowa-zdroj.dolnyslask.pl\/wp-content\/uploads\/2026\/05\/kreska_niebieska-2.jpg 640w, https:\/\/www.orlik.kudowa-zdroj.dolnyslask.pl\/wp-content\/uploads\/2026\/05\/kreska_niebieska-2-300x8.jpg 300w\" sizes=\"auto, (max-width: 640px) 100vw, 640px\" \/><\/figure>\n\n\n\n<div class=\"wp-block-file\"><a id=\"wp-block-file--media-85a9bede-7756-4a48-8f68-9c1200ff9803\" href=\"https:\/\/www.orlik.kudowa-zdroj.dolnyslask.pl\/wp-content\/uploads\/2025\/02\/Bilans-2024-1.pdf\">Bilans 2024 (1)<\/a><a href=\"https:\/\/www.orlik.kudowa-zdroj.dolnyslask.pl\/wp-content\/uploads\/2025\/02\/Bilans-2024-1.pdf\" class=\"wp-block-file__button wp-element-button\" download aria-describedby=\"wp-block-file--media-85a9bede-7756-4a48-8f68-9c1200ff9803\">Pobierz<\/a><\/div>\n\n\n\n<div class=\"wp-block-file\"><a id=\"wp-block-file--media-8b12630c-d404-4a56-b48c-707667d30c89\" href=\"https:\/\/www.orlik.kudowa-zdroj.dolnyslask.pl\/wp-content\/uploads\/2025\/02\/RZS-2024-1.pdf\">RZS 2024 (1)<\/a><a href=\"https:\/\/www.orlik.kudowa-zdroj.dolnyslask.pl\/wp-content\/uploads\/2025\/02\/RZS-2024-1.pdf\" class=\"wp-block-file__button wp-element-button\" download aria-describedby=\"wp-block-file--media-8b12630c-d404-4a56-b48c-707667d30c89\">Pobierz<\/a><\/div>\n\n\n\n<div class=\"wp-block-file\"><a id=\"wp-block-file--media-b5414ea9-2502-4ef3-ba83-126b565c5633\" href=\"https:\/\/www.orlik.kudowa-zdroj.dolnyslask.pl\/wp-content\/uploads\/2025\/02\/ZZF-2024-1.pdf\">ZZF 2024 (1)<\/a><a href=\"https:\/\/www.orlik.kudowa-zdroj.dolnyslask.pl\/wp-content\/uploads\/2025\/02\/ZZF-2024-1.pdf\" class=\"wp-block-file__button wp-element-button\" download aria-describedby=\"wp-block-file--media-b5414ea9-2502-4ef3-ba83-126b565c5633\">Pobierz<\/a><\/div>\n\n\n\n<div class=\"wp-block-file\"><a id=\"wp-block-file--media-7a246d59-9137-40dc-b65b-27794d7c2852\" href=\"https:\/\/www.orlik.kudowa-zdroj.dolnyslask.pl\/wp-content\/uploads\/2025\/02\/Wyciag-z-informacji-dod.-2024-1.pdf\">Wyci\u0105g z informacji dod. 2024 (1)<\/a><a href=\"https:\/\/www.orlik.kudowa-zdroj.dolnyslask.pl\/wp-content\/uploads\/2025\/02\/Wyciag-z-informacji-dod.-2024-1.pdf\" class=\"wp-block-file__button wp-element-button\" download aria-describedby=\"wp-block-file--media-7a246d59-9137-40dc-b65b-27794d7c2852\">Pobierz<\/a><\/div>\n\n\n\n<figure class=\"wp-block-image size-full\"><img loading=\"lazy\" decoding=\"async\" width=\"640\" height=\"17\" src=\"https:\/\/www.orlik.kudowa-zdroj.dolnyslask.pl\/wp-content\/uploads\/2026\/05\/kreska_niebieska-2.jpg\" alt=\"\" class=\"wp-image-4811\" srcset=\"https:\/\/www.orlik.kudowa-zdroj.dolnyslask.pl\/wp-content\/uploads\/2026\/05\/kreska_niebieska-2.jpg 640w, https:\/\/www.orlik.kudowa-zdroj.dolnyslask.pl\/wp-content\/uploads\/2026\/05\/kreska_niebieska-2-300x8.jpg 300w\" sizes=\"auto, (max-width: 640px) 100vw, 640px\" \/><\/figure>\n\n\n\n<div class=\"wp-block-file wp-elements-a9a4963526e312cfaabd59ced525f073\"><a id=\"wp-block-file--media-52c86793-a574-49e4-b54f-e3e695fbfc5b\" href=\"https:\/\/www.orlik.kudowa-zdroj.dolnyslask.pl\/wp-content\/uploads\/2023\/07\/Rachunek-zyskow-i-strat.pdf\">Rachunek-zyskow-i-strat 2022<\/a><a href=\"https:\/\/www.orlik.kudowa-zdroj.dolnyslask.pl\/wp-content\/uploads\/2023\/07\/Rachunek-zyskow-i-strat.pdf\" class=\"wp-block-file__button wp-element-button\" download aria-describedby=\"wp-block-file--media-52c86793-a574-49e4-b54f-e3e695fbfc5b\">Pobierz<\/a><\/div>\n\n\n\n<div class=\"wp-block-file wp-elements-a0559aa92dab2700657157b5936d5b75\"><a id=\"wp-block-file--media-46738417-8f0d-4148-9031-2c2c7b80b995\" href=\"https:\/\/www.orlik.kudowa-zdroj.dolnyslask.pl\/wp-content\/uploads\/2023\/07\/Zestawienie-zmian-funduszu.pdf\">Zestawienie-zmian-funduszu 2022<\/a><a href=\"https:\/\/www.orlik.kudowa-zdroj.dolnyslask.pl\/wp-content\/uploads\/2023\/07\/Zestawienie-zmian-funduszu.pdf\" class=\"wp-block-file__button wp-element-button\" download aria-describedby=\"wp-block-file--media-46738417-8f0d-4148-9031-2c2c7b80b995\">Pobierz<\/a><\/div>\n\n\n\n<div class=\"wp-block-file wp-elements-1a86eda5a08304655f573db6e49d7919\"><a id=\"wp-block-file--media-b05b8255-dcc7-4423-8318-325129bd234d\" href=\"https:\/\/www.orlik.kudowa-zdroj.dolnyslask.pl\/wp-content\/uploads\/2023\/07\/Bilans.pdf\">Bilans 2022<br><\/a><a href=\"https:\/\/www.orlik.kudowa-zdroj.dolnyslask.pl\/wp-content\/uploads\/2023\/07\/Bilans.pdf\" class=\"wp-block-file__button wp-element-button\" download aria-describedby=\"wp-block-file--media-b05b8255-dcc7-4423-8318-325129bd234d\">Pobierz<br><\/a><\/div>\n\n\n\n<figure class=\"wp-block-image size-full\"><img loading=\"lazy\" decoding=\"async\" width=\"640\" height=\"17\" src=\"https:\/\/www.orlik.kudowa-zdroj.dolnyslask.pl\/wp-content\/uploads\/2026\/05\/kreska_niebieska-2.jpg\" alt=\"\" class=\"wp-image-4811\" srcset=\"https:\/\/www.orlik.kudowa-zdroj.dolnyslask.pl\/wp-content\/uploads\/2026\/05\/kreska_niebieska-2.jpg 640w, https:\/\/www.orlik.kudowa-zdroj.dolnyslask.pl\/wp-content\/uploads\/2026\/05\/kreska_niebieska-2-300x8.jpg 300w\" sizes=\"auto, (max-width: 640px) 100vw, 640px\" \/><\/figure>\n\n\n\n<div class=\"wp-block-file wp-elements-ff4d7566313ce10422defaac57305658\"><a id=\"wp-block-file--media-2dd2c03d-08bc-408c-84c1-51ea71d8a374\" href=\"https:\/\/www.orlik.kudowa-zdroj.dolnyslask.pl\/wp-content\/uploads\/2023\/02\/MAJATEK-SZKOLY.doc\">MAJATEK-SZKOLY<\/a><a href=\"https:\/\/www.orlik.kudowa-zdroj.dolnyslask.pl\/wp-content\/uploads\/2023\/02\/MAJATEK-SZKOLY.doc\" class=\"wp-block-file__button wp-element-button\" download aria-describedby=\"wp-block-file--media-2dd2c03d-08bc-408c-84c1-51ea71d8a374\">Pobierz<\/a><\/div>\n\n\n\n<p><\/p>\n\n\n\n<div class=\"wp-block-file wp-elements-30b1c819f52df4270cb03927849d1531\"><a id=\"wp-block-file--media-024d0ed9-0178-4a0c-acef-a7ddf57e74cf\" href=\"https:\/\/www.orlik.kudowa-zdroj.dolnyslask.pl\/wp-content\/uploads\/2022\/11\/Sprawozdania-finansowe-2021-1.pdf\">Sprawozdania-finansowe-2021-1<\/a><a href=\"https:\/\/www.orlik.kudowa-zdroj.dolnyslask.pl\/wp-content\/uploads\/2022\/11\/Sprawozdania-finansowe-2021-1.pdf\" class=\"wp-block-file__button wp-element-button\" download aria-describedby=\"wp-block-file--media-024d0ed9-0178-4a0c-acef-a7ddf57e74cf\">Pobierz<\/a><\/div>\n\n\n\n<div class=\"wp-block-file\"><a id=\"wp-block-file--media-56023a16-8795-440e-a899-184fc23654fa\" href=\"https:\/\/www.orlik.kudowa-zdroj.dolnyslask.pl\/wp-content\/uploads\/2022\/11\/Sprawozdania-finansowe-2020-1.pdf\">Sprawozdania-finansowe-2020-1<\/a><a href=\"https:\/\/www.orlik.kudowa-zdroj.dolnyslask.pl\/wp-content\/uploads\/2022\/11\/Sprawozdania-finansowe-2020-1.pdf\" class=\"wp-block-file__button wp-element-button\" download aria-describedby=\"wp-block-file--media-56023a16-8795-440e-a899-184fc23654fa\">Pobierz<\/a><\/div>\n\n\n\n<div class=\"wp-block-file\"><a id=\"wp-block-file--media-e88e2c3a-866d-43d6-95aa-283bc9b1a32f\" href=\"https:\/\/www.orlik.kudowa-zdroj.dolnyslask.pl\/wp-content\/uploads\/2022\/11\/Sprawozdania-finansowe-2019-1.pdf\">Sprawozdania-finansowe-2019-1<\/a><a href=\"https:\/\/www.orlik.kudowa-zdroj.dolnyslask.pl\/wp-content\/uploads\/2022\/11\/Sprawozdania-finansowe-2019-1.pdf\" class=\"wp-block-file__button wp-element-button\" download aria-describedby=\"wp-block-file--media-e88e2c3a-866d-43d6-95aa-283bc9b1a32f\">Pobierz<\/a><\/div>\n\n\n\n<div class=\"wp-block-file wp-elements-90b7c71a4cf314aafaa8951438206a52\"><a id=\"wp-block-file--media-603e3838-ce3b-4d43-bd0f-1bda913917de\" href=\"https:\/\/www.orlik.kudowa-zdroj.dolnyslask.pl\/wp-content\/uploads\/2022\/11\/Sprawozdania-finansowe-2018-1.pdf\">Sprawozdania-finansowe-2018-1<\/a><a href=\"https:\/\/www.orlik.kudowa-zdroj.dolnyslask.pl\/wp-content\/uploads\/2022\/11\/Sprawozdania-finansowe-2018-1.pdf\" class=\"wp-block-file__button wp-element-button\" download aria-describedby=\"wp-block-file--media-603e3838-ce3b-4d43-bd0f-1bda913917de\">Pobierz<\/a><\/div>\n\n\n\n<p>Sprawozdanie finansowe za rok 2023 &#8211; komplet dok.<\/p>\n\n\n\n<div class=\"wp-block-file wp-elements-f2a9075e36053fdafe6d44d5b89ef5fa\"><a id=\"wp-block-file--media-2d2045ed-a1ec-4b89-8d67-a2d8cbeb8e39\" href=\"https:\/\/www.orlik.kudowa-zdroj.dolnyslask.pl\/wp-content\/uploads\/2024\/05\/Wyciag-z-inf_dod-ORLIK.pdf\">Wyciag-z-inf_dod-ORLIK<\/a><a href=\"https:\/\/www.orlik.kudowa-zdroj.dolnyslask.pl\/wp-content\/uploads\/2024\/05\/Wyciag-z-inf_dod-ORLIK.pdf\" class=\"wp-block-file__button wp-element-button\" download aria-describedby=\"wp-block-file--media-2d2045ed-a1ec-4b89-8d67-a2d8cbeb8e39\">Pobierz<\/a><\/div>\n\n\n\n<div class=\"wp-block-file wp-elements-2c3565bc488b999cf78610f74560f6b6\"><a id=\"wp-block-file--media-e69a2dd2-761a-4149-9b8c-fd72fcd9ab5b\" href=\"https:\/\/www.orlik.kudowa-zdroj.dolnyslask.pl\/wp-content\/uploads\/2024\/05\/Informacja-dodatkowa-jednostki-budzetowej-za-2023r-ORLIK.pdf\">Informacja-dodatkowa-jednostki-budzetowej-za-2023r-ORLIK<\/a><a href=\"https:\/\/www.orlik.kudowa-zdroj.dolnyslask.pl\/wp-content\/uploads\/2024\/05\/Informacja-dodatkowa-jednostki-budzetowej-za-2023r-ORLIK.pdf\" class=\"wp-block-file__button wp-element-button\" download aria-describedby=\"wp-block-file--media-e69a2dd2-761a-4149-9b8c-fd72fcd9ab5b\">Pobierz<\/a><\/div>\n\n\n\n<div class=\"wp-block-file wp-elements-62737e9d1cdd09f57b307cba58e41c6a\"><a id=\"wp-block-file--media-f2a88923-dd2e-49bf-92de-f004caf62180\" href=\"https:\/\/www.orlik.kudowa-zdroj.dolnyslask.pl\/wp-content\/uploads\/2024\/05\/Bilans-2023-ORLIK.pdf\">Bilans-2023-ORLIK<\/a><a href=\"https:\/\/www.orlik.kudowa-zdroj.dolnyslask.pl\/wp-content\/uploads\/2024\/05\/Bilans-2023-ORLIK.pdf\" class=\"wp-block-file__button wp-element-button\" download aria-describedby=\"wp-block-file--media-f2a88923-dd2e-49bf-92de-f004caf62180\">Pobierz<\/a><\/div>\n\n\n\n<div class=\"wp-block-file wp-elements-ba8096bb1c8898d0b701460bee40b5d5\"><a id=\"wp-block-file--media-460ebbbf-222d-47a1-a5d1-e59b59693ae8\" href=\"https:\/\/www.orlik.kudowa-zdroj.dolnyslask.pl\/wp-content\/uploads\/2024\/05\/RZiS-2023-ORLIK.pdf\">RZiS-2023-ORLIK<\/a><a href=\"https:\/\/www.orlik.kudowa-zdroj.dolnyslask.pl\/wp-content\/uploads\/2024\/05\/RZiS-2023-ORLIK.pdf\" class=\"wp-block-file__button wp-element-button\" download aria-describedby=\"wp-block-file--media-460ebbbf-222d-47a1-a5d1-e59b59693ae8\">Pobierz<\/a><\/div>\n\n\n\n<div class=\"wp-block-file wp-elements-048ccce2a0aa51c45431a77ad8e082af\"><a id=\"wp-block-file--media-3ff3e6f2-2c4b-4ce6-8e7a-d46bb2321e83\" href=\"https:\/\/www.orlik.kudowa-zdroj.dolnyslask.pl\/wp-content\/uploads\/2024\/05\/ZZF-KOREKTA-2023-ORLIK.pdf\">ZZF-KOREKTA-2023-ORLIK<\/a><a href=\"https:\/\/www.orlik.kudowa-zdroj.dolnyslask.pl\/wp-content\/uploads\/2024\/05\/ZZF-KOREKTA-2023-ORLIK.pdf\" class=\"wp-block-file__button wp-element-button\" download aria-describedby=\"wp-block-file--media-3ff3e6f2-2c4b-4ce6-8e7a-d46bb2321e83\">Pobierz<\/a><\/div>\n","protected":false},"excerpt":{"rendered":"<p>DANE KONTAKTOWE Kontakt:Dolno\u015bl\u0105ska Szko\u0142a Podstawowa Specjalna Nr 4przy Szpitalu Rehabilitacyjnym Hematologicznym \u201cOrlik\u201dul. Bukowina 1 , 57-350 Kudowa Zdr\u00f3jtel\/fax 74 8666126 , email sekretariat@poczta.onet.pl Elektroniczna skrytka podawcza na ePUAP:\/DSPSOrlik\/SkrytkaESP Dyr. Szko\u0142y \u2013 mgr Katarzyna Szpanier dyrektor@edu.dolnyslask.pl G\u0142\u00f3wny ksi\u0119gowy \u2013 Iwona Samsonowicz-Smole\u0144ska Ksiegowosc-orlik@edu.dolnyslask.pl Sekretarz Szko\u0142y \u2013 Ilona Solarz Sekretariat-orlik@edu.dolnyslask.pl Inspektor ochrony danych \u2013 Janusz Engel enjanusz@o2.pl tel. [&hellip;]<\/p>\n","protected":false},"author":3,"featured_media":824,"parent":0,"menu_order":0,"comment_status":"closed","ping_status":"closed","template":"","meta":{"footnotes":""},"class_list":["post-817","page","type-page","status-publish","has-post-thumbnail","hentry"],"_links":{"self":[{"href":"https:\/\/www.orlik.kudowa-zdroj.dolnyslask.pl\/index.php\/wp-json\/wp\/v2\/pages\/817","targetHints":{"allow":["GET"]}}],"collection":[{"href":"https:\/\/www.orlik.kudowa-zdroj.dolnyslask.pl\/index.php\/wp-json\/wp\/v2\/pages"}],"about":[{"href":"https:\/\/www.orlik.kudowa-zdroj.dolnyslask.pl\/index.php\/wp-json\/wp\/v2\/types\/page"}],"author":[{"embeddable":true,"href":"https:\/\/www.orlik.kudowa-zdroj.dolnyslask.pl\/index.php\/wp-json\/wp\/v2\/users\/3"}],"replies":[{"embeddable":true,"href":"https:\/\/www.orlik.kudowa-zdroj.dolnyslask.pl\/index.php\/wp-json\/wp\/v2\/comments?post=817"}],"version-history":[{"count":23,"href":"https:\/\/www.orlik.kudowa-zdroj.dolnyslask.pl\/index.php\/wp-json\/wp\/v2\/pages\/817\/revisions"}],"predecessor-version":[{"id":4814,"href":"https:\/\/www.orlik.kudowa-zdroj.dolnyslask.pl\/index.php\/wp-json\/wp\/v2\/pages\/817\/revisions\/4814"}],"wp:featuredmedia":[{"embeddable":true,"href":"https:\/\/www.orlik.kudowa-zdroj.dolnyslask.pl\/index.php\/wp-json\/wp\/v2\/media\/824"}],"wp:attachment":[{"href":"https:\/\/www.orlik.kudowa-zdroj.dolnyslask.pl\/index.php\/wp-json\/wp\/v2\/media?parent=817"}],"curies":[{"name":"wp","href":"https:\/\/api.w.org\/{rel}","templated":true}]}}