{"id":4628,"date":"2025-05-20T14:08:12","date_gmt":"2025-05-20T12:08:12","guid":{"rendered":"https:\/\/www.orlik.kudowa-zdroj.dolnyslask.pl\/?page_id=4628"},"modified":"2025-06-16T11:54:52","modified_gmt":"2025-06-16T09:54:52","slug":"logo-szkoly-konkurs","status":"publish","type":"page","link":"https:\/\/www.orlik.kudowa-zdroj.dolnyslask.pl\/index.php\/logo-szkoly-konkurs\/","title":{"rendered":"LOGO SZKO\u0141Y &#8211; konkurs"},"content":{"rendered":"\n<p class=\"has-text-align-center has-ternary-color has-text-color has-link-color wp-elements-388355cade97ff24c45790025151e1e1\">Jesieni\u0105 2024r. zosta\u0142 og\u0142oszony konkurs<\/p>\n\n\n\n<p class=\"has-text-align-center has-ternary-color has-text-color has-link-color wp-elements-45ed7356527a0754d0fcb6150bbc502e\">dla student\u00f3w II roku Akademii Sztuk Pi\u0119knych we Wroc\u0142awiu<\/p>\n\n\n\n<p class=\"has-text-align-center has-ternary-color has-text-color has-link-color wp-elements-e50d2a73206fb8e263720cd5b8393c49\">na LOGO dla naszej Orlikowej Szko\u0142y.<br>Do konkursu przyst\u0105pi\u0142o 19 student\u00f3w.<\/p>\n\n\n\n<p class=\"has-text-align-center has-ternary-color has-text-color has-link-color wp-elements-1c91ab6e90810d073c5632a1bc0e1564\">Wystawa przedstawia wszystkie propozycje i projekty.<br>Komisja wy\u0142oni\u0142a zwyci\u0119sk\u0105 prac\u0119, sugeruj\u0105c si\u0119 oryginalno\u015bci\u0105,<\/p>\n\n\n\n<p class=\"has-text-align-center has-ternary-color has-text-color has-link-color wp-elements-ef7da39be7f594d4f2482c30e85d9384\">czytelnym przekazem oraz funkcjonalno\u015bci\u0105 znaku.<br>Laureatem zosta\u0142a Pani Martyna Ko\u017cuszko.<br>Komisja wyr\u00f3\u017cni\u0142a r\u00f3wnie\u017c trzy projekty<\/p>\n\n\n\n<p class=\"has-text-align-center has-ternary-color has-text-color has-link-color wp-elements-0eb08c80f4beaebbc8a430057963d035\">nale\u017c\u0105ce do<\/p>\n\n\n\n<p class=\"has-text-align-center has-ternary-color has-text-color has-link-color wp-elements-cabe1ccebb93ef835a88236c1c5eb485\">Pani Hanny Gw\u00f3\u017ad\u017a, Pani Natalii Kujawy i Pani Zuzanny Lewandowskiej.<\/p>\n\n\n\n<p class=\"has-text-align-center has-ternary-color has-text-color has-link-color wp-elements-e272f5a491b60cd68de7513b5a5d446b\">\u017byczymy przyjemnego ogl\u0105dania\u2026<\/p>\n\n\n\n<figure class=\"wp-block-gallery has-nested-images columns-default is-cropped wp-block-gallery-1 is-layout-flex wp-block-gallery-is-layout-flex\">\n<figure class=\"wp-block-image size-large\"><img loading=\"lazy\" decoding=\"async\" width=\"1024\" height=\"768\" data-id=\"4643\" src=\"https:\/\/www.orlik.kudowa-zdroj.dolnyslask.pl\/wp-content\/uploads\/2025\/05\/1000091394-1024x768.jpg\" alt=\"\" class=\"wp-image-4643\" srcset=\"https:\/\/www.orlik.kudowa-zdroj.dolnyslask.pl\/wp-content\/uploads\/2025\/05\/1000091394-1024x768.jpg 1024w, https:\/\/www.orlik.kudowa-zdroj.dolnyslask.pl\/wp-content\/uploads\/2025\/05\/1000091394-300x225.jpg 300w, https:\/\/www.orlik.kudowa-zdroj.dolnyslask.pl\/wp-content\/uploads\/2025\/05\/1000091394-768x576.jpg 768w, https:\/\/www.orlik.kudowa-zdroj.dolnyslask.pl\/wp-content\/uploads\/2025\/05\/1000091394-1536x1152.jpg 1536w, https:\/\/www.orlik.kudowa-zdroj.dolnyslask.pl\/wp-content\/uploads\/2025\/05\/1000091394-2048x1536.jpg 2048w\" sizes=\"auto, (max-width: 1024px) 100vw, 1024px\" \/><\/figure>\n\n\n\n<figure class=\"wp-block-image size-large\"><img loading=\"lazy\" decoding=\"async\" width=\"768\" height=\"1024\" data-id=\"4634\" src=\"https:\/\/www.orlik.kudowa-zdroj.dolnyslask.pl\/wp-content\/uploads\/2025\/05\/1000091393-768x1024.jpg\" alt=\"\" class=\"wp-image-4634\" srcset=\"https:\/\/www.orlik.kudowa-zdroj.dolnyslask.pl\/wp-content\/uploads\/2025\/05\/1000091393-768x1024.jpg 768w, https:\/\/www.orlik.kudowa-zdroj.dolnyslask.pl\/wp-content\/uploads\/2025\/05\/1000091393-225x300.jpg 225w, https:\/\/www.orlik.kudowa-zdroj.dolnyslask.pl\/wp-content\/uploads\/2025\/05\/1000091393-1152x1536.jpg 1152w, https:\/\/www.orlik.kudowa-zdroj.dolnyslask.pl\/wp-content\/uploads\/2025\/05\/1000091393-1536x2048.jpg 1536w, https:\/\/www.orlik.kudowa-zdroj.dolnyslask.pl\/wp-content\/uploads\/2025\/05\/1000091393-scaled.jpg 1920w\" sizes=\"auto, (max-width: 768px) 100vw, 768px\" \/><\/figure>\n\n\n\n<figure class=\"wp-block-image size-large\"><img loading=\"lazy\" decoding=\"async\" width=\"768\" height=\"1024\" data-id=\"4640\" src=\"https:\/\/www.orlik.kudowa-zdroj.dolnyslask.pl\/wp-content\/uploads\/2025\/05\/1000091391-768x1024.jpg\" alt=\"\" class=\"wp-image-4640\" srcset=\"https:\/\/www.orlik.kudowa-zdroj.dolnyslask.pl\/wp-content\/uploads\/2025\/05\/1000091391-768x1024.jpg 768w, https:\/\/www.orlik.kudowa-zdroj.dolnyslask.pl\/wp-content\/uploads\/2025\/05\/1000091391-225x300.jpg 225w, https:\/\/www.orlik.kudowa-zdroj.dolnyslask.pl\/wp-content\/uploads\/2025\/05\/1000091391-1152x1536.jpg 1152w, https:\/\/www.orlik.kudowa-zdroj.dolnyslask.pl\/wp-content\/uploads\/2025\/05\/1000091391-1536x2048.jpg 1536w, https:\/\/www.orlik.kudowa-zdroj.dolnyslask.pl\/wp-content\/uploads\/2025\/05\/1000091391-scaled.jpg 1920w\" sizes=\"auto, (max-width: 768px) 100vw, 768px\" \/><\/figure>\n\n\n\n<figure class=\"wp-block-image size-large\"><img loading=\"lazy\" decoding=\"async\" width=\"768\" height=\"1024\" data-id=\"4637\" src=\"https:\/\/www.orlik.kudowa-zdroj.dolnyslask.pl\/wp-content\/uploads\/2025\/05\/1000091392-768x1024.jpg\" alt=\"\" class=\"wp-image-4637\" srcset=\"https:\/\/www.orlik.kudowa-zdroj.dolnyslask.pl\/wp-content\/uploads\/2025\/05\/1000091392-768x1024.jpg 768w, https:\/\/www.orlik.kudowa-zdroj.dolnyslask.pl\/wp-content\/uploads\/2025\/05\/1000091392-225x300.jpg 225w, https:\/\/www.orlik.kudowa-zdroj.dolnyslask.pl\/wp-content\/uploads\/2025\/05\/1000091392-1152x1536.jpg 1152w, https:\/\/www.orlik.kudowa-zdroj.dolnyslask.pl\/wp-content\/uploads\/2025\/05\/1000091392-1536x2048.jpg 1536w, https:\/\/www.orlik.kudowa-zdroj.dolnyslask.pl\/wp-content\/uploads\/2025\/05\/1000091392-scaled.jpg 1920w\" sizes=\"auto, (max-width: 768px) 100vw, 768px\" \/><\/figure>\n\n\n\n<figure class=\"wp-block-image size-large\"><img loading=\"lazy\" decoding=\"async\" width=\"1024\" height=\"768\" data-id=\"4631\" src=\"https:\/\/www.orlik.kudowa-zdroj.dolnyslask.pl\/wp-content\/uploads\/2025\/05\/1000091395-1024x768.jpg\" alt=\"\" class=\"wp-image-4631\" srcset=\"https:\/\/www.orlik.kudowa-zdroj.dolnyslask.pl\/wp-content\/uploads\/2025\/05\/1000091395-1024x768.jpg 1024w, https:\/\/www.orlik.kudowa-zdroj.dolnyslask.pl\/wp-content\/uploads\/2025\/05\/1000091395-300x225.jpg 300w, https:\/\/www.orlik.kudowa-zdroj.dolnyslask.pl\/wp-content\/uploads\/2025\/05\/1000091395-768x576.jpg 768w, https:\/\/www.orlik.kudowa-zdroj.dolnyslask.pl\/wp-content\/uploads\/2025\/05\/1000091395-1536x1152.jpg 1536w, https:\/\/www.orlik.kudowa-zdroj.dolnyslask.pl\/wp-content\/uploads\/2025\/05\/1000091395-2048x1536.jpg 2048w\" sizes=\"auto, (max-width: 1024px) 100vw, 1024px\" \/><\/figure>\n<\/figure>\n","protected":false},"excerpt":{"rendered":"<p>Jesieni\u0105 2024r. zosta\u0142 og\u0142oszony konkurs dla student\u00f3w II roku Akademii Sztuk Pi\u0119knych we Wroc\u0142awiu na LOGO dla naszej Orlikowej Szko\u0142y.Do konkursu przyst\u0105pi\u0142o 19 student\u00f3w. Wystawa przedstawia wszystkie propozycje i projekty.Komisja wy\u0142oni\u0142a zwyci\u0119sk\u0105 prac\u0119, sugeruj\u0105c si\u0119 oryginalno\u015bci\u0105, czytelnym przekazem oraz funkcjonalno\u015bci\u0105 znaku.Laureatem zosta\u0142a Pani Martyna Ko\u017cuszko.Komisja wyr\u00f3\u017cni\u0142a r\u00f3wnie\u017c trzy projekty nale\u017c\u0105ce do Pani Hanny Gw\u00f3\u017ad\u017a, Pani [&hellip;]<\/p>\n","protected":false},"author":3,"featured_media":0,"parent":0,"menu_order":0,"comment_status":"closed","ping_status":"closed","template":"","meta":{"footnotes":""},"class_list":["post-4628","page","type-page","status-publish","hentry"],"_links":{"self":[{"href":"https:\/\/www.orlik.kudowa-zdroj.dolnyslask.pl\/index.php\/wp-json\/wp\/v2\/pages\/4628","targetHints":{"allow":["GET"]}}],"collection":[{"href":"https:\/\/www.orlik.kudowa-zdroj.dolnyslask.pl\/index.php\/wp-json\/wp\/v2\/pages"}],"about":[{"href":"https:\/\/www.orlik.kudowa-zdroj.dolnyslask.pl\/index.php\/wp-json\/wp\/v2\/types\/page"}],"author":[{"embeddable":true,"href":"https:\/\/www.orlik.kudowa-zdroj.dolnyslask.pl\/index.php\/wp-json\/wp\/v2\/users\/3"}],"replies":[{"embeddable":true,"href":"https:\/\/www.orlik.kudowa-zdroj.dolnyslask.pl\/index.php\/wp-json\/wp\/v2\/comments?post=4628"}],"version-history":[{"count":2,"href":"https:\/\/www.orlik.kudowa-zdroj.dolnyslask.pl\/index.php\/wp-json\/wp\/v2\/pages\/4628\/revisions"}],"predecessor-version":[{"id":4757,"href":"https:\/\/www.orlik.kudowa-zdroj.dolnyslask.pl\/index.php\/wp-json\/wp\/v2\/pages\/4628\/revisions\/4757"}],"wp:attachment":[{"href":"https:\/\/www.orlik.kudowa-zdroj.dolnyslask.pl\/index.php\/wp-json\/wp\/v2\/media?parent=4628"}],"curies":[{"name":"wp","href":"https:\/\/api.w.org\/{rel}","templated":true}]}}