{"id":4604,"date":"2025-05-20T13:26:40","date_gmt":"2025-05-20T11:26:40","guid":{"rendered":"https:\/\/www.orlik.kudowa-zdroj.dolnyslask.pl\/?page_id=4604"},"modified":"2025-06-02T10:36:48","modified_gmt":"2025-06-02T08:36:48","slug":"konferencja-2025","status":"publish","type":"page","link":"https:\/\/www.orlik.kudowa-zdroj.dolnyslask.pl\/index.php\/konferencja-2025\/","title":{"rendered":"KONFERENCJA 2025"},"content":{"rendered":"\n<p class=\"has-large-font-size\"><strong>Wady postawy u dzieci i m\u0142odzie\u017cy, jak zapobiega\u0107 i leczy\u0107, Rola szko\u0142y w profilaktyce i rehabilitacji.<\/strong><\/p>\n\n\n\n<p>W czwartek 29.05.2025r. w naszej szkole odby\u0142a si\u0119 konferencja dla Dyrektor\u00f3w Szk\u00f3\u0142 i Plac\u00f3wek Samorz\u0105du Wojew\u00f3dztwa Dolno\u015bl\u0105skiego organizowana przez <a href=\"https:\/\/www.facebook.com\/profile.php?id=100057545764990&amp;__cft__[0]=AZWyP1klfbeTBgxK6gg0c4DqBiF4IZxnTXbXTL8vvJza2Yroy0UwrSgd4pu-tGl3fjQtCK_KpPvLTZmnMAG6j9xgCXgJfT9qCtn1SLplwtQuP1_E4ThH4VjryEXVfFjTKfxaMq1c_w6l-pM9LBrFMQGQ2qCWk7_I9sOn7sLyvg5LBDbU1-a_IYq0blFlzSQpkrqKcM5ROCmSZ9f6pNJ03sXB&amp;__tn__=-]K-R\">Dolno\u015bl\u0105ska Szko\u0142a Podstawowa nr 4 Orlik w Kudowie Zdr\u00f3j<\/a> na temat &#8222;Wady postawy u dzieci i m\u0142odzie\u017cy; jak zapobiega\u0107 i leczy\u0107. Rola szko\u0142y w profilaktyce i rehabilitacji.&#8221; Przybyli go\u015bcie mieli okazj\u0119 m.in. wys\u0142ucha\u0107 prezentacji naszej szko\u0142y i szpitala <a href=\"https:\/\/www.facebook.com\/profile.php?id=100063646176473&amp;__cft__[0]=AZWyP1klfbeTBgxK6gg0c4DqBiF4IZxnTXbXTL8vvJza2Yroy0UwrSgd4pu-tGl3fjQtCK_KpPvLTZmnMAG6j9xgCXgJfT9qCtn1SLplwtQuP1_E4ThH4VjryEXVfFjTKfxaMq1c_w6l-pM9LBrFMQGQ2qCWk7_I9sOn7sLyvg5LBDbU1-a_IYq0blFlzSQpkrqKcM5ROCmSZ9f6pNJ03sXB&amp;__tn__=-]K-R\">Szpital Rehabilitacyjny Hematologiczny dla Dzieci &#8222;Orlik&#8221;<\/a> . Jest nam niezmiernie mi\u0142o, \u017ce Marsza\u0142ek Wojew\u00f3dztwa Dolno\u015bl\u0105skiego Pan Pawe\u0142 Gancarz obj\u0105\u0142 swoim patronatem nasze wydarzenie &#8211; to dla nas bardzo wa\u017cne.<\/p>\n\n\n\n<figure class=\"wp-block-gallery has-nested-images columns-default is-cropped wp-block-gallery-1 is-layout-flex wp-block-gallery-is-layout-flex\">\n<figure class=\"wp-block-image size-large\"><img loading=\"lazy\" decoding=\"async\" width=\"768\" height=\"1024\" data-id=\"4661\" src=\"https:\/\/www.orlik.kudowa-zdroj.dolnyslask.pl\/wp-content\/uploads\/2025\/06\/IMG-20250529-WA0010-768x1024.jpg\" alt=\"\" class=\"wp-image-4661\" srcset=\"https:\/\/www.orlik.kudowa-zdroj.dolnyslask.pl\/wp-content\/uploads\/2025\/06\/IMG-20250529-WA0010-768x1024.jpg 768w, https:\/\/www.orlik.kudowa-zdroj.dolnyslask.pl\/wp-content\/uploads\/2025\/06\/IMG-20250529-WA0010-225x300.jpg 225w, https:\/\/www.orlik.kudowa-zdroj.dolnyslask.pl\/wp-content\/uploads\/2025\/06\/IMG-20250529-WA0010-1152x1536.jpg 1152w, https:\/\/www.orlik.kudowa-zdroj.dolnyslask.pl\/wp-content\/uploads\/2025\/06\/IMG-20250529-WA0010.jpg 1536w\" sizes=\"auto, (max-width: 768px) 100vw, 768px\" \/><\/figure>\n\n\n\n<figure class=\"wp-block-image size-large\"><img loading=\"lazy\" decoding=\"async\" width=\"768\" height=\"1024\" data-id=\"4667\" src=\"https:\/\/www.orlik.kudowa-zdroj.dolnyslask.pl\/wp-content\/uploads\/2025\/06\/IMG-20250529-WA0016-768x1024.jpg\" alt=\"\" class=\"wp-image-4667\" srcset=\"https:\/\/www.orlik.kudowa-zdroj.dolnyslask.pl\/wp-content\/uploads\/2025\/06\/IMG-20250529-WA0016-768x1024.jpg 768w, https:\/\/www.orlik.kudowa-zdroj.dolnyslask.pl\/wp-content\/uploads\/2025\/06\/IMG-20250529-WA0016-225x300.jpg 225w, https:\/\/www.orlik.kudowa-zdroj.dolnyslask.pl\/wp-content\/uploads\/2025\/06\/IMG-20250529-WA0016-1152x1536.jpg 1152w, https:\/\/www.orlik.kudowa-zdroj.dolnyslask.pl\/wp-content\/uploads\/2025\/06\/IMG-20250529-WA0016.jpg 1536w\" sizes=\"auto, (max-width: 768px) 100vw, 768px\" \/><\/figure>\n\n\n\n<figure class=\"wp-block-image size-large\"><img loading=\"lazy\" decoding=\"async\" width=\"768\" height=\"1024\" data-id=\"4670\" src=\"https:\/\/www.orlik.kudowa-zdroj.dolnyslask.pl\/wp-content\/uploads\/2025\/06\/IMG-20250529-WA0027-768x1024.jpg\" alt=\"\" class=\"wp-image-4670\" srcset=\"https:\/\/www.orlik.kudowa-zdroj.dolnyslask.pl\/wp-content\/uploads\/2025\/06\/IMG-20250529-WA0027-768x1024.jpg 768w, https:\/\/www.orlik.kudowa-zdroj.dolnyslask.pl\/wp-content\/uploads\/2025\/06\/IMG-20250529-WA0027-225x300.jpg 225w, https:\/\/www.orlik.kudowa-zdroj.dolnyslask.pl\/wp-content\/uploads\/2025\/06\/IMG-20250529-WA0027-1152x1536.jpg 1152w, https:\/\/www.orlik.kudowa-zdroj.dolnyslask.pl\/wp-content\/uploads\/2025\/06\/IMG-20250529-WA0027.jpg 1536w\" sizes=\"auto, (max-width: 768px) 100vw, 768px\" \/><\/figure>\n\n\n\n<figure class=\"wp-block-image size-large\"><img loading=\"lazy\" decoding=\"async\" width=\"768\" height=\"1024\" data-id=\"4673\" src=\"https:\/\/www.orlik.kudowa-zdroj.dolnyslask.pl\/wp-content\/uploads\/2025\/06\/IMG-20250529-WA0021-768x1024.jpg\" alt=\"\" class=\"wp-image-4673\" srcset=\"https:\/\/www.orlik.kudowa-zdroj.dolnyslask.pl\/wp-content\/uploads\/2025\/06\/IMG-20250529-WA0021-768x1024.jpg 768w, https:\/\/www.orlik.kudowa-zdroj.dolnyslask.pl\/wp-content\/uploads\/2025\/06\/IMG-20250529-WA0021-225x300.jpg 225w, https:\/\/www.orlik.kudowa-zdroj.dolnyslask.pl\/wp-content\/uploads\/2025\/06\/IMG-20250529-WA0021-1152x1536.jpg 1152w, https:\/\/www.orlik.kudowa-zdroj.dolnyslask.pl\/wp-content\/uploads\/2025\/06\/IMG-20250529-WA0021.jpg 1536w\" sizes=\"auto, (max-width: 768px) 100vw, 768px\" \/><\/figure>\n\n\n\n<figure class=\"wp-block-image size-large\"><img loading=\"lazy\" decoding=\"async\" width=\"768\" height=\"1024\" data-id=\"4664\" src=\"https:\/\/www.orlik.kudowa-zdroj.dolnyslask.pl\/wp-content\/uploads\/2025\/06\/IMG-20250529-WA0026-768x1024.jpg\" alt=\"\" class=\"wp-image-4664\" srcset=\"https:\/\/www.orlik.kudowa-zdroj.dolnyslask.pl\/wp-content\/uploads\/2025\/06\/IMG-20250529-WA0026-768x1024.jpg 768w, https:\/\/www.orlik.kudowa-zdroj.dolnyslask.pl\/wp-content\/uploads\/2025\/06\/IMG-20250529-WA0026-225x300.jpg 225w, https:\/\/www.orlik.kudowa-zdroj.dolnyslask.pl\/wp-content\/uploads\/2025\/06\/IMG-20250529-WA0026-1152x1536.jpg 1152w, https:\/\/www.orlik.kudowa-zdroj.dolnyslask.pl\/wp-content\/uploads\/2025\/06\/IMG-20250529-WA0026.jpg 1536w\" sizes=\"auto, (max-width: 768px) 100vw, 768px\" \/><\/figure>\n\n\n\n<figure class=\"wp-block-image size-large\"><img loading=\"lazy\" decoding=\"async\" width=\"768\" height=\"1024\" data-id=\"4676\" src=\"https:\/\/www.orlik.kudowa-zdroj.dolnyslask.pl\/wp-content\/uploads\/2025\/06\/IMG-20250529-WA0037-768x1024.jpg\" alt=\"\" class=\"wp-image-4676\" srcset=\"https:\/\/www.orlik.kudowa-zdroj.dolnyslask.pl\/wp-content\/uploads\/2025\/06\/IMG-20250529-WA0037-768x1024.jpg 768w, https:\/\/www.orlik.kudowa-zdroj.dolnyslask.pl\/wp-content\/uploads\/2025\/06\/IMG-20250529-WA0037-225x300.jpg 225w, https:\/\/www.orlik.kudowa-zdroj.dolnyslask.pl\/wp-content\/uploads\/2025\/06\/IMG-20250529-WA0037-1152x1536.jpg 1152w, https:\/\/www.orlik.kudowa-zdroj.dolnyslask.pl\/wp-content\/uploads\/2025\/06\/IMG-20250529-WA0037.jpg 1536w\" sizes=\"auto, (max-width: 768px) 100vw, 768px\" \/><\/figure>\n<\/figure>\n\n\n\n<div data-wp-interactive=\"core\/file\" class=\"wp-block-file\"><object data-wp-bind--hidden=\"!state.hasPdfPreview\" hidden class=\"wp-block-file__embed\" data=\"https:\/\/www.orlik.kudowa-zdroj.dolnyslask.pl\/wp-content\/uploads\/2025\/05\/logotyp_patronat_marszalka_pion-gancarz.pdf\" type=\"application\/pdf\" style=\"width:100%;height:600px\" aria-label=\"Osadzone z logotyp_patronat_marszalka_pion-gancarz.\"><\/object><a id=\"wp-block-file--media-354e1881-947a-418c-b7a8-0804e003aee6\" href=\"https:\/\/www.orlik.kudowa-zdroj.dolnyslask.pl\/wp-content\/uploads\/2025\/05\/logotyp_patronat_marszalka_pion-gancarz.pdf\">logotyp_patronat_marszalka_pion-gancarz<\/a><a href=\"https:\/\/www.orlik.kudowa-zdroj.dolnyslask.pl\/wp-content\/uploads\/2025\/05\/logotyp_patronat_marszalka_pion-gancarz.pdf\" class=\"wp-block-file__button wp-element-button\" download aria-describedby=\"wp-block-file--media-354e1881-947a-418c-b7a8-0804e003aee6\">Pobierz<\/a><\/div>\n\n\n\n<div data-wp-interactive=\"core\/file\" class=\"wp-block-file\"><object data-wp-bind--hidden=\"!state.hasPdfPreview\" hidden class=\"wp-block-file__embed\" data=\"https:\/\/www.orlik.kudowa-zdroj.dolnyslask.pl\/wp-content\/uploads\/2025\/05\/patronat.pdf\" type=\"application\/pdf\" style=\"width:100%;height:600px\" aria-label=\"Osadzone z patronat.\"><\/object><a id=\"wp-block-file--media-bf5a7ccb-5f40-464b-ba55-1808871d184a\" href=\"https:\/\/www.orlik.kudowa-zdroj.dolnyslask.pl\/wp-content\/uploads\/2025\/05\/patronat.pdf\">patronat<\/a><a href=\"https:\/\/www.orlik.kudowa-zdroj.dolnyslask.pl\/wp-content\/uploads\/2025\/05\/patronat.pdf\" class=\"wp-block-file__button wp-element-button\" download aria-describedby=\"wp-block-file--media-bf5a7ccb-5f40-464b-ba55-1808871d184a\">Pobierz<\/a><\/div>\n","protected":false},"excerpt":{"rendered":"<p>Wady postawy u dzieci i m\u0142odzie\u017cy, jak zapobiega\u0107 i leczy\u0107, Rola szko\u0142y w profilaktyce i rehabilitacji. W czwartek 29.05.2025r. w naszej szkole odby\u0142a si\u0119 konferencja dla Dyrektor\u00f3w Szk\u00f3\u0142 i Plac\u00f3wek Samorz\u0105du Wojew\u00f3dztwa Dolno\u015bl\u0105skiego organizowana przez Dolno\u015bl\u0105ska Szko\u0142a Podstawowa nr 4 Orlik w Kudowie Zdr\u00f3j na temat &#8222;Wady postawy u dzieci i m\u0142odzie\u017cy; jak zapobiega\u0107 i [&hellip;]<\/p>\n","protected":false},"author":3,"featured_media":0,"parent":0,"menu_order":0,"comment_status":"closed","ping_status":"closed","template":"","meta":{"footnotes":""},"class_list":["post-4604","page","type-page","status-publish","hentry"],"_links":{"self":[{"href":"https:\/\/www.orlik.kudowa-zdroj.dolnyslask.pl\/index.php\/wp-json\/wp\/v2\/pages\/4604","targetHints":{"allow":["GET"]}}],"collection":[{"href":"https:\/\/www.orlik.kudowa-zdroj.dolnyslask.pl\/index.php\/wp-json\/wp\/v2\/pages"}],"about":[{"href":"https:\/\/www.orlik.kudowa-zdroj.dolnyslask.pl\/index.php\/wp-json\/wp\/v2\/types\/page"}],"author":[{"embeddable":true,"href":"https:\/\/www.orlik.kudowa-zdroj.dolnyslask.pl\/index.php\/wp-json\/wp\/v2\/users\/3"}],"replies":[{"embeddable":true,"href":"https:\/\/www.orlik.kudowa-zdroj.dolnyslask.pl\/index.php\/wp-json\/wp\/v2\/comments?post=4604"}],"version-history":[{"count":2,"href":"https:\/\/www.orlik.kudowa-zdroj.dolnyslask.pl\/index.php\/wp-json\/wp\/v2\/pages\/4604\/revisions"}],"predecessor-version":[{"id":4682,"href":"https:\/\/www.orlik.kudowa-zdroj.dolnyslask.pl\/index.php\/wp-json\/wp\/v2\/pages\/4604\/revisions\/4682"}],"wp:attachment":[{"href":"https:\/\/www.orlik.kudowa-zdroj.dolnyslask.pl\/index.php\/wp-json\/wp\/v2\/media?parent=4604"}],"curies":[{"name":"wp","href":"https:\/\/api.w.org\/{rel}","templated":true}]}}