{"id":448,"date":"2021-08-20T14:34:44","date_gmt":"2021-08-20T12:34:44","guid":{"rendered":"http:\/\/www.orlik.kudowa-zdroj.dolnyslask.pl\/?page_id=448"},"modified":"2023-07-14T11:27:32","modified_gmt":"2023-07-14T09:27:32","slug":"wiosna-ach-to-ty","status":"publish","type":"page","link":"https:\/\/www.orlik.kudowa-zdroj.dolnyslask.pl\/index.php\/wiosna-ach-to-ty\/","title":{"rendered":"&#8222;WIOSNA ACH TO TY&#8221;"},"content":{"rendered":"\n<p><a><strong>SCENARIUSZ ZAJ\u0118\u0106 WYCHOWAWCZO \u2013 OPIEKU\u0143CZYCH<\/strong><\/a><\/p>\n\n\n\n<p><strong>Z<\/strong> <strong>WYKORZYSTANIEM<\/strong> <strong>TABLICY INTERAKTYWNEJ<\/strong> <strong>&nbsp;&nbsp;&nbsp;&nbsp;DLA GRUPY III<\/strong><\/p>\n\n\n\n<p><strong>Marzec 2021<\/strong><\/p>\n\n\n\n<p><strong>DATA PRZEPROWADZONYCH ZAJ\u0118\u0106:<\/strong>&nbsp;19.03.2021r.<\/p>\n\n\n\n<p><strong>MIEJSCE:<\/strong>&nbsp;Dolno\u015bl\u0105ska Szko\u0142a Podstawowa Specjalna nr 4 przy Szpitalu Rehabilitacyjnym Hematologicznym \u201eOrlik\u201d<\/p>\n\n\n\n<p><strong>PROWADZ\u0104CA:<\/strong>&nbsp;mgr Justyna B\u0105k<\/p>\n\n\n\n<p><strong>TEMAT:<\/strong>&nbsp;\u201eWiosna ach to Ty\u201d \u2013 zabawy z wykorzystaniem tablicy interaktywnej.<\/p>\n\n\n\n<p><strong>CZAS TRWANIA ZAJ\u0118\u0106:<\/strong>&nbsp;45 minut<\/p>\n\n\n\n<p><strong>Cele og\u00f3lne:<\/strong><\/p>\n\n\n\n<p>\u00b7&nbsp;&nbsp;&nbsp;&nbsp;&nbsp;&nbsp;&nbsp;&nbsp;&nbsp;Rozbudzenie wra\u017cliwo\u015bci na pi\u0119kno otaczaj\u0105cej nas przyrody oraz zwierz\u0105t \u017cyj\u0105cych w tym \u015brodowisku.<\/p>\n\n\n\n<p>\u00b7&nbsp;&nbsp;&nbsp;&nbsp;&nbsp;&nbsp;&nbsp;&nbsp;&nbsp;Wytworzenie pozytywnych relacji pomi\u0119dzy dzie\u0107mi, podkre\u015blenie warto\u015bci szacunku i \u017cyczliwo\u015bci wzgl\u0119dem koleg\u00f3w i kole\u017canek.<\/p>\n\n\n\n<p>\u00b7&nbsp;&nbsp;&nbsp;&nbsp;&nbsp;&nbsp;&nbsp;&nbsp;&nbsp;Rozwijanie umiej\u0119tno\u015bci wsp\u00f3\u0142pracy z innymi dzie\u0107mi.<\/p>\n\n\n\n<p><strong>Cele szczeg\u00f3\u0142owe:<\/strong><\/p>\n\n\n\n<p>Dziecko:<\/p>\n\n\n\n<p>\u00b7&nbsp;&nbsp;&nbsp;&nbsp;&nbsp;&nbsp;&nbsp;&nbsp;&nbsp;Jest w stanie wymieni\u0107 gatunki ro\u015blin pojawiaj\u0105cych si\u0119 wraz ze zmian\u0105 pory roku.<\/p>\n\n\n\n<p>\u00b7&nbsp;&nbsp;&nbsp;&nbsp;&nbsp;&nbsp;&nbsp;&nbsp;&nbsp;Potrafi opisa\u0107 zmiany zachodz\u0105ce w przyrodzie.<\/p>\n\n\n\n<p>\u00b7&nbsp;&nbsp;&nbsp;&nbsp;&nbsp;&nbsp;&nbsp;&nbsp;&nbsp;Umie rozwi\u0105za\u0107 zagadki zwi\u0105zane z pierwszym dniem wiosny.<\/p>\n\n\n\n<p>\u00b7&nbsp;&nbsp;&nbsp;&nbsp;&nbsp;&nbsp;&nbsp;&nbsp;&nbsp;Uk\u0142adaj\u0105c puzzle podnosi poziom percepcji wzrokowej.<\/p>\n\n\n\n<p><strong>Metody pracy:<\/strong><\/p>\n\n\n\n<p>\u00b7&nbsp;&nbsp;&nbsp;&nbsp;&nbsp;&nbsp;&nbsp;&nbsp;&nbsp;rozmowa kierowana,<\/p>\n\n\n\n<p>\u00b7&nbsp;&nbsp;&nbsp;&nbsp;&nbsp;&nbsp;&nbsp;&nbsp;&nbsp;zadaniowo \u2013 czynno\u015bciowa,<\/p>\n\n\n\n<p>\u00b7&nbsp;&nbsp;&nbsp;&nbsp;&nbsp;&nbsp;&nbsp;&nbsp;&nbsp;zabawowa,<\/p>\n\n\n\n<p>\u00b7&nbsp;&nbsp;&nbsp;&nbsp;&nbsp;&nbsp;&nbsp;&nbsp;&nbsp;stymulowanie aktywno\u015bci tw\u00f3rczej<\/p>\n\n\n\n<p><strong>\u015arodki dydaktyczne:<\/strong>&nbsp;tablica interaktywna, wiersz Jana Brzechwy pt. \u201ePrzyj\u015bcie wiosny\u201d, prezentacja multimedialna w Power Point pt. \u201eOblicza wiosny\u201d, przygotowane zagadki na wydrukowanych karteczkach, korzystanie ze stron internetowych takich jak:<\/p>\n\n\n\n<p>&#8211;&nbsp;<a href=\"https:\/\/etechnologie.pl\/kolorowanki\">https:\/\/etechnologie.pl\/kolorowanki<\/a><\/p>\n\n\n\n<p>&#8211;&nbsp;<a href=\"https:\/\/www.youtube.com\/watch?v=jdLlJHuQeNI\">(256) Antonio Vivaldi &#8211; &#8222;Wiosna&#8221; &#8211;&nbsp;YouTube<\/a><\/p>\n\n\n\n<p>&#8211; https:\/\/www.jigsawplanet.com<\/p>\n\n\n\n<p><strong>I. Przebieg zaj\u0119\u0107<a>:<\/a><\/strong><\/p>\n\n\n\n<p>&#8211; Czynno\u015bci organizacyjne zwi\u0105zane z przygotowaniem zaj\u0119\u0107 (uruchomienie tablicy interaktywnej wraz z wszystkimi aplikacjami.<\/p>\n\n\n\n<p>&#8211; Powitanie dzieci \u2013 zabawa na rozpocz\u0119cie zaj\u0119\u0107 pt. \u201eIskierka\u201d, \u201eRowerek\u201d.<\/p>\n\n\n\n<p>&#8211; Wprowadzenie do tematu zwi\u0105zanego ze pierwszym dniem kalendarzowej wiosny, rozmowa kierowana w oparciu o wiersz Jana Brzechwy pt. \u201ePrzyj\u015bcie wiosny\u201d.&nbsp;&nbsp;&nbsp;&nbsp;&nbsp;&nbsp;&nbsp;&nbsp;&nbsp;&nbsp;&nbsp;&nbsp;&nbsp;&nbsp;&nbsp;&nbsp;<\/p>\n\n\n\n<p><strong>\u201e<\/strong><strong>Przyj\u015bcie wiosny\u201d<\/strong><strong><\/strong><\/p>\n\n\n\n<p><strong>&nbsp;&nbsp;&nbsp;&nbsp;&nbsp;Jan Brzechwa<\/strong><strong><\/strong><strong><\/strong><\/p>\n\n\n\n<p>Na\u00adplot\u00adko\u00adwa\u00ad\u0142a so\u00adsna,<\/p>\n\n\n\n<p>\u017ce ju\u017c si\u0119 zbli\u00ad\u017ca wio\u00adsna.<br><br><\/p>\n\n\n\n<p>&nbsp;Kret skrzy\u00adwi\u0142 si\u0119 po\u00adnu\u00adro:<br>\u201ePrzy\u00adje\u00addzie pew\u00adnie fur\u0105\u201d.<br><br>Je\u017c si\u0119 na\u00adje\u00ad\u017cy\u0142 sro\u00addze:<br>\u201eRa\u00adczej na hu\u00adlaj\u00adno\u00addze\u201d.<br><br>W\u0105\u017c syk\u00adn\u0105\u0142: \u201eJa nie wie\u00adrz\u0119.<br>Przy\u00adje\u00addzie na ro\u00adwe\u00adrze\u201d.<br><br>Kos gwizd\u00adn\u0105\u0142: \u201eWiem co\u015b o tym.<br>Przy\u00adle\u00adci sa\u00admo\u00adlo\u00adtem\u201d.<br><br>\u201eSk\u0105d zno\u00adwu &#8211; rze\u00adk\u0142a sro\u00adka &#8211;<br>Ja jej nie spusz\u00adczam z oka<br>I w ze\u00adsz\u0142ym roku, w maju,<br>Wi\u00addzia\u00ad\u0142am j\u0105 w tram\u00adwa\u00adju\u201d.<br><br>\u201eNie\u00adpraw\u00adda! Wio\u00adsna zwy\u00adkle<br>Przy\u00adje\u017c\u00add\u017ca mo\u00adto\u00adcy\u00adklem!\u201d<br><br>\u201eA ja wam to do\u00adwio\u00add\u0119,<br>\u017be w\u0142a\u00ad\u015bnie sa\u00admo\u00adcho\u00addem\u201d.<br><br>\u201eNie\u00adpraw\u00adda, bo w ka\u00adre\u00adcie!\u201d<br>\u201eW ka\u00adre\u00adcie? C\u00f3\u017c pan ple\u00adcie?<br>O\u015bwiad\u00adczy\u0107 mog\u0119 kr\u00f3t\u00adko,<br>Przy\u00adp\u0142y\u00adnie w\u0142a\u00adsn\u0105 \u0142\u00f3d\u00adk\u0105\u201d.<br><br>A wio\u00adsna przy\u00adsz\u0142o pie\u00adszo &#8211;<br>Ju\u017c kwia\u00adty z ni\u0105 si\u0119 \u015bpie\u00adsz\u0105,<br>Ju\u017c tra\u00adwy przed ni\u0105 ro\u00adsn\u0105<br>I szu\u00admi\u0105: \u201eWi\u00adtaj wio\u00adsno!\u201d.<\/p>\n\n\n\n<p>&#8211; Prezentacja multimedialna w programie Power Point \u2013 \u201eOblicza wiosny\u201d (jask\u00f3\u0142ka, bocian, \u017caba, skowronek, s\u0142owik z d\u017awi\u0119kiem, pierwsze wiosenne kwiaty itd.)<\/p>\n\n\n\n<p><strong>II. Wsp\u00f3lne zabawy z dzie\u0107mi odnosz\u0105ce si\u0119 do tematu wiosny:<\/strong><strong><\/strong><\/p>\n\n\n\n<p>&#8211;&nbsp;<strong>\u201eWiosenne zagadki\u201d<\/strong>&nbsp;\u2013 w oparciu o zdobyt\u0105 wiedz\u0119 zawart\u0105 w przedstawionej prezentacji multimedialnej, dzieci losuj\u0105 zagadki z kosza wiklinowego, a nast\u0119pnie podchodz\u0105 do tablicy interaktywnej i \u0142\u0105cz\u0105 wylosowan\u0105 przez siebie zagadk\u0119 z poprawn\u0105 odpowiedzi\u0105.<\/p>\n\n\n\n<p><strong>Zagadki:<\/strong><\/p>\n\n\n\n<p>1.Nied\u0142ugo zima pry\u015bnie, \u015bnieg ju\u017c przebi\u0142em. (przebi\u015bnieg)<\/p>\n\n\n\n<p>2.Powr\u00f3ci\u0142 do nas z dalekiej strony, ma d\u0142ugie nogi i dzi\u00f3b czerwony. Dzieci si\u0119 \u015bmia\u0142y gdy go wita\u0142y, \u017cabki p\u0142aka\u0142y przez dzionek ca\u0142y. (bocian)<\/p>\n\n\n\n<p>3.Gdy si\u0119 chowa za chmury, \u015bwiat staje si\u0119 ponury, a weselej jest na \u015bwiecie, kiedy \u015bmieje si\u0119 z g\u00f3ry. (s\u0142o\u0144ce)<\/p>\n\n\n\n<p>4.Nadchodzi po zimie, zielony dywan&nbsp;\u015bciele&nbsp;wok\u00f3\u0142. Czy znasz imi\u0119 tej pory roku? (wiosna)<\/p>\n\n\n\n<p>5.Zwykle z\u0142ote, bia\u0142e albo fioletowe wychodz\u0105 spod ziemi\u2026(krokusy marcowe)<\/p>\n\n\n\n<p>6.W kropki ma sp\u00f3dnice, ch\u0119tnie zjada mszyce. (biedronka)<\/p>\n\n\n\n<p>7.Gniazdo z b\u0142ota lepi po dachu okapem. Przylatuje z wiosna, aby uciec latem. (jask\u00f3\u0142ka)<\/p>\n\n\n\n<p>8.One to zielon\u0105 wiosn\u0105, w parku na drzewach wyrosn\u0105. (listki)<\/p>\n\n\n\n<p>9.Przylecia\u0142 szary ptaszek, nad polem za\u015bpiewa\u0142 jak dzwonek. Znaj\u0105 go dobrze dzieci bo to jest\u2026 (skowronek)<\/p>\n\n\n\n<p>10.Srebrne futerko maj\u0105 wiosn\u0105 i na ka\u017cdej wierzbie rosn\u0105\u2026 (bazie)<\/p>\n\n\n\n<p>11.Dobrze j\u0105 znamy z prze\u015blicznej woni, kwitnie dzwonkami ale nie dzwoni. Zdobi nam lasy, wi\u0119c jej nie zrywaj! Za to odpowiedz jak si\u0119 nazywa. (konwalia)<\/p>\n\n\n\n<p>12.Nietrudna jest to zagadka nazwa cukierka albo kwiatka. (irys)<\/p>\n\n\n\n<p>&#8211;&nbsp;<strong>\u201eWiosenne pejza\u017ce\u201d&nbsp;<\/strong><a>\u2013<\/a>&nbsp;Uk\u0142adanie puzzli interaktywnych o tematyce wiosennej, ka\u017cde dziecko wykonuje t\u0105 konkurencje na czas bez pomocy koleg\u00f3w i kole\u017canek.<\/p>\n\n\n\n<p>&#8211;&nbsp;<strong>\u201eKwiaty budz\u0105 si\u0119 do \u017cycia\u201d<\/strong>&nbsp;\u2013 zabawa ruchowa przy utworach Vivaldiego, dzieci&nbsp;skulaj\u0105&nbsp;si\u0119 i wyobra\u017caj\u0105 sobie, \u017ce s\u0105 ma\u0142ymi nasionkami kwiatk\u00f3w. Nadchodzi wiosna i rosn\u0105, rozwijaj\u0105 si\u0119 i wyci\u0105gaj\u0105 swoje listki do s\u0142o\u0144ca, rozchylaj\u0105 swoje p\u0142atki (dzieci powoli rozchylaj\u0105 si\u0119 jak nasionka a\u017c do wyprostowania i stawania na palce, wyci\u0105gaj\u0105c r\u0119ce do g\u00f3ry). Lekko ko\u0142ysz\u0105 si\u0119 na wiosennym wietrze. Nadchodzi noc i ch\u0142\u00f3d, zamykaj\u0105 swoje p\u0142atki.<\/p>\n\n\n\n<p><strong>III. Praca tw\u00f3rcza dzieci \u2013 \u201ePortret wiosny\u201d \u2013 interaktywne kolorowanki:<\/strong><\/p>\n\n\n\n<p>Dzieci odpowiadaj\u0105 na pytanie z jakimi kolorami kojarzy im si\u0119 wiosna? Nast\u0119pnie w zespo\u0142ach trzyosobowych maluj\u0105 przy tablicy wybrany szablon wiosennej kolorowanki.<\/p>\n\n\n\n<p><strong>IV. Zako\u0144czenie zaj\u0119\u0107:<\/strong>&#8211; porz\u0105dkowanie sali lekcyjnej,<br>&#8211; odk\u0142adanie materia\u0142\u00f3w i narz\u0119dzi od tablicy interaktywnej na wyznaczone miejsce,<br>&#8211; mycie r\u0105k<\/p>\n","protected":false},"excerpt":{"rendered":"<p>SCENARIUSZ ZAJ\u0118\u0106 WYCHOWAWCZO \u2013 OPIEKU\u0143CZYCH Z WYKORZYSTANIEM TABLICY INTERAKTYWNEJ &nbsp;&nbsp;&nbsp;&nbsp;DLA GRUPY III Marzec 2021 DATA PRZEPROWADZONYCH ZAJ\u0118\u0106:&nbsp;19.03.2021r. MIEJSCE:&nbsp;Dolno\u015bl\u0105ska Szko\u0142a Podstawowa Specjalna nr 4 przy Szpitalu Rehabilitacyjnym Hematologicznym \u201eOrlik\u201d PROWADZ\u0104CA:&nbsp;mgr Justyna B\u0105k TEMAT:&nbsp;\u201eWiosna ach to Ty\u201d \u2013 zabawy z wykorzystaniem tablicy interaktywnej. CZAS TRWANIA ZAJ\u0118\u0106:&nbsp;45 minut Cele og\u00f3lne: \u00b7&nbsp;&nbsp;&nbsp;&nbsp;&nbsp;&nbsp;&nbsp;&nbsp;&nbsp;Rozbudzenie wra\u017cliwo\u015bci na pi\u0119kno otaczaj\u0105cej nas przyrody oraz [&hellip;]<\/p>\n","protected":false},"author":3,"featured_media":0,"parent":0,"menu_order":0,"comment_status":"closed","ping_status":"closed","template":"","meta":{"footnotes":""},"class_list":["post-448","page","type-page","status-publish","hentry"],"_links":{"self":[{"href":"https:\/\/www.orlik.kudowa-zdroj.dolnyslask.pl\/index.php\/wp-json\/wp\/v2\/pages\/448","targetHints":{"allow":["GET"]}}],"collection":[{"href":"https:\/\/www.orlik.kudowa-zdroj.dolnyslask.pl\/index.php\/wp-json\/wp\/v2\/pages"}],"about":[{"href":"https:\/\/www.orlik.kudowa-zdroj.dolnyslask.pl\/index.php\/wp-json\/wp\/v2\/types\/page"}],"author":[{"embeddable":true,"href":"https:\/\/www.orlik.kudowa-zdroj.dolnyslask.pl\/index.php\/wp-json\/wp\/v2\/users\/3"}],"replies":[{"embeddable":true,"href":"https:\/\/www.orlik.kudowa-zdroj.dolnyslask.pl\/index.php\/wp-json\/wp\/v2\/comments?post=448"}],"version-history":[{"count":2,"href":"https:\/\/www.orlik.kudowa-zdroj.dolnyslask.pl\/index.php\/wp-json\/wp\/v2\/pages\/448\/revisions"}],"predecessor-version":[{"id":2253,"href":"https:\/\/www.orlik.kudowa-zdroj.dolnyslask.pl\/index.php\/wp-json\/wp\/v2\/pages\/448\/revisions\/2253"}],"wp:attachment":[{"href":"https:\/\/www.orlik.kudowa-zdroj.dolnyslask.pl\/index.php\/wp-json\/wp\/v2\/media?parent=448"}],"curies":[{"name":"wp","href":"https:\/\/api.w.org\/{rel}","templated":true}]}}