{"id":4036,"date":"2025-02-27T19:38:03","date_gmt":"2025-02-27T18:38:03","guid":{"rendered":"https:\/\/www.orlik.kudowa-zdroj.dolnyslask.pl\/?page_id=4036"},"modified":"2025-02-27T19:43:29","modified_gmt":"2025-02-27T18:43:29","slug":"cybertron-2025","status":"publish","type":"page","link":"https:\/\/www.orlik.kudowa-zdroj.dolnyslask.pl\/index.php\/cybertron-2025\/","title":{"rendered":"CYBERTRON 2025"},"content":{"rendered":"\n<p>Szanowni Pa\u0144stwo,<\/p>\n\n\n\n<p>serdecznie zapraszamy uczni\u00f3w i nauczycieli szk\u00f3\u0142 ponadpodstawowych z terenu Dolnego \u015al\u0105ska do udzia\u0142u w eliminacjach&nbsp;<strong>&nbsp;\u201eCybertron 2025\u201d.<\/strong><\/p>\n\n\n\n<p>Celem eliminacji jest wy\u0142onienie najlepszych uczni\u00f3w, kt\u00f3rzy nast\u0119pnie wezm\u0105 udzia\u0142 w dw\u00f3ch wydarzeniach:<\/p>\n\n\n\n<p>pierwsze na terenie Czech w Dvur Kralove-&nbsp;\u201eCybernetyczny&nbsp;Poligon\u201d,&nbsp; a&nbsp;drugie&nbsp;na&nbsp;Politechnice&nbsp;Wroc\u0142awskiej&nbsp;we Wroc\u0142awskim&nbsp;Centrum&nbsp;Sieciowo&nbsp;Superkomputerowym-&nbsp;\u201eCybertron&nbsp;Dolny&nbsp;\u015al\u0105sk 2025\u201d.<\/p>\n\n\n\n<p>Cybertron to zespo\u0142owa grywalizacja informatyczna sprawdzaj\u0105ca umiej\u0119tno\u015bci informatyczne i zdolno\u015bci kreatywnego rozwi\u0105zywania problem\u00f3w z zakresu cyberbezpiecze\u0144stwa i<\/p>\n\n\n\n<p>infrastruktury krytycznej.<\/p>\n\n\n\n<p>Jest to inicjatywa podejmowana w ramach wsp\u00f3\u0142pracy Dolnego \u015al\u0105ska i Kraju Kralovohradeckiego.<\/p>\n\n\n\n<p><\/p>\n\n\n\n<p><\/p>\n\n\n\n<figure class=\"wp-block-image aligncenter size-large\"><img loading=\"lazy\" decoding=\"async\" width=\"724\" height=\"1024\" src=\"https:\/\/www.orlik.kudowa-zdroj.dolnyslask.pl\/wp-content\/uploads\/2025\/02\/Plakat-Cybertron-Dolny-Slask-2025-Eliminacje-A3.pdf-724x1024.jpg\" alt=\"\" class=\"wp-image-4045\" srcset=\"https:\/\/www.orlik.kudowa-zdroj.dolnyslask.pl\/wp-content\/uploads\/2025\/02\/Plakat-Cybertron-Dolny-Slask-2025-Eliminacje-A3.pdf-724x1024.jpg 724w, https:\/\/www.orlik.kudowa-zdroj.dolnyslask.pl\/wp-content\/uploads\/2025\/02\/Plakat-Cybertron-Dolny-Slask-2025-Eliminacje-A3.pdf-212x300.jpg 212w, https:\/\/www.orlik.kudowa-zdroj.dolnyslask.pl\/wp-content\/uploads\/2025\/02\/Plakat-Cybertron-Dolny-Slask-2025-Eliminacje-A3.pdf-768x1086.jpg 768w, https:\/\/www.orlik.kudowa-zdroj.dolnyslask.pl\/wp-content\/uploads\/2025\/02\/Plakat-Cybertron-Dolny-Slask-2025-Eliminacje-A3.pdf-1086x1536.jpg 1086w, https:\/\/www.orlik.kudowa-zdroj.dolnyslask.pl\/wp-content\/uploads\/2025\/02\/Plakat-Cybertron-Dolny-Slask-2025-Eliminacje-A3.pdf.jpg 1414w\" sizes=\"auto, (max-width: 724px) 100vw, 724px\" \/><\/figure>\n\n\n\n<div data-wp-interactive=\"core\/file\" class=\"wp-block-file\"><object data-wp-bind--hidden=\"!state.hasPdfPreview\" hidden class=\"wp-block-file__embed\" data=\"https:\/\/www.orlik.kudowa-zdroj.dolnyslask.pl\/wp-content\/uploads\/2025\/02\/List-Wicemarszalka-do-Dyrektorow-z-zaproszeniem-na-Cybertron-2025.pdf\" type=\"application\/pdf\" style=\"width:100%;height:600px\" aria-label=\"Osadzone z List Wicemarsza\u0142ka do Dyrektor\u00f3w z zaproszeniem na Cybertron 2025.\"><\/object><a id=\"wp-block-file--media-925b9e6c-175a-4522-a3df-14bdc2cf584c\" href=\"https:\/\/www.orlik.kudowa-zdroj.dolnyslask.pl\/wp-content\/uploads\/2025\/02\/List-Wicemarszalka-do-Dyrektorow-z-zaproszeniem-na-Cybertron-2025.pdf\">List Wicemarsza\u0142ka do Dyrektor\u00f3w z zaproszeniem na Cybertron 2025<\/a><a href=\"https:\/\/www.orlik.kudowa-zdroj.dolnyslask.pl\/wp-content\/uploads\/2025\/02\/List-Wicemarszalka-do-Dyrektorow-z-zaproszeniem-na-Cybertron-2025.pdf\" class=\"wp-block-file__button wp-element-button\" download aria-describedby=\"wp-block-file--media-925b9e6c-175a-4522-a3df-14bdc2cf584c\">Pobierz<\/a><\/div>\n","protected":false},"excerpt":{"rendered":"<p>Szanowni Pa\u0144stwo, serdecznie zapraszamy uczni\u00f3w i nauczycieli szk\u00f3\u0142 ponadpodstawowych z terenu Dolnego \u015al\u0105ska do udzia\u0142u w eliminacjach&nbsp;&nbsp;\u201eCybertron 2025\u201d. Celem eliminacji jest wy\u0142onienie najlepszych uczni\u00f3w, kt\u00f3rzy nast\u0119pnie wezm\u0105 udzia\u0142 w dw\u00f3ch wydarzeniach: pierwsze na terenie Czech w Dvur Kralove-&nbsp;\u201eCybernetyczny&nbsp;Poligon\u201d,&nbsp; a&nbsp;drugie&nbsp;na&nbsp;Politechnice&nbsp;Wroc\u0142awskiej&nbsp;we Wroc\u0142awskim&nbsp;Centrum&nbsp;Sieciowo&nbsp;Superkomputerowym-&nbsp;\u201eCybertron&nbsp;Dolny&nbsp;\u015al\u0105sk 2025\u201d. Cybertron to zespo\u0142owa grywalizacja informatyczna sprawdzaj\u0105ca umiej\u0119tno\u015bci informatyczne i zdolno\u015bci kreatywnego rozwi\u0105zywania problem\u00f3w z [&hellip;]<\/p>\n","protected":false},"author":3,"featured_media":0,"parent":0,"menu_order":0,"comment_status":"closed","ping_status":"closed","template":"","meta":{"footnotes":""},"class_list":["post-4036","page","type-page","status-publish","hentry"],"_links":{"self":[{"href":"https:\/\/www.orlik.kudowa-zdroj.dolnyslask.pl\/index.php\/wp-json\/wp\/v2\/pages\/4036","targetHints":{"allow":["GET"]}}],"collection":[{"href":"https:\/\/www.orlik.kudowa-zdroj.dolnyslask.pl\/index.php\/wp-json\/wp\/v2\/pages"}],"about":[{"href":"https:\/\/www.orlik.kudowa-zdroj.dolnyslask.pl\/index.php\/wp-json\/wp\/v2\/types\/page"}],"author":[{"embeddable":true,"href":"https:\/\/www.orlik.kudowa-zdroj.dolnyslask.pl\/index.php\/wp-json\/wp\/v2\/users\/3"}],"replies":[{"embeddable":true,"href":"https:\/\/www.orlik.kudowa-zdroj.dolnyslask.pl\/index.php\/wp-json\/wp\/v2\/comments?post=4036"}],"version-history":[{"count":2,"href":"https:\/\/www.orlik.kudowa-zdroj.dolnyslask.pl\/index.php\/wp-json\/wp\/v2\/pages\/4036\/revisions"}],"predecessor-version":[{"id":4051,"href":"https:\/\/www.orlik.kudowa-zdroj.dolnyslask.pl\/index.php\/wp-json\/wp\/v2\/pages\/4036\/revisions\/4051"}],"wp:attachment":[{"href":"https:\/\/www.orlik.kudowa-zdroj.dolnyslask.pl\/index.php\/wp-json\/wp\/v2\/media?parent=4036"}],"curies":[{"name":"wp","href":"https:\/\/api.w.org\/{rel}","templated":true}]}}