{"id":353,"date":"2021-08-20T13:56:56","date_gmt":"2021-08-20T11:56:56","guid":{"rendered":"http:\/\/www.orlik.kudowa-zdroj.dolnyslask.pl\/?page_id=353"},"modified":"2023-07-14T11:55:53","modified_gmt":"2023-07-14T09:55:53","slug":"zabawy","status":"publish","type":"page","link":"https:\/\/www.orlik.kudowa-zdroj.dolnyslask.pl\/index.php\/zabawy\/","title":{"rendered":"ZABAWY"},"content":{"rendered":"\n<p>Stwarzamy dzieciom warunki<br>do rozwijania i realizacji wielu<br>talent\u00f3w poprzez szeroki<br>wachlarz proponowanych zaj\u0119\u0107&#8230;<\/p>\n\n\n\n<figure class=\"wp-block-gallery has-nested-images columns-default is-cropped wp-block-gallery-1 is-layout-flex wp-block-gallery-is-layout-flex\">\n<figure class=\"wp-block-image size-large\"><img loading=\"lazy\" decoding=\"async\" width=\"712\" height=\"534\" data-id=\"354\" src=\"https:\/\/www.orlik.kudowa-zdroj.dolnyslask.pl\/wp-content\/uploads\/2021\/08\/ib_p012_0_1.jpg\" alt=\"\" class=\"wp-image-354\" srcset=\"https:\/\/www.orlik.kudowa-zdroj.dolnyslask.pl\/wp-content\/uploads\/2021\/08\/ib_p012_0_1.jpg 712w, https:\/\/www.orlik.kudowa-zdroj.dolnyslask.pl\/wp-content\/uploads\/2021\/08\/ib_p012_0_1-300x225.jpg 300w\" sizes=\"auto, (max-width: 712px) 100vw, 712px\" \/><\/figure>\n\n\n\n<figure class=\"wp-block-image size-large\"><img loading=\"lazy\" decoding=\"async\" width=\"712\" height=\"534\" data-id=\"357\" src=\"https:\/\/www.orlik.kudowa-zdroj.dolnyslask.pl\/wp-content\/uploads\/2021\/08\/ib_p012_0_2.jpg\" alt=\"\" class=\"wp-image-357\" srcset=\"https:\/\/www.orlik.kudowa-zdroj.dolnyslask.pl\/wp-content\/uploads\/2021\/08\/ib_p012_0_2.jpg 712w, https:\/\/www.orlik.kudowa-zdroj.dolnyslask.pl\/wp-content\/uploads\/2021\/08\/ib_p012_0_2-300x225.jpg 300w\" sizes=\"auto, (max-width: 712px) 100vw, 712px\" \/><\/figure>\n<\/figure>\n","protected":false},"excerpt":{"rendered":"<p>Stwarzamy dzieciom warunkido rozwijania i realizacji wielutalent\u00f3w poprzez szerokiwachlarz proponowanych zaj\u0119\u0107&#8230;<\/p>\n","protected":false},"author":3,"featured_media":0,"parent":0,"menu_order":0,"comment_status":"closed","ping_status":"closed","template":"","meta":{"footnotes":""},"class_list":["post-353","page","type-page","status-publish","hentry"],"_links":{"self":[{"href":"https:\/\/www.orlik.kudowa-zdroj.dolnyslask.pl\/index.php\/wp-json\/wp\/v2\/pages\/353","targetHints":{"allow":["GET"]}}],"collection":[{"href":"https:\/\/www.orlik.kudowa-zdroj.dolnyslask.pl\/index.php\/wp-json\/wp\/v2\/pages"}],"about":[{"href":"https:\/\/www.orlik.kudowa-zdroj.dolnyslask.pl\/index.php\/wp-json\/wp\/v2\/types\/page"}],"author":[{"embeddable":true,"href":"https:\/\/www.orlik.kudowa-zdroj.dolnyslask.pl\/index.php\/wp-json\/wp\/v2\/users\/3"}],"replies":[{"embeddable":true,"href":"https:\/\/www.orlik.kudowa-zdroj.dolnyslask.pl\/index.php\/wp-json\/wp\/v2\/comments?post=353"}],"version-history":[{"count":2,"href":"https:\/\/www.orlik.kudowa-zdroj.dolnyslask.pl\/index.php\/wp-json\/wp\/v2\/pages\/353\/revisions"}],"predecessor-version":[{"id":2349,"href":"https:\/\/www.orlik.kudowa-zdroj.dolnyslask.pl\/index.php\/wp-json\/wp\/v2\/pages\/353\/revisions\/2349"}],"wp:attachment":[{"href":"https:\/\/www.orlik.kudowa-zdroj.dolnyslask.pl\/index.php\/wp-json\/wp\/v2\/media?parent=353"}],"curies":[{"name":"wp","href":"https:\/\/api.w.org\/{rel}","templated":true}]}}