{"id":3478,"date":"2024-07-04T16:39:04","date_gmt":"2024-07-04T14:39:04","guid":{"rendered":"http:\/\/www.orlik.kudowa-zdroj.dolnyslask.pl\/?page_id=3478"},"modified":"2024-07-04T16:39:04","modified_gmt":"2024-07-04T14:39:04","slug":"realizacja-zadan-przemoc-domowa","status":"publish","type":"page","link":"https:\/\/www.orlik.kudowa-zdroj.dolnyslask.pl\/index.php\/realizacja-zadan-przemoc-domowa\/","title":{"rendered":"REALIZACJA ZADA\u0143 &#8211; PRZEMOC DOMOWA"},"content":{"rendered":"\n<p>Realizacja zada\u0144 wynikaj\u0105cych z ustawy o przeciwdzia\u0142aniu przemocy domowej<\/p>\n\n\n\n<p>Szanowni Pa\u0144stwo Dyrektorzy przedszkoli, szk\u00f3\u0142 i plac\u00f3wek!<\/p>\n\n\n\n<p>na pro\u015bb\u0119 Zespo\u0142u Interdyscyplinarnego ds. Przeciwdzia\u0142ania Przemocy<br>Domowej&nbsp; za\u0142\u0105czeniu przekazujemy informacje dotycz\u0105ce obowi\u0105zk\u00f3w<br>instytucji, w tym przedstawicieli o\u015bwiaty, w sytuacji zagro\u017cenia zdrowia<br>i \u017cycia dziecka.<\/p>\n\n\n\n<p>Z powa\u017caniem,<\/p>\n\n\n\n<p>Kuratorium O\u015bwiaty we Wroc\u0142awiu<\/p>\n\n\n\n<div data-wp-interactive=\"core\/file\" class=\"wp-block-file\"><object data-wp-bind--hidden=\"!state.hasPdfPreview\" hidden class=\"wp-block-file__embed\" data=\"https:\/\/www.orlik.kudowa-zdroj.dolnyslask.pl\/wp-content\/uploads\/2024\/07\/Zalacznik-pismo-Zespolu-Interdyscyplinarnego-ds.-Przeciwdzialania-Przemocy-Domowej.pdf\" type=\"application\/pdf\" style=\"width:100%;height:600px\" aria-label=\"Osadzone z Zalacznik-pismo-Zespolu-Interdyscyplinarnego-ds.-Przeciwdzialania-Przemocy-Domowej.\"><\/object><a id=\"wp-block-file--media-831e70ab-ad8d-4268-bf50-c27239ee5c13\" href=\"https:\/\/www.orlik.kudowa-zdroj.dolnyslask.pl\/wp-content\/uploads\/2024\/07\/Zalacznik-pismo-Zespolu-Interdyscyplinarnego-ds.-Przeciwdzialania-Przemocy-Domowej.pdf\">Zalacznik-pismo-Zespolu-Interdyscyplinarnego-ds.-Przeciwdzialania-Przemocy-Domowej<\/a><a href=\"https:\/\/www.orlik.kudowa-zdroj.dolnyslask.pl\/wp-content\/uploads\/2024\/07\/Zalacznik-pismo-Zespolu-Interdyscyplinarnego-ds.-Przeciwdzialania-Przemocy-Domowej.pdf\" class=\"wp-block-file__button wp-element-button\" download aria-describedby=\"wp-block-file--media-831e70ab-ad8d-4268-bf50-c27239ee5c13\">Pobierz<\/a><\/div>\n","protected":false},"excerpt":{"rendered":"<p>Realizacja zada\u0144 wynikaj\u0105cych z ustawy o przeciwdzia\u0142aniu przemocy domowej Szanowni Pa\u0144stwo Dyrektorzy przedszkoli, szk\u00f3\u0142 i plac\u00f3wek! na pro\u015bb\u0119 Zespo\u0142u Interdyscyplinarnego ds. Przeciwdzia\u0142ania PrzemocyDomowej&nbsp; za\u0142\u0105czeniu przekazujemy informacje dotycz\u0105ce obowi\u0105zk\u00f3winstytucji, w tym przedstawicieli o\u015bwiaty, w sytuacji zagro\u017cenia zdrowiai \u017cycia dziecka. Z powa\u017caniem, Kuratorium O\u015bwiaty we Wroc\u0142awiu<\/p>\n","protected":false},"author":3,"featured_media":0,"parent":0,"menu_order":0,"comment_status":"closed","ping_status":"closed","template":"","meta":{"footnotes":""},"class_list":["post-3478","page","type-page","status-publish","hentry"],"_links":{"self":[{"href":"https:\/\/www.orlik.kudowa-zdroj.dolnyslask.pl\/index.php\/wp-json\/wp\/v2\/pages\/3478","targetHints":{"allow":["GET"]}}],"collection":[{"href":"https:\/\/www.orlik.kudowa-zdroj.dolnyslask.pl\/index.php\/wp-json\/wp\/v2\/pages"}],"about":[{"href":"https:\/\/www.orlik.kudowa-zdroj.dolnyslask.pl\/index.php\/wp-json\/wp\/v2\/types\/page"}],"author":[{"embeddable":true,"href":"https:\/\/www.orlik.kudowa-zdroj.dolnyslask.pl\/index.php\/wp-json\/wp\/v2\/users\/3"}],"replies":[{"embeddable":true,"href":"https:\/\/www.orlik.kudowa-zdroj.dolnyslask.pl\/index.php\/wp-json\/wp\/v2\/comments?post=3478"}],"version-history":[{"count":1,"href":"https:\/\/www.orlik.kudowa-zdroj.dolnyslask.pl\/index.php\/wp-json\/wp\/v2\/pages\/3478\/revisions"}],"predecessor-version":[{"id":3484,"href":"https:\/\/www.orlik.kudowa-zdroj.dolnyslask.pl\/index.php\/wp-json\/wp\/v2\/pages\/3478\/revisions\/3484"}],"wp:attachment":[{"href":"https:\/\/www.orlik.kudowa-zdroj.dolnyslask.pl\/index.php\/wp-json\/wp\/v2\/media?parent=3478"}],"curies":[{"name":"wp","href":"https:\/\/api.w.org\/{rel}","templated":true}]}}