{"id":3226,"date":"2024-06-03T09:54:15","date_gmt":"2024-06-03T07:54:15","guid":{"rendered":"http:\/\/www.orlik.kudowa-zdroj.dolnyslask.pl\/?page_id=3226"},"modified":"2024-06-09T12:54:48","modified_gmt":"2024-06-09T10:54:48","slug":"dzien-otwarty-szkoly-2","status":"publish","type":"page","link":"https:\/\/www.orlik.kudowa-zdroj.dolnyslask.pl\/index.php\/dzien-otwarty-szkoly-2\/","title":{"rendered":"DZIE\u0143 OTWARTY SZKO\u0141Y 2024"},"content":{"rendered":"\n<p class=\"has-medium-font-size\"><strong>18 czerwca<\/strong> \u2026 <strong>Dzie\u0144 Otwarty Szpitala i Szko\u0142y Orlik<\/strong>!<\/p>\n\n\n\n<p class=\"has-medium-font-size\">Zapraszamy <strong>uczni\u00f3w, nauczycieli, rodzic\u00f3w<\/strong>, <strong>sponsor\u00f3w<\/strong> we wtorek <strong>18 czerwca<\/strong> od godziny <strong>9:00 do 13:00<\/strong>.<\/p>\n\n\n\n<p class=\"has-large-font-size\"><a>Oprowadzimy po budynku szko\u0142y i szpitala,<\/a><\/p>\n\n\n\n<p>Poka\u017cemy w jakich klasach si\u0119 uczymy, w jakich zaj\u0119ciach zainteresowa\u0144 uczestniczymy, co jest naszym szkolnym milusi\u0144skim, jak bawimy si\u0119 w czasie zaj\u0119\u0107 opieku\u0144czo \u2013 wychowawczych oraz gdzie odpoczywamy i jak sp\u0119dzamy tutaj czas.<\/p>\n\n\n\n<p>W programie:  &#8211;   stoiska ze s\u0142odko\u015bciami&nbsp; &nbsp;&#8211;   popcorn i wata cukrowa   &#8211;   pizza i pieczone kie\u0142baski   &#8211;   stoiska naszych k\u00f3\u0142ek zainteresowa\u0144   &#8211;    stoisko z balonami&nbsp; &#8211;   stoisko z wyrobami z drukarki 3D   &#8211;   malowanie na folii&nbsp; &#8211;   gry, zabawy i ta\u0144ce   &#8211;  tatua\u017ce&nbsp;&nbsp;&nbsp;&#8211;    loteria fantowa  &nbsp;&#8211;   misy tybeta\u0144skie&nbsp;&nbsp; &#8211;    \u015bcianka wspinaczkowa   &#8211;   \u015bmieszne zdj\u0119cia&nbsp; &#8211;   maskotka Kudowi\u00f3rka&nbsp;   &#8211;    stra\u017c po\u017carna   \u2013   pierwsza pomoc&nbsp;&nbsp;&nbsp;&nbsp;&nbsp;&nbsp;&nbsp;&nbsp;&nbsp;&nbsp;&nbsp;&nbsp;&nbsp;&nbsp;&nbsp;&nbsp;&nbsp;&nbsp;&nbsp;&nbsp;&nbsp;&nbsp;&nbsp;&nbsp;&nbsp;&nbsp;&nbsp;&nbsp;&nbsp;&nbsp;&nbsp;&nbsp;&nbsp;&nbsp;&nbsp;<\/p>\n\n\n\n<p>oraz\u2026zwiedzanie&nbsp; budynku szpitala i szko\u0142y<\/p>\n\n\n\n<p>a tak\u017ce\u2026uroczyste otwarcie si\u0142owni zewn\u0119trznej.<\/p>\n\n\n\n<p>Imprez\u0119 poprowadzi DJ JOHNSON<\/p>\n\n\n\n<p><strong>Serdecznie zapraszamy<\/strong> \u2013 b\u0105d\u017acie w tym dniu razem z nami !<\/p>\n\n\n\n<p>Zebrane \u015brodki przeznaczymy na zakup urz\u0105dzenia do si\u0142owni zewn\u0119trznej \u2013 twister potr\u00f3jny.<\/p>\n\n\n\n<figure class=\"wp-block-image size-large\"><img loading=\"lazy\" decoding=\"async\" width=\"727\" height=\"1024\" src=\"https:\/\/www.orlik.kudowa-zdroj.dolnyslask.pl\/wp-content\/uploads\/2024\/06\/IMG-20240603-WA0000-727x1024.jpg\" alt=\"\" class=\"wp-image-3241\" srcset=\"https:\/\/www.orlik.kudowa-zdroj.dolnyslask.pl\/wp-content\/uploads\/2024\/06\/IMG-20240603-WA0000-727x1024.jpg 727w, https:\/\/www.orlik.kudowa-zdroj.dolnyslask.pl\/wp-content\/uploads\/2024\/06\/IMG-20240603-WA0000-213x300.jpg 213w, https:\/\/www.orlik.kudowa-zdroj.dolnyslask.pl\/wp-content\/uploads\/2024\/06\/IMG-20240603-WA0000-768x1082.jpg 768w, https:\/\/www.orlik.kudowa-zdroj.dolnyslask.pl\/wp-content\/uploads\/2024\/06\/IMG-20240603-WA0000-1091x1536.jpg 1091w, https:\/\/www.orlik.kudowa-zdroj.dolnyslask.pl\/wp-content\/uploads\/2024\/06\/IMG-20240603-WA0000.jpg 1136w\" sizes=\"auto, (max-width: 727px) 100vw, 727px\" \/><\/figure>\n\n\n\n<div data-wp-interactive=\"core\/file\" class=\"wp-block-file\"><object data-wp-bind--hidden=\"!state.hasPdfPreview\" hidden class=\"wp-block-file__embed\" data=\"https:\/\/www.orlik.kudowa-zdroj.dolnyslask.pl\/wp-content\/uploads\/2024\/06\/Zgoda-na-patronat-otwarcie-silowni-zewnetrznej-dla-dzieci-.pdf\" type=\"application\/pdf\" style=\"width:100%;height:600px\" aria-label=\"Osadzone z Zgoda-na-patronat-otwarcie-silowni-zewnetrznej-dla-dzieci-.\"><\/object><a id=\"wp-block-file--media-d65efac1-3c43-4e87-9308-ef268b93f6a4\" href=\"https:\/\/www.orlik.kudowa-zdroj.dolnyslask.pl\/wp-content\/uploads\/2024\/06\/Zgoda-na-patronat-otwarcie-silowni-zewnetrznej-dla-dzieci-.pdf\">Zgoda-na-patronat-otwarcie-silowni-zewnetrznej-dla-dzieci-<\/a><a href=\"https:\/\/www.orlik.kudowa-zdroj.dolnyslask.pl\/wp-content\/uploads\/2024\/06\/Zgoda-na-patronat-otwarcie-silowni-zewnetrznej-dla-dzieci-.pdf\" class=\"wp-block-file__button wp-element-button\" download aria-describedby=\"wp-block-file--media-d65efac1-3c43-4e87-9308-ef268b93f6a4\">Pobierz<\/a><\/div>\n","protected":false},"excerpt":{"rendered":"<p>18 czerwca \u2026 Dzie\u0144 Otwarty Szpitala i Szko\u0142y Orlik! Zapraszamy uczni\u00f3w, nauczycieli, rodzic\u00f3w, sponsor\u00f3w we wtorek 18 czerwca od godziny 9:00 do 13:00. Oprowadzimy po budynku szko\u0142y i szpitala, Poka\u017cemy w jakich klasach si\u0119 uczymy, w jakich zaj\u0119ciach zainteresowa\u0144 uczestniczymy, co jest naszym szkolnym milusi\u0144skim, jak bawimy si\u0119 w czasie zaj\u0119\u0107 opieku\u0144czo \u2013 wychowawczych oraz [&hellip;]<\/p>\n","protected":false},"author":3,"featured_media":0,"parent":0,"menu_order":0,"comment_status":"closed","ping_status":"closed","template":"","meta":{"footnotes":""},"class_list":["post-3226","page","type-page","status-publish","hentry"],"_links":{"self":[{"href":"https:\/\/www.orlik.kudowa-zdroj.dolnyslask.pl\/index.php\/wp-json\/wp\/v2\/pages\/3226","targetHints":{"allow":["GET"]}}],"collection":[{"href":"https:\/\/www.orlik.kudowa-zdroj.dolnyslask.pl\/index.php\/wp-json\/wp\/v2\/pages"}],"about":[{"href":"https:\/\/www.orlik.kudowa-zdroj.dolnyslask.pl\/index.php\/wp-json\/wp\/v2\/types\/page"}],"author":[{"embeddable":true,"href":"https:\/\/www.orlik.kudowa-zdroj.dolnyslask.pl\/index.php\/wp-json\/wp\/v2\/users\/3"}],"replies":[{"embeddable":true,"href":"https:\/\/www.orlik.kudowa-zdroj.dolnyslask.pl\/index.php\/wp-json\/wp\/v2\/comments?post=3226"}],"version-history":[{"count":6,"href":"https:\/\/www.orlik.kudowa-zdroj.dolnyslask.pl\/index.php\/wp-json\/wp\/v2\/pages\/3226\/revisions"}],"predecessor-version":[{"id":3403,"href":"https:\/\/www.orlik.kudowa-zdroj.dolnyslask.pl\/index.php\/wp-json\/wp\/v2\/pages\/3226\/revisions\/3403"}],"wp:attachment":[{"href":"https:\/\/www.orlik.kudowa-zdroj.dolnyslask.pl\/index.php\/wp-json\/wp\/v2\/media?parent=3226"}],"curies":[{"name":"wp","href":"https:\/\/api.w.org\/{rel}","templated":true}]}}