{"id":2978,"date":"2024-05-16T20:11:57","date_gmt":"2024-05-16T18:11:57","guid":{"rendered":"http:\/\/www.orlik.kudowa-zdroj.dolnyslask.pl\/?page_id=2978"},"modified":"2024-05-16T20:11:58","modified_gmt":"2024-05-16T18:11:58","slug":"dolnoslaski-program-wspierania-talentow","status":"publish","type":"page","link":"https:\/\/www.orlik.kudowa-zdroj.dolnyslask.pl\/index.php\/dolnoslaski-program-wspierania-talentow\/","title":{"rendered":"DOLNO\u015aL\u0104SKI PROGRAM WSPIERANIA TALENT\u00d3W"},"content":{"rendered":"\n<div data-wp-interactive=\"core\/file\" class=\"wp-block-file\"><object data-wp-bind--hidden=\"!state.hasPdfPreview\" hidden class=\"wp-block-file__embed\" data=\"https:\/\/www.orlik.kudowa-zdroj.dolnyslask.pl\/wp-content\/uploads\/2024\/05\/Dolnoslaski-Program-Wspierania-Talentow.pdf\" type=\"application\/pdf\" style=\"width:100%;height:600px\" aria-label=\"Osadzone z Dolnoslaski-Program-Wspierania-Talentow.\"><\/object><a id=\"wp-block-file--media-b74631fa-6471-4cb6-94c8-afdf91968aec\" href=\"https:\/\/www.orlik.kudowa-zdroj.dolnyslask.pl\/wp-content\/uploads\/2024\/05\/Dolnoslaski-Program-Wspierania-Talentow.pdf\">Dolnoslaski-Program-Wspierania-Talentow<\/a><a href=\"https:\/\/www.orlik.kudowa-zdroj.dolnyslask.pl\/wp-content\/uploads\/2024\/05\/Dolnoslaski-Program-Wspierania-Talentow.pdf\" class=\"wp-block-file__button wp-element-button\" download aria-describedby=\"wp-block-file--media-b74631fa-6471-4cb6-94c8-afdf91968aec\">Pobierz<\/a><\/div>\n\n\n\n<div data-wp-interactive=\"core\/file\" class=\"wp-block-file\"><object data-wp-bind--hidden=\"!state.hasPdfPreview\" hidden class=\"wp-block-file__embed\" data=\"https:\/\/www.orlik.kudowa-zdroj.dolnyslask.pl\/wp-content\/uploads\/2024\/05\/3386V2017-uchwala-ZWD-ws.-powolania-DKWU.pdf\" type=\"application\/pdf\" style=\"width:100%;height:600px\" aria-label=\"Osadzone z 3386V2017-uchwala-ZWD-ws.-powolania-DKWU.\"><\/object><a id=\"wp-block-file--media-c3df6fbc-9ced-483a-8a55-3e0932827722\" href=\"https:\/\/www.orlik.kudowa-zdroj.dolnyslask.pl\/wp-content\/uploads\/2024\/05\/3386V2017-uchwala-ZWD-ws.-powolania-DKWU.pdf\">3386V2017-uchwala-ZWD-ws.-powolania-DKWU<\/a><a href=\"https:\/\/www.orlik.kudowa-zdroj.dolnyslask.pl\/wp-content\/uploads\/2024\/05\/3386V2017-uchwala-ZWD-ws.-powolania-DKWU.pdf\" class=\"wp-block-file__button wp-element-button\" download aria-describedby=\"wp-block-file--media-c3df6fbc-9ced-483a-8a55-3e0932827722\">Pobierz<\/a><\/div>\n\n\n\n<div data-wp-interactive=\"core\/file\" class=\"wp-block-file\"><object data-wp-bind--hidden=\"!state.hasPdfPreview\" hidden class=\"wp-block-file__embed\" data=\"https:\/\/www.orlik.kudowa-zdroj.dolnyslask.pl\/wp-content\/uploads\/2024\/05\/Uchwala-nr-LXVIII147224-Sejmiku-WD-z-dnia-21-marca-2024-r.pdf\" type=\"application\/pdf\" style=\"width:100%;height:600px\" aria-label=\"Osadzone z Uchwala-nr-LXVIII147224-Sejmiku-WD-z-dnia-21-marca-2024-r.\"><\/object><a id=\"wp-block-file--media-ef7057c2-df7a-415f-8db6-ce79ed5a311f\" href=\"https:\/\/www.orlik.kudowa-zdroj.dolnyslask.pl\/wp-content\/uploads\/2024\/05\/Uchwala-nr-LXVIII147224-Sejmiku-WD-z-dnia-21-marca-2024-r.pdf\">Uchwala-nr-LXVIII147224-Sejmiku-WD-z-dnia-21-marca-2024-r<\/a><a href=\"https:\/\/www.orlik.kudowa-zdroj.dolnyslask.pl\/wp-content\/uploads\/2024\/05\/Uchwala-nr-LXVIII147224-Sejmiku-WD-z-dnia-21-marca-2024-r.pdf\" class=\"wp-block-file__button wp-element-button\" download aria-describedby=\"wp-block-file--media-ef7057c2-df7a-415f-8db6-ce79ed5a311f\">Pobierz<\/a><\/div>\n\n\n\n<div data-wp-interactive=\"core\/file\" class=\"wp-block-file\"><object data-wp-bind--hidden=\"!state.hasPdfPreview\" hidden class=\"wp-block-file__embed\" data=\"https:\/\/www.orlik.kudowa-zdroj.dolnyslask.pl\/wp-content\/uploads\/2024\/05\/8590VI24-uchwala-ZWD-ws.-zmiany-DKWU.pdf\" type=\"application\/pdf\" style=\"width:100%;height:600px\" aria-label=\"Osadzone z 8590VI24-uchwala-ZWD-ws.-zmiany-DKWU.\"><\/object><a id=\"wp-block-file--media-2053e65f-0c17-4ac7-8759-eeed26809b5a\" href=\"https:\/\/www.orlik.kudowa-zdroj.dolnyslask.pl\/wp-content\/uploads\/2024\/05\/8590VI24-uchwala-ZWD-ws.-zmiany-DKWU.pdf\">8590VI24-uchwala-ZWD-ws.-zmiany-DKWU<\/a><a href=\"https:\/\/www.orlik.kudowa-zdroj.dolnyslask.pl\/wp-content\/uploads\/2024\/05\/8590VI24-uchwala-ZWD-ws.-zmiany-DKWU.pdf\" class=\"wp-block-file__button wp-element-button\" download aria-describedby=\"wp-block-file--media-2053e65f-0c17-4ac7-8759-eeed26809b5a\">Pobierz<\/a><\/div>\n","protected":false},"excerpt":{"rendered":"","protected":false},"author":3,"featured_media":0,"parent":0,"menu_order":0,"comment_status":"closed","ping_status":"closed","template":"","meta":{"footnotes":""},"class_list":["post-2978","page","type-page","status-publish","hentry"],"_links":{"self":[{"href":"https:\/\/www.orlik.kudowa-zdroj.dolnyslask.pl\/index.php\/wp-json\/wp\/v2\/pages\/2978","targetHints":{"allow":["GET"]}}],"collection":[{"href":"https:\/\/www.orlik.kudowa-zdroj.dolnyslask.pl\/index.php\/wp-json\/wp\/v2\/pages"}],"about":[{"href":"https:\/\/www.orlik.kudowa-zdroj.dolnyslask.pl\/index.php\/wp-json\/wp\/v2\/types\/page"}],"author":[{"embeddable":true,"href":"https:\/\/www.orlik.kudowa-zdroj.dolnyslask.pl\/index.php\/wp-json\/wp\/v2\/users\/3"}],"replies":[{"embeddable":true,"href":"https:\/\/www.orlik.kudowa-zdroj.dolnyslask.pl\/index.php\/wp-json\/wp\/v2\/comments?post=2978"}],"version-history":[{"count":1,"href":"https:\/\/www.orlik.kudowa-zdroj.dolnyslask.pl\/index.php\/wp-json\/wp\/v2\/pages\/2978\/revisions"}],"predecessor-version":[{"id":2993,"href":"https:\/\/www.orlik.kudowa-zdroj.dolnyslask.pl\/index.php\/wp-json\/wp\/v2\/pages\/2978\/revisions\/2993"}],"wp:attachment":[{"href":"https:\/\/www.orlik.kudowa-zdroj.dolnyslask.pl\/index.php\/wp-json\/wp\/v2\/media?parent=2978"}],"curies":[{"name":"wp","href":"https:\/\/api.w.org\/{rel}","templated":true}]}}