{"id":287,"date":"2021-08-20T13:23:52","date_gmt":"2021-08-20T11:23:52","guid":{"rendered":"http:\/\/www.orlik.kudowa-zdroj.dolnyslask.pl\/?page_id=287"},"modified":"2024-04-08T08:26:09","modified_gmt":"2024-04-08T06:26:09","slug":"pracownicy-szkoly","status":"publish","type":"page","link":"https:\/\/www.orlik.kudowa-zdroj.dolnyslask.pl\/index.php\/pracownicy-szkoly\/","title":{"rendered":"PRACOWNICY SZKO\u0141Y"},"content":{"rendered":"\n<figure class=\"wp-block-gallery has-nested-images columns-default is-cropped wp-block-gallery-1 is-layout-flex wp-block-gallery-is-layout-flex\">\n<figure class=\"wp-block-image size-large\"><img loading=\"lazy\" decoding=\"async\" width=\"1024\" height=\"766\" data-id=\"2304\" src=\"https:\/\/www.orlik.kudowa-zdroj.dolnyslask.pl\/wp-content\/uploads\/2023\/07\/IMG_20230302_102734-1-1024x766.jpg\" alt=\"\" class=\"wp-image-2304\" srcset=\"https:\/\/www.orlik.kudowa-zdroj.dolnyslask.pl\/wp-content\/uploads\/2023\/07\/IMG_20230302_102734-1-1024x766.jpg 1024w, https:\/\/www.orlik.kudowa-zdroj.dolnyslask.pl\/wp-content\/uploads\/2023\/07\/IMG_20230302_102734-1-300x224.jpg 300w, https:\/\/www.orlik.kudowa-zdroj.dolnyslask.pl\/wp-content\/uploads\/2023\/07\/IMG_20230302_102734-1-768x575.jpg 768w, https:\/\/www.orlik.kudowa-zdroj.dolnyslask.pl\/wp-content\/uploads\/2023\/07\/IMG_20230302_102734-1-1536x1149.jpg 1536w, https:\/\/www.orlik.kudowa-zdroj.dolnyslask.pl\/wp-content\/uploads\/2023\/07\/IMG_20230302_102734-1-2048x1532.jpg 2048w\" sizes=\"auto, (max-width: 1024px) 100vw, 1024px\" \/><\/figure>\n\n\n\n<figure class=\"wp-block-image size-large\"><img loading=\"lazy\" decoding=\"async\" width=\"1024\" height=\"766\" data-id=\"2298\" src=\"https:\/\/www.orlik.kudowa-zdroj.dolnyslask.pl\/wp-content\/uploads\/2023\/07\/kolorowo2-1-1024x766.jpg\" alt=\"\" class=\"wp-image-2298\" srcset=\"https:\/\/www.orlik.kudowa-zdroj.dolnyslask.pl\/wp-content\/uploads\/2023\/07\/kolorowo2-1-1024x766.jpg 1024w, https:\/\/www.orlik.kudowa-zdroj.dolnyslask.pl\/wp-content\/uploads\/2023\/07\/kolorowo2-1-300x224.jpg 300w, https:\/\/www.orlik.kudowa-zdroj.dolnyslask.pl\/wp-content\/uploads\/2023\/07\/kolorowo2-1-768x575.jpg 768w, https:\/\/www.orlik.kudowa-zdroj.dolnyslask.pl\/wp-content\/uploads\/2023\/07\/kolorowo2-1-1536x1149.jpg 1536w, https:\/\/www.orlik.kudowa-zdroj.dolnyslask.pl\/wp-content\/uploads\/2023\/07\/kolorowo2-1-2048x1532.jpg 2048w\" sizes=\"auto, (max-width: 1024px) 100vw, 1024px\" \/><\/figure>\n\n\n\n<figure class=\"wp-block-image size-large\"><img loading=\"lazy\" decoding=\"async\" width=\"1024\" height=\"766\" data-id=\"2301\" src=\"https:\/\/www.orlik.kudowa-zdroj.dolnyslask.pl\/wp-content\/uploads\/2023\/07\/kolorowo1-2-1024x766.jpg\" alt=\"\" class=\"wp-image-2301\" srcset=\"https:\/\/www.orlik.kudowa-zdroj.dolnyslask.pl\/wp-content\/uploads\/2023\/07\/kolorowo1-2-1024x766.jpg 1024w, https:\/\/www.orlik.kudowa-zdroj.dolnyslask.pl\/wp-content\/uploads\/2023\/07\/kolorowo1-2-300x224.jpg 300w, https:\/\/www.orlik.kudowa-zdroj.dolnyslask.pl\/wp-content\/uploads\/2023\/07\/kolorowo1-2-768x575.jpg 768w, https:\/\/www.orlik.kudowa-zdroj.dolnyslask.pl\/wp-content\/uploads\/2023\/07\/kolorowo1-2-1536x1149.jpg 1536w, https:\/\/www.orlik.kudowa-zdroj.dolnyslask.pl\/wp-content\/uploads\/2023\/07\/kolorowo1-2-2048x1532.jpg 2048w\" sizes=\"auto, (max-width: 1024px) 100vw, 1024px\" \/><\/figure>\n<\/figure>\n\n\n\n<p>Dyrektor szko\u0142y:<br>mgr Katarzyna Szpanier<\/p>\n\n\n\n<p>mgr Justyna B\u0105k \u2013 zaj\u0119cia opieku\u0144czo-wychowawcze<br>mgr Ewa Bili\u0144ska\u2013 zaj\u0119cia opieku\u0144czo-wychowawcze<br>mgr Marcin Fabisiak \u2013 zaj\u0119cia opieku\u0144czo \u2013 wychowawcze<br>mgr Wojciech Fiszer \u2013 historia, wos, geografia, przyroda, chemia, fizyka, informatyka<br>ks. dr Damian Fleszer- religia<br>mgr Paulina Jarczewska &#8211; j\u0119zyk angielski<br>mgr Karolina Kinder-Wise\u0142ka- j\u0119zyk niemiecki<br>mgr Iwona Kurowska \u2013 j\u0119zyk polski<br>mgr Barbara Mazur\u2013 zaj\u0119cia opieku\u0144czo-wychowawcze<br>mgr Izabela Niewiadomska- matematyka, biologia, edukacja dla bezpiecze\u0144stwa, etyka<br>mgr Ma\u0142gorzata Paca\u0144ska-Chlebowska\u2013 zaj\u0119cia opieku\u0144czo-wychowawcze<br>mgr Adriana Proc\u2013 zaj\u0119cia opieku\u0144czo-wychowawcze<br>mgr Barbara Samsonowicz &#8211; zaj\u0119cia opieku\u0144czo-wychowawcze<br>mgr Izabela \u015awiderska- kszta\u0142cenie zintegrowane klasy I-III<br>lic Agnieszka Wieczorek\u2013 wychowanie przedszkolne<\/p>\n\n\n\n<p>Pracownicy administracji:<br>mgr Iwona Samsonowicz-Smole\u0144ska \u2013 g\u0142\u00f3wna ksi\u0119gowa<br>mgr Ilona Solarz \u2013 sekretarz szko\u0142y<\/p>\n","protected":false},"excerpt":{"rendered":"<p>Dyrektor szko\u0142y:mgr Katarzyna Szpanier mgr Justyna B\u0105k \u2013 zaj\u0119cia opieku\u0144czo-wychowawczemgr Ewa Bili\u0144ska\u2013 zaj\u0119cia opieku\u0144czo-wychowawczemgr Marcin Fabisiak \u2013 zaj\u0119cia opieku\u0144czo \u2013 wychowawczemgr Wojciech Fiszer \u2013 historia, wos, geografia, przyroda, chemia, fizyka, informatykaks. dr Damian Fleszer- religiamgr Paulina Jarczewska &#8211; j\u0119zyk angielskimgr Karolina Kinder-Wise\u0142ka- j\u0119zyk niemieckimgr Iwona Kurowska \u2013 j\u0119zyk polskimgr Barbara Mazur\u2013 zaj\u0119cia opieku\u0144czo-wychowawczemgr Izabela Niewiadomska- [&hellip;]<\/p>\n","protected":false},"author":5,"featured_media":0,"parent":0,"menu_order":0,"comment_status":"closed","ping_status":"closed","template":"","meta":{"footnotes":""},"class_list":["post-287","page","type-page","status-publish","hentry"],"_links":{"self":[{"href":"https:\/\/www.orlik.kudowa-zdroj.dolnyslask.pl\/index.php\/wp-json\/wp\/v2\/pages\/287","targetHints":{"allow":["GET"]}}],"collection":[{"href":"https:\/\/www.orlik.kudowa-zdroj.dolnyslask.pl\/index.php\/wp-json\/wp\/v2\/pages"}],"about":[{"href":"https:\/\/www.orlik.kudowa-zdroj.dolnyslask.pl\/index.php\/wp-json\/wp\/v2\/types\/page"}],"author":[{"embeddable":true,"href":"https:\/\/www.orlik.kudowa-zdroj.dolnyslask.pl\/index.php\/wp-json\/wp\/v2\/users\/5"}],"replies":[{"embeddable":true,"href":"https:\/\/www.orlik.kudowa-zdroj.dolnyslask.pl\/index.php\/wp-json\/wp\/v2\/comments?post=287"}],"version-history":[{"count":15,"href":"https:\/\/www.orlik.kudowa-zdroj.dolnyslask.pl\/index.php\/wp-json\/wp\/v2\/pages\/287\/revisions"}],"predecessor-version":[{"id":2926,"href":"https:\/\/www.orlik.kudowa-zdroj.dolnyslask.pl\/index.php\/wp-json\/wp\/v2\/pages\/287\/revisions\/2926"}],"wp:attachment":[{"href":"https:\/\/www.orlik.kudowa-zdroj.dolnyslask.pl\/index.php\/wp-json\/wp\/v2\/media?parent=287"}],"curies":[{"name":"wp","href":"https:\/\/api.w.org\/{rel}","templated":true}]}}