{"id":206,"date":"2021-08-19T21:30:06","date_gmt":"2021-08-19T19:30:06","guid":{"rendered":"http:\/\/www.orlik.kudowa-zdroj.dolnyslask.pl\/?page_id=206"},"modified":"2025-06-11T09:30:07","modified_gmt":"2025-06-11T07:30:07","slug":"dane-kontaktowe","status":"publish","type":"page","link":"https:\/\/www.orlik.kudowa-zdroj.dolnyslask.pl\/index.php\/dane-kontaktowe\/","title":{"rendered":"DANE KONTAKTOWE"},"content":{"rendered":"\n<p class=\"has-large-font-size\">Kontakt:<br><strong>Dolno\u015bl\u0105ska Szko\u0142a Podstawowa Specjalna Nr 4<br>przy Szpitalu Rehabilitacyjnym Hematologicznym &#8222;Orlik&#8221;<br>ul. Bukowina 1 , 57-350 Kudowa Zdr\u00f3j<br>tel\/fax 74 8666126 ,<\/strong><\/p>\n\n\n\n<p>email sekretariat-orlik@edu.dolnyslask.pl<br><\/p>\n\n\n\n<p class=\"has-regular-font-size\"><strong>Elektroniczna skrytka podawcza na ePUAP:\/DSPSOrlik\/SkrytkaESP<\/strong><br><\/p>\n\n\n\n<p class=\"has-regular-font-size\"><strong>Dyr. Szko\u0142y &#8211; mgr Katarzyna Szpanier  katarzyna.szpanier@edu.dolnyslask.pl<\/strong><br><\/p>\n\n\n\n<p class=\"has-regular-font-size\"><strong>G\u0142\u00f3wny ksi\u0119gowy &#8211; Iwona Samsonowicz-Smole\u0144ska Ksiegowosc-orlik@edu.dolnyslask.pl<\/strong><br><\/p>\n\n\n\n<p class=\"has-regular-font-size\"><strong>Sekretarz Szko\u0142y &#8211; Ilona Solarz Sekretariat-orlik@edu.dolnyslask.pl<\/strong><br><\/p>\n\n\n\n<p class=\"has-regular-font-size\">Inspektor ochrony danych &#8211; Janusz Engel enjanusz@o2.pl tel. 796779262 lub listownie<\/p>\n\n\n\n<figure class=\"wp-block-embed\"><div class=\"wp-block-embed__wrapper\">\nhttps:\/\/maps.app.goo.gl\/GqSHDh34zaRtUSxDA\n<\/div><\/figure>\n\n\n\n<p><a href=\"https:\/\/www.google.pl\/maps\/place\/Bukowina+1,+57-350+Kudowa-Zdr%C3%B3j\/@50.4746082,16.2712527,15.75z\/data=!4m16!1m9!3m8!1s0x470e68e829421d4d:0xd5bc9a92e13b7e69!2sBukowina+1,+57-350+Kudowa-Zdr%C3%B3j!3b1!8m2!3d50.4745289!4d16.277869!10e5!16s%2Fg%2F11h463bx64!3m5!1s0x470e68e829421d4d:0xd5bc9a92e13b7e69!8m2!3d50.4745289!4d16.277869!16s%2Fg%2F11h463bx64?entry=ttu&amp;g_ep=EgoyMDI1MDIyNS4wIKXMDSoASAFQAw%3D%3D\">Bukowina 1 \u2013 Mapy Google<\/a><\/p>\n","protected":false},"excerpt":{"rendered":"<p>Kontakt:Dolno\u015bl\u0105ska Szko\u0142a Podstawowa Specjalna Nr 4przy Szpitalu Rehabilitacyjnym Hematologicznym &#8222;Orlik&#8221;ul. Bukowina 1 , 57-350 Kudowa Zdr\u00f3jtel\/fax 74 8666126 , email sekretariat-orlik@edu.dolnyslask.pl Elektroniczna skrytka podawcza na ePUAP:\/DSPSOrlik\/SkrytkaESP Dyr. Szko\u0142y &#8211; mgr Katarzyna Szpanier katarzyna.szpanier@edu.dolnyslask.pl G\u0142\u00f3wny ksi\u0119gowy &#8211; Iwona Samsonowicz-Smole\u0144ska Ksiegowosc-orlik@edu.dolnyslask.pl Sekretarz Szko\u0142y &#8211; Ilona Solarz Sekretariat-orlik@edu.dolnyslask.pl Inspektor ochrony danych &#8211; Janusz Engel enjanusz@o2.pl tel. 796779262 lub [&hellip;]<\/p>\n","protected":false},"author":3,"featured_media":0,"parent":0,"menu_order":0,"comment_status":"closed","ping_status":"closed","template":"","meta":{"footnotes":""},"class_list":["post-206","page","type-page","status-publish","hentry"],"_links":{"self":[{"href":"https:\/\/www.orlik.kudowa-zdroj.dolnyslask.pl\/index.php\/wp-json\/wp\/v2\/pages\/206","targetHints":{"allow":["GET"]}}],"collection":[{"href":"https:\/\/www.orlik.kudowa-zdroj.dolnyslask.pl\/index.php\/wp-json\/wp\/v2\/pages"}],"about":[{"href":"https:\/\/www.orlik.kudowa-zdroj.dolnyslask.pl\/index.php\/wp-json\/wp\/v2\/types\/page"}],"author":[{"embeddable":true,"href":"https:\/\/www.orlik.kudowa-zdroj.dolnyslask.pl\/index.php\/wp-json\/wp\/v2\/users\/3"}],"replies":[{"embeddable":true,"href":"https:\/\/www.orlik.kudowa-zdroj.dolnyslask.pl\/index.php\/wp-json\/wp\/v2\/comments?post=206"}],"version-history":[{"count":10,"href":"https:\/\/www.orlik.kudowa-zdroj.dolnyslask.pl\/index.php\/wp-json\/wp\/v2\/pages\/206\/revisions"}],"predecessor-version":[{"id":4754,"href":"https:\/\/www.orlik.kudowa-zdroj.dolnyslask.pl\/index.php\/wp-json\/wp\/v2\/pages\/206\/revisions\/4754"}],"wp:attachment":[{"href":"https:\/\/www.orlik.kudowa-zdroj.dolnyslask.pl\/index.php\/wp-json\/wp\/v2\/media?parent=206"}],"curies":[{"name":"wp","href":"https:\/\/api.w.org\/{rel}","templated":true}]}}