{"id":2002,"date":"2023-06-07T12:14:48","date_gmt":"2023-06-07T10:14:48","guid":{"rendered":"http:\/\/www.orlik.kudowa-zdroj.dolnyslask.pl\/?page_id=2002"},"modified":"2023-06-07T12:14:49","modified_gmt":"2023-06-07T10:14:49","slug":"radio-wroclaw","status":"publish","type":"page","link":"https:\/\/www.orlik.kudowa-zdroj.dolnyslask.pl\/index.php\/radio-wroclaw\/","title":{"rendered":"RADIO WROC\u0141AW"},"content":{"rendered":"\n<p>\u00a0W dzie\u0144 dziecka Radio Wroc\u0142aw odwiedzi\u0142o plac\u00f3wk\u0119, kt\u00f3ra przynale\u017cy do sp\u00f3\u0142ki Sanatoria Dolno\u015bl\u0105skie i przyjmuje dzieci, kt\u00f3rym pomaga powr\u00f3ci\u0107 do zdrowia. W o\u015brodku wa\u017cna jest te\u017c edukacja i wype\u0142nienie najm\u0142odszym czasu wolnego. Poza zabiegami, dzieci ucz\u0119szczaj\u0105 na lekcje w dzia\u0142aj\u0105cej w szpitalu szkole.<\/p>\n\n\n\n<p><a href=\"https:\/\/www.radiowroclaw.pl\/articles\/view\/130655\/W-dniu-dziecka-Radio-Wroclaw-odwiedzilo-Szpital-Rehabilitacyjny-Hematologiczny-Orlik?fbclid=IwAR1ZE3TDp_koizdhxLb3tGqq9SA8lWI8S7Vyd0HW9a3lgm1NHRrvAt2cHmM\">W dniu dziecka Radio Wroc\u0142aw odwiedzi\u0142o Szpital Rehabilitacyjny Hematologiczny &#8222;Orlik&#8221; &#8211; Radio Wroc\u0142aw (radiowroclaw.pl)<\/a><\/p>\n\n\n\n<figure class=\"wp-block-gallery has-nested-images columns-default is-cropped wp-block-gallery-1 is-layout-flex wp-block-gallery-is-layout-flex\">\n<figure class=\"wp-block-image size-large\"><img loading=\"lazy\" decoding=\"async\" width=\"1024\" height=\"680\" data-id=\"2017\" src=\"https:\/\/www.orlik.kudowa-zdroj.dolnyslask.pl\/wp-content\/uploads\/2023\/06\/IMGP5439-1024x680.jpg\" alt=\"\" class=\"wp-image-2017\" srcset=\"https:\/\/www.orlik.kudowa-zdroj.dolnyslask.pl\/wp-content\/uploads\/2023\/06\/IMGP5439-1024x680.jpg 1024w, https:\/\/www.orlik.kudowa-zdroj.dolnyslask.pl\/wp-content\/uploads\/2023\/06\/IMGP5439-300x199.jpg 300w, https:\/\/www.orlik.kudowa-zdroj.dolnyslask.pl\/wp-content\/uploads\/2023\/06\/IMGP5439-768x510.jpg 768w, https:\/\/www.orlik.kudowa-zdroj.dolnyslask.pl\/wp-content\/uploads\/2023\/06\/IMGP5439-1536x1020.jpg 1536w, https:\/\/www.orlik.kudowa-zdroj.dolnyslask.pl\/wp-content\/uploads\/2023\/06\/IMGP5439-2048x1360.jpg 2048w\" sizes=\"auto, (max-width: 1024px) 100vw, 1024px\" \/><\/figure>\n\n\n\n<figure class=\"wp-block-image size-large\"><img loading=\"lazy\" decoding=\"async\" width=\"1024\" height=\"680\" data-id=\"2014\" src=\"https:\/\/www.orlik.kudowa-zdroj.dolnyslask.pl\/wp-content\/uploads\/2023\/06\/radio-1-1024x680.jpg\" alt=\"\" class=\"wp-image-2014\" srcset=\"https:\/\/www.orlik.kudowa-zdroj.dolnyslask.pl\/wp-content\/uploads\/2023\/06\/radio-1-1024x680.jpg 1024w, https:\/\/www.orlik.kudowa-zdroj.dolnyslask.pl\/wp-content\/uploads\/2023\/06\/radio-1-300x199.jpg 300w, https:\/\/www.orlik.kudowa-zdroj.dolnyslask.pl\/wp-content\/uploads\/2023\/06\/radio-1-768x510.jpg 768w, https:\/\/www.orlik.kudowa-zdroj.dolnyslask.pl\/wp-content\/uploads\/2023\/06\/radio-1-1536x1020.jpg 1536w, https:\/\/www.orlik.kudowa-zdroj.dolnyslask.pl\/wp-content\/uploads\/2023\/06\/radio-1-2048x1360.jpg 2048w\" sizes=\"auto, (max-width: 1024px) 100vw, 1024px\" \/><\/figure>\n\n\n\n<figure class=\"wp-block-image size-large\"><img loading=\"lazy\" decoding=\"async\" width=\"1024\" height=\"680\" data-id=\"2020\" src=\"https:\/\/www.orlik.kudowa-zdroj.dolnyslask.pl\/wp-content\/uploads\/2023\/06\/rdaio-2-1024x680.jpg\" alt=\"\" class=\"wp-image-2020\" srcset=\"https:\/\/www.orlik.kudowa-zdroj.dolnyslask.pl\/wp-content\/uploads\/2023\/06\/rdaio-2-1024x680.jpg 1024w, https:\/\/www.orlik.kudowa-zdroj.dolnyslask.pl\/wp-content\/uploads\/2023\/06\/rdaio-2-300x199.jpg 300w, https:\/\/www.orlik.kudowa-zdroj.dolnyslask.pl\/wp-content\/uploads\/2023\/06\/rdaio-2-768x510.jpg 768w, https:\/\/www.orlik.kudowa-zdroj.dolnyslask.pl\/wp-content\/uploads\/2023\/06\/rdaio-2-1536x1020.jpg 1536w, https:\/\/www.orlik.kudowa-zdroj.dolnyslask.pl\/wp-content\/uploads\/2023\/06\/rdaio-2-2048x1360.jpg 2048w\" sizes=\"auto, (max-width: 1024px) 100vw, 1024px\" \/><\/figure>\n<\/figure>\n","protected":false},"excerpt":{"rendered":"<p>\u00a0W dzie\u0144 dziecka Radio Wroc\u0142aw odwiedzi\u0142o plac\u00f3wk\u0119, kt\u00f3ra przynale\u017cy do sp\u00f3\u0142ki Sanatoria Dolno\u015bl\u0105skie i przyjmuje dzieci, kt\u00f3rym pomaga powr\u00f3ci\u0107 do zdrowia. W o\u015brodku wa\u017cna jest te\u017c edukacja i wype\u0142nienie najm\u0142odszym czasu wolnego. Poza zabiegami, dzieci ucz\u0119szczaj\u0105 na lekcje w dzia\u0142aj\u0105cej w szpitalu szkole. W dniu dziecka Radio Wroc\u0142aw odwiedzi\u0142o Szpital Rehabilitacyjny Hematologiczny &#8222;Orlik&#8221; &#8211; Radio [&hellip;]<\/p>\n","protected":false},"author":3,"featured_media":0,"parent":0,"menu_order":0,"comment_status":"closed","ping_status":"closed","template":"","meta":{"footnotes":""},"class_list":["post-2002","page","type-page","status-publish","hentry"],"_links":{"self":[{"href":"https:\/\/www.orlik.kudowa-zdroj.dolnyslask.pl\/index.php\/wp-json\/wp\/v2\/pages\/2002","targetHints":{"allow":["GET"]}}],"collection":[{"href":"https:\/\/www.orlik.kudowa-zdroj.dolnyslask.pl\/index.php\/wp-json\/wp\/v2\/pages"}],"about":[{"href":"https:\/\/www.orlik.kudowa-zdroj.dolnyslask.pl\/index.php\/wp-json\/wp\/v2\/types\/page"}],"author":[{"embeddable":true,"href":"https:\/\/www.orlik.kudowa-zdroj.dolnyslask.pl\/index.php\/wp-json\/wp\/v2\/users\/3"}],"replies":[{"embeddable":true,"href":"https:\/\/www.orlik.kudowa-zdroj.dolnyslask.pl\/index.php\/wp-json\/wp\/v2\/comments?post=2002"}],"version-history":[{"count":1,"href":"https:\/\/www.orlik.kudowa-zdroj.dolnyslask.pl\/index.php\/wp-json\/wp\/v2\/pages\/2002\/revisions"}],"predecessor-version":[{"id":2023,"href":"https:\/\/www.orlik.kudowa-zdroj.dolnyslask.pl\/index.php\/wp-json\/wp\/v2\/pages\/2002\/revisions\/2023"}],"wp:attachment":[{"href":"https:\/\/www.orlik.kudowa-zdroj.dolnyslask.pl\/index.php\/wp-json\/wp\/v2\/media?parent=2002"}],"curies":[{"name":"wp","href":"https:\/\/api.w.org\/{rel}","templated":true}]}}