{"id":1620,"date":"2022-12-19T10:35:56","date_gmt":"2022-12-19T09:35:56","guid":{"rendered":"http:\/\/www.orlik.kudowa-zdroj.dolnyslask.pl\/?page_id=1620"},"modified":"2025-03-25T08:38:50","modified_gmt":"2025-03-25T07:38:50","slug":"sponsorzy-i-darczyncy","status":"publish","type":"page","link":"https:\/\/www.orlik.kudowa-zdroj.dolnyslask.pl\/index.php\/sponsorzy-i-darczyncy\/","title":{"rendered":"SPONSORZY I DARCZY\u0143CY"},"content":{"rendered":"\n<figure class=\"wp-block-image size-full\"><img loading=\"lazy\" decoding=\"async\" width=\"300\" height=\"70\" src=\"https:\/\/www.orlik.kudowa-zdroj.dolnyslask.pl\/wp-content\/uploads\/2023\/02\/wemeco-1-1.jpg\" alt=\"\" class=\"wp-image-1803\"\/><\/figure>\n\n\n\n<p><a href=\"https:\/\/wemeco.pl\/\">Wemeco &#8211; Your Trusted Production Partner &#8211; Wemeco &#8211; Your Trusted Production Partner<\/a><\/p>\n\n\n\n<figure class=\"wp-block-image size-full\"><img loading=\"lazy\" decoding=\"async\" width=\"162\" height=\"115\" src=\"https:\/\/www.orlik.kudowa-zdroj.dolnyslask.pl\/wp-content\/uploads\/2025\/02\/airport.jpg\" alt=\"\" class=\"wp-image-4114\"\/><\/figure>\n\n\n\n<p><a href=\"https:\/\/airport.wroclaw.pl\/\">Port Lotniczy Wroc\u0142aw<\/a><\/p>\n\n\n\n<figure class=\"wp-block-image size-full\"><img loading=\"lazy\" decoding=\"async\" width=\"317\" height=\"181\" src=\"https:\/\/www.orlik.kudowa-zdroj.dolnyslask.pl\/wp-content\/uploads\/2025\/02\/lot.jpg\" alt=\"\" class=\"wp-image-4117\" srcset=\"https:\/\/www.orlik.kudowa-zdroj.dolnyslask.pl\/wp-content\/uploads\/2025\/02\/lot.jpg 317w, https:\/\/www.orlik.kudowa-zdroj.dolnyslask.pl\/wp-content\/uploads\/2025\/02\/lot-300x171.jpg 300w\" sizes=\"auto, (max-width: 317px) 100vw, 317px\" \/><\/figure>\n\n\n\n<p><a href=\"https:\/\/www.lot.com\/pl\/pl\">Polish Airlines  LOT<\/a><\/p>\n\n\n\n<figure class=\"wp-block-image size-full\"><img loading=\"lazy\" decoding=\"async\" width=\"405\" height=\"292\" src=\"https:\/\/www.orlik.kudowa-zdroj.dolnyslask.pl\/wp-content\/uploads\/2025\/02\/cafedomek.jpg\" alt=\"\" class=\"wp-image-4120\" srcset=\"https:\/\/www.orlik.kudowa-zdroj.dolnyslask.pl\/wp-content\/uploads\/2025\/02\/cafedomek.jpg 405w, https:\/\/www.orlik.kudowa-zdroj.dolnyslask.pl\/wp-content\/uploads\/2025\/02\/cafedomek-300x216.jpg 300w\" sizes=\"auto, (max-width: 405px) 100vw, 405px\" \/><\/figure>\n\n\n\n<p><a href=\"https:\/\/cafedomek.pl\/\">Restauracja Cafe Domek <\/a><\/p>\n\n\n\n<p><\/p>\n\n\n\n<figure class=\"wp-block-image size-full\"><img loading=\"lazy\" decoding=\"async\" width=\"300\" height=\"178\" src=\"https:\/\/www.orlik.kudowa-zdroj.dolnyslask.pl\/wp-content\/uploads\/2023\/02\/nowemedia-2.jpg\" alt=\"\" class=\"wp-image-1806\"\/><\/figure>\n\n\n\n<p><a href=\"http:\/\/nowa.media\/\">Nowa Media &#8211; Billboard | Druk | Media &#8211; Nowa jako\u015b\u0107 reklamy<\/a><\/p>\n\n\n\n<p><\/p>\n\n\n\n<p><\/p>\n\n\n\n<figure class=\"wp-block-image size-full\"><img loading=\"lazy\" decoding=\"async\" width=\"300\" height=\"300\" src=\"https:\/\/www.orlik.kudowa-zdroj.dolnyslask.pl\/wp-content\/uploads\/2023\/02\/gorystolowe-1.jpg\" alt=\"\" class=\"wp-image-1809\" srcset=\"https:\/\/www.orlik.kudowa-zdroj.dolnyslask.pl\/wp-content\/uploads\/2023\/02\/gorystolowe-1.jpg 300w, https:\/\/www.orlik.kudowa-zdroj.dolnyslask.pl\/wp-content\/uploads\/2023\/02\/gorystolowe-1-150x150.jpg 150w\" sizes=\"auto, (max-width: 300px) 100vw, 300px\" \/><\/figure>\n\n\n\n<p><a href=\"https:\/\/www.pngs.com.pl\/\">Park Narodowy G\u00f3r Sto\u0142owych (pngs.com.pl)<\/a><\/p>\n\n\n\n<p><\/p>\n\n\n\n<p><\/p>\n\n\n\n<figure class=\"wp-block-image size-full\"><img loading=\"lazy\" decoding=\"async\" width=\"300\" height=\"88\" src=\"https:\/\/www.orlik.kudowa-zdroj.dolnyslask.pl\/wp-content\/uploads\/2023\/02\/KUDOWSKIE-SPA-1-1.jpg\" alt=\"\" class=\"wp-image-1812\"\/><\/figure>\n\n\n\n<p><a href=\"https:\/\/kudowskiespa.pl\/\">Kudowskie SPA &#8211; masa\u017ce orientalne, ajurwedyjskie i klasyczne<\/a><\/p>\n\n\n\n<p><\/p>\n\n\n\n<p><\/p>\n\n\n\n<figure class=\"wp-block-image size-full\"><img loading=\"lazy\" decoding=\"async\" width=\"300\" height=\"77\" src=\"https:\/\/www.orlik.kudowa-zdroj.dolnyslask.pl\/wp-content\/uploads\/2023\/02\/pas_de_lart-1024x262-2.jpg\" alt=\"\" class=\"wp-image-1815\"\/><\/figure>\n\n\n\n<p><a href=\"https:\/\/pasdelart.pl\/\">Home (pasdelart.pl)<\/a><\/p>\n\n\n\n<figure class=\"wp-block-image size-full is-resized\"><img loading=\"lazy\" decoding=\"async\" width=\"418\" height=\"250\" src=\"https:\/\/www.orlik.kudowa-zdroj.dolnyslask.pl\/wp-content\/uploads\/2023\/06\/radiowroclaw.jpg\" alt=\"\" class=\"wp-image-2065\" style=\"width:346px;height:207px\" srcset=\"https:\/\/www.orlik.kudowa-zdroj.dolnyslask.pl\/wp-content\/uploads\/2023\/06\/radiowroclaw.jpg 418w, https:\/\/www.orlik.kudowa-zdroj.dolnyslask.pl\/wp-content\/uploads\/2023\/06\/radiowroclaw-300x179.jpg 300w\" sizes=\"auto, (max-width: 418px) 100vw, 418px\" \/><\/figure>\n\n\n\n<p><a href=\"https:\/\/www.radiowroclaw.pl\/\">Portal Radia Wroc\u0142aw &#8211; Radio Wroc\u0142aw (radiowroclaw.pl)<\/a><\/p>\n\n\n\n<figure class=\"wp-block-image size-full is-resized\"><img loading=\"lazy\" decoding=\"async\" width=\"453\" height=\"136\" src=\"https:\/\/www.orlik.kudowa-zdroj.dolnyslask.pl\/wp-content\/uploads\/2023\/06\/orange.jpg\" alt=\"\" class=\"wp-image-2071\" style=\"width:363px;height:109px\" srcset=\"https:\/\/www.orlik.kudowa-zdroj.dolnyslask.pl\/wp-content\/uploads\/2023\/06\/orange.jpg 453w, https:\/\/www.orlik.kudowa-zdroj.dolnyslask.pl\/wp-content\/uploads\/2023\/06\/orange-300x90.jpg 300w\" sizes=\"auto, (max-width: 453px) 100vw, 453px\" \/><\/figure>\n\n\n\n<p><a href=\"https:\/\/fundacja.orange.pl\/\">Fundacja Orange<\/a><\/p>\n\n\n\n<figure class=\"wp-block-image size-full\"><img loading=\"lazy\" decoding=\"async\" width=\"300\" height=\"140\" src=\"https:\/\/www.orlik.kudowa-zdroj.dolnyslask.pl\/wp-content\/uploads\/2023\/06\/irenaeris.jpg\" alt=\"\" class=\"wp-image-2074\"\/><\/figure>\n\n\n\n<p><a href=\"https:\/\/www.drirenaeris.com\/\">Dr Irena Eris | Poznaj \u015bwiat marki<\/a><\/p>\n\n\n\n<figure class=\"wp-block-image size-full is-resized\"><img loading=\"lazy\" decoding=\"async\" width=\"374\" height=\"280\" src=\"https:\/\/www.orlik.kudowa-zdroj.dolnyslask.pl\/wp-content\/uploads\/2023\/06\/unicef.jpg\" alt=\"\" class=\"wp-image-2077\" style=\"width:272px;height:204px\" srcset=\"https:\/\/www.orlik.kudowa-zdroj.dolnyslask.pl\/wp-content\/uploads\/2023\/06\/unicef.jpg 374w, https:\/\/www.orlik.kudowa-zdroj.dolnyslask.pl\/wp-content\/uploads\/2023\/06\/unicef-300x225.jpg 300w\" sizes=\"auto, (max-width: 374px) 100vw, 374px\" \/><\/figure>\n\n\n\n<p><a href=\"https:\/\/unicef.pl\/\">UNICEF Polska \u2013 pomagamy dzieciom<\/a><\/p>\n\n\n\n<p><\/p>\n\n\n\n<figure class=\"wp-block-gallery has-nested-images columns-default is-cropped wp-block-gallery-1 is-layout-flex wp-block-gallery-is-layout-flex\">\n<figure class=\"wp-block-image size-medium\"><img loading=\"lazy\" decoding=\"async\" width=\"224\" height=\"300\" data-id=\"2047\" src=\"https:\/\/www.orlik.kudowa-zdroj.dolnyslask.pl\/wp-content\/uploads\/2023\/06\/IMG_20230605_104049-1-224x300.jpg\" alt=\"\" class=\"wp-image-2047\" srcset=\"https:\/\/www.orlik.kudowa-zdroj.dolnyslask.pl\/wp-content\/uploads\/2023\/06\/IMG_20230605_104049-1-224x300.jpg 224w, https:\/\/www.orlik.kudowa-zdroj.dolnyslask.pl\/wp-content\/uploads\/2023\/06\/IMG_20230605_104049-1-766x1024.jpg 766w, https:\/\/www.orlik.kudowa-zdroj.dolnyslask.pl\/wp-content\/uploads\/2023\/06\/IMG_20230605_104049-1-768x1026.jpg 768w, https:\/\/www.orlik.kudowa-zdroj.dolnyslask.pl\/wp-content\/uploads\/2023\/06\/IMG_20230605_104049-1-1149x1536.jpg 1149w, https:\/\/www.orlik.kudowa-zdroj.dolnyslask.pl\/wp-content\/uploads\/2023\/06\/IMG_20230605_104049-1-1532x2048.jpg 1532w, https:\/\/www.orlik.kudowa-zdroj.dolnyslask.pl\/wp-content\/uploads\/2023\/06\/IMG_20230605_104049-1-scaled.jpg 1916w\" sizes=\"auto, (max-width: 224px) 100vw, 224px\" \/><\/figure>\n\n\n\n<figure class=\"wp-block-image size-large\"><img loading=\"lazy\" decoding=\"async\" width=\"766\" height=\"1024\" data-id=\"2032\" src=\"https:\/\/www.orlik.kudowa-zdroj.dolnyslask.pl\/wp-content\/uploads\/2023\/06\/IMG_20230605_104630-1-766x1024.jpg\" alt=\"\" class=\"wp-image-2032\" srcset=\"https:\/\/www.orlik.kudowa-zdroj.dolnyslask.pl\/wp-content\/uploads\/2023\/06\/IMG_20230605_104630-1-766x1024.jpg 766w, https:\/\/www.orlik.kudowa-zdroj.dolnyslask.pl\/wp-content\/uploads\/2023\/06\/IMG_20230605_104630-1-224x300.jpg 224w, https:\/\/www.orlik.kudowa-zdroj.dolnyslask.pl\/wp-content\/uploads\/2023\/06\/IMG_20230605_104630-1-768x1026.jpg 768w, https:\/\/www.orlik.kudowa-zdroj.dolnyslask.pl\/wp-content\/uploads\/2023\/06\/IMG_20230605_104630-1-1149x1536.jpg 1149w, https:\/\/www.orlik.kudowa-zdroj.dolnyslask.pl\/wp-content\/uploads\/2023\/06\/IMG_20230605_104630-1-1532x2048.jpg 1532w, https:\/\/www.orlik.kudowa-zdroj.dolnyslask.pl\/wp-content\/uploads\/2023\/06\/IMG_20230605_104630-1-scaled.jpg 1916w\" sizes=\"auto, (max-width: 766px) 100vw, 766px\" \/><\/figure>\n\n\n\n<figure class=\"wp-block-image size-large\"><img loading=\"lazy\" decoding=\"async\" width=\"766\" height=\"1024\" data-id=\"2044\" src=\"https:\/\/www.orlik.kudowa-zdroj.dolnyslask.pl\/wp-content\/uploads\/2023\/06\/IMG_20230605_105432-1-766x1024.jpg\" alt=\"\" class=\"wp-image-2044\" srcset=\"https:\/\/www.orlik.kudowa-zdroj.dolnyslask.pl\/wp-content\/uploads\/2023\/06\/IMG_20230605_105432-1-766x1024.jpg 766w, https:\/\/www.orlik.kudowa-zdroj.dolnyslask.pl\/wp-content\/uploads\/2023\/06\/IMG_20230605_105432-1-224x300.jpg 224w, https:\/\/www.orlik.kudowa-zdroj.dolnyslask.pl\/wp-content\/uploads\/2023\/06\/IMG_20230605_105432-1-768x1026.jpg 768w, https:\/\/www.orlik.kudowa-zdroj.dolnyslask.pl\/wp-content\/uploads\/2023\/06\/IMG_20230605_105432-1-1149x1536.jpg 1149w, https:\/\/www.orlik.kudowa-zdroj.dolnyslask.pl\/wp-content\/uploads\/2023\/06\/IMG_20230605_105432-1-1532x2048.jpg 1532w, https:\/\/www.orlik.kudowa-zdroj.dolnyslask.pl\/wp-content\/uploads\/2023\/06\/IMG_20230605_105432-1-scaled.jpg 1916w\" sizes=\"auto, (max-width: 766px) 100vw, 766px\" \/><\/figure>\n\n\n\n<figure class=\"wp-block-image size-large\"><img loading=\"lazy\" decoding=\"async\" width=\"766\" height=\"1024\" data-id=\"2038\" src=\"https:\/\/www.orlik.kudowa-zdroj.dolnyslask.pl\/wp-content\/uploads\/2023\/06\/IMG_20230605_105446-766x1024.jpg\" alt=\"\" class=\"wp-image-2038\" srcset=\"https:\/\/www.orlik.kudowa-zdroj.dolnyslask.pl\/wp-content\/uploads\/2023\/06\/IMG_20230605_105446-766x1024.jpg 766w, https:\/\/www.orlik.kudowa-zdroj.dolnyslask.pl\/wp-content\/uploads\/2023\/06\/IMG_20230605_105446-224x300.jpg 224w, https:\/\/www.orlik.kudowa-zdroj.dolnyslask.pl\/wp-content\/uploads\/2023\/06\/IMG_20230605_105446-768x1026.jpg 768w, https:\/\/www.orlik.kudowa-zdroj.dolnyslask.pl\/wp-content\/uploads\/2023\/06\/IMG_20230605_105446-1149x1536.jpg 1149w, https:\/\/www.orlik.kudowa-zdroj.dolnyslask.pl\/wp-content\/uploads\/2023\/06\/IMG_20230605_105446-1532x2048.jpg 1532w, https:\/\/www.orlik.kudowa-zdroj.dolnyslask.pl\/wp-content\/uploads\/2023\/06\/IMG_20230605_105446-scaled.jpg 1916w\" sizes=\"auto, (max-width: 766px) 100vw, 766px\" \/><\/figure>\n\n\n\n<figure class=\"wp-block-image size-large\"><img loading=\"lazy\" decoding=\"async\" width=\"766\" height=\"1024\" data-id=\"2029\" src=\"https:\/\/www.orlik.kudowa-zdroj.dolnyslask.pl\/wp-content\/uploads\/2023\/06\/IMG_20230605_105452-766x1024.jpg\" alt=\"\" class=\"wp-image-2029\" srcset=\"https:\/\/www.orlik.kudowa-zdroj.dolnyslask.pl\/wp-content\/uploads\/2023\/06\/IMG_20230605_105452-766x1024.jpg 766w, https:\/\/www.orlik.kudowa-zdroj.dolnyslask.pl\/wp-content\/uploads\/2023\/06\/IMG_20230605_105452-224x300.jpg 224w, https:\/\/www.orlik.kudowa-zdroj.dolnyslask.pl\/wp-content\/uploads\/2023\/06\/IMG_20230605_105452-768x1026.jpg 768w, https:\/\/www.orlik.kudowa-zdroj.dolnyslask.pl\/wp-content\/uploads\/2023\/06\/IMG_20230605_105452-1149x1536.jpg 1149w, https:\/\/www.orlik.kudowa-zdroj.dolnyslask.pl\/wp-content\/uploads\/2023\/06\/IMG_20230605_105452-1532x2048.jpg 1532w, https:\/\/www.orlik.kudowa-zdroj.dolnyslask.pl\/wp-content\/uploads\/2023\/06\/IMG_20230605_105452-scaled.jpg 1916w\" sizes=\"auto, (max-width: 766px) 100vw, 766px\" \/><\/figure>\n\n\n\n<figure class=\"wp-block-image size-large\"><img loading=\"lazy\" decoding=\"async\" width=\"766\" height=\"1024\" data-id=\"2050\" src=\"https:\/\/www.orlik.kudowa-zdroj.dolnyslask.pl\/wp-content\/uploads\/2023\/06\/IMG_20230605_105601-766x1024.jpg\" alt=\"\" class=\"wp-image-2050\" srcset=\"https:\/\/www.orlik.kudowa-zdroj.dolnyslask.pl\/wp-content\/uploads\/2023\/06\/IMG_20230605_105601-766x1024.jpg 766w, https:\/\/www.orlik.kudowa-zdroj.dolnyslask.pl\/wp-content\/uploads\/2023\/06\/IMG_20230605_105601-224x300.jpg 224w, https:\/\/www.orlik.kudowa-zdroj.dolnyslask.pl\/wp-content\/uploads\/2023\/06\/IMG_20230605_105601-768x1026.jpg 768w, https:\/\/www.orlik.kudowa-zdroj.dolnyslask.pl\/wp-content\/uploads\/2023\/06\/IMG_20230605_105601-1149x1536.jpg 1149w, https:\/\/www.orlik.kudowa-zdroj.dolnyslask.pl\/wp-content\/uploads\/2023\/06\/IMG_20230605_105601-1532x2048.jpg 1532w, https:\/\/www.orlik.kudowa-zdroj.dolnyslask.pl\/wp-content\/uploads\/2023\/06\/IMG_20230605_105601-scaled.jpg 1916w\" sizes=\"auto, (max-width: 766px) 100vw, 766px\" \/><\/figure>\n\n\n\n<figure class=\"wp-block-image size-large\"><img loading=\"lazy\" decoding=\"async\" width=\"766\" height=\"1024\" data-id=\"2056\" src=\"https:\/\/www.orlik.kudowa-zdroj.dolnyslask.pl\/wp-content\/uploads\/2023\/06\/IMG_20230605_105817-766x1024.jpg\" alt=\"\" class=\"wp-image-2056\" srcset=\"https:\/\/www.orlik.kudowa-zdroj.dolnyslask.pl\/wp-content\/uploads\/2023\/06\/IMG_20230605_105817-766x1024.jpg 766w, https:\/\/www.orlik.kudowa-zdroj.dolnyslask.pl\/wp-content\/uploads\/2023\/06\/IMG_20230605_105817-224x300.jpg 224w, https:\/\/www.orlik.kudowa-zdroj.dolnyslask.pl\/wp-content\/uploads\/2023\/06\/IMG_20230605_105817-768x1026.jpg 768w, https:\/\/www.orlik.kudowa-zdroj.dolnyslask.pl\/wp-content\/uploads\/2023\/06\/IMG_20230605_105817-1149x1536.jpg 1149w, https:\/\/www.orlik.kudowa-zdroj.dolnyslask.pl\/wp-content\/uploads\/2023\/06\/IMG_20230605_105817-1532x2048.jpg 1532w, https:\/\/www.orlik.kudowa-zdroj.dolnyslask.pl\/wp-content\/uploads\/2023\/06\/IMG_20230605_105817-scaled.jpg 1916w\" sizes=\"auto, (max-width: 766px) 100vw, 766px\" \/><\/figure>\n\n\n\n<figure class=\"wp-block-image size-large\"><img loading=\"lazy\" decoding=\"async\" width=\"766\" height=\"1024\" data-id=\"2041\" src=\"https:\/\/www.orlik.kudowa-zdroj.dolnyslask.pl\/wp-content\/uploads\/2023\/06\/IMG_20230605_110140-766x1024.jpg\" alt=\"\" class=\"wp-image-2041\" srcset=\"https:\/\/www.orlik.kudowa-zdroj.dolnyslask.pl\/wp-content\/uploads\/2023\/06\/IMG_20230605_110140-766x1024.jpg 766w, https:\/\/www.orlik.kudowa-zdroj.dolnyslask.pl\/wp-content\/uploads\/2023\/06\/IMG_20230605_110140-224x300.jpg 224w, https:\/\/www.orlik.kudowa-zdroj.dolnyslask.pl\/wp-content\/uploads\/2023\/06\/IMG_20230605_110140-768x1026.jpg 768w, https:\/\/www.orlik.kudowa-zdroj.dolnyslask.pl\/wp-content\/uploads\/2023\/06\/IMG_20230605_110140-1149x1536.jpg 1149w, https:\/\/www.orlik.kudowa-zdroj.dolnyslask.pl\/wp-content\/uploads\/2023\/06\/IMG_20230605_110140-1532x2048.jpg 1532w, https:\/\/www.orlik.kudowa-zdroj.dolnyslask.pl\/wp-content\/uploads\/2023\/06\/IMG_20230605_110140-scaled.jpg 1916w\" sizes=\"auto, (max-width: 766px) 100vw, 766px\" \/><\/figure>\n\n\n\n<figure class=\"wp-block-image size-large\"><img loading=\"lazy\" decoding=\"async\" width=\"766\" height=\"1024\" data-id=\"2053\" src=\"https:\/\/www.orlik.kudowa-zdroj.dolnyslask.pl\/wp-content\/uploads\/2023\/06\/IMG_20230605_110200-766x1024.jpg\" alt=\"\" class=\"wp-image-2053\" srcset=\"https:\/\/www.orlik.kudowa-zdroj.dolnyslask.pl\/wp-content\/uploads\/2023\/06\/IMG_20230605_110200-766x1024.jpg 766w, https:\/\/www.orlik.kudowa-zdroj.dolnyslask.pl\/wp-content\/uploads\/2023\/06\/IMG_20230605_110200-224x300.jpg 224w, https:\/\/www.orlik.kudowa-zdroj.dolnyslask.pl\/wp-content\/uploads\/2023\/06\/IMG_20230605_110200-768x1026.jpg 768w, https:\/\/www.orlik.kudowa-zdroj.dolnyslask.pl\/wp-content\/uploads\/2023\/06\/IMG_20230605_110200-1149x1536.jpg 1149w, https:\/\/www.orlik.kudowa-zdroj.dolnyslask.pl\/wp-content\/uploads\/2023\/06\/IMG_20230605_110200-1532x2048.jpg 1532w, https:\/\/www.orlik.kudowa-zdroj.dolnyslask.pl\/wp-content\/uploads\/2023\/06\/IMG_20230605_110200-scaled.jpg 1916w\" sizes=\"auto, (max-width: 766px) 100vw, 766px\" \/><\/figure>\n<\/figure>\n\n\n\n<p><\/p>\n\n\n\n<figure class=\"wp-block-gallery has-nested-images columns-default is-cropped wp-block-gallery-2 is-layout-flex wp-block-gallery-is-layout-flex\">\n<figure class=\"wp-block-image size-large\"><img loading=\"lazy\" decoding=\"async\" width=\"768\" height=\"1024\" data-id=\"4150\" src=\"https:\/\/www.orlik.kudowa-zdroj.dolnyslask.pl\/wp-content\/uploads\/2025\/03\/sponsor001-768x1024.jpg\" alt=\"\" class=\"wp-image-4150\" srcset=\"https:\/\/www.orlik.kudowa-zdroj.dolnyslask.pl\/wp-content\/uploads\/2025\/03\/sponsor001-768x1024.jpg 768w, https:\/\/www.orlik.kudowa-zdroj.dolnyslask.pl\/wp-content\/uploads\/2025\/03\/sponsor001-225x300.jpg 225w, https:\/\/www.orlik.kudowa-zdroj.dolnyslask.pl\/wp-content\/uploads\/2025\/03\/sponsor001-1152x1536.jpg 1152w, https:\/\/www.orlik.kudowa-zdroj.dolnyslask.pl\/wp-content\/uploads\/2025\/03\/sponsor001.jpg 1500w\" sizes=\"auto, (max-width: 768px) 100vw, 768px\" \/><\/figure>\n\n\n\n<figure class=\"wp-block-image size-large\"><img loading=\"lazy\" decoding=\"async\" width=\"768\" height=\"1024\" data-id=\"4141\" src=\"https:\/\/www.orlik.kudowa-zdroj.dolnyslask.pl\/wp-content\/uploads\/2025\/03\/sponsor002-768x1024.jpg\" alt=\"\" class=\"wp-image-4141\" srcset=\"https:\/\/www.orlik.kudowa-zdroj.dolnyslask.pl\/wp-content\/uploads\/2025\/03\/sponsor002-768x1024.jpg 768w, https:\/\/www.orlik.kudowa-zdroj.dolnyslask.pl\/wp-content\/uploads\/2025\/03\/sponsor002-225x300.jpg 225w, https:\/\/www.orlik.kudowa-zdroj.dolnyslask.pl\/wp-content\/uploads\/2025\/03\/sponsor002-1152x1536.jpg 1152w, https:\/\/www.orlik.kudowa-zdroj.dolnyslask.pl\/wp-content\/uploads\/2025\/03\/sponsor002.jpg 1500w\" sizes=\"auto, (max-width: 768px) 100vw, 768px\" \/><\/figure>\n\n\n\n<figure class=\"wp-block-image size-large\"><img loading=\"lazy\" decoding=\"async\" width=\"768\" height=\"1024\" data-id=\"4147\" src=\"https:\/\/www.orlik.kudowa-zdroj.dolnyslask.pl\/wp-content\/uploads\/2025\/03\/sponsor003-768x1024.jpg\" alt=\"\" class=\"wp-image-4147\" srcset=\"https:\/\/www.orlik.kudowa-zdroj.dolnyslask.pl\/wp-content\/uploads\/2025\/03\/sponsor003-768x1024.jpg 768w, https:\/\/www.orlik.kudowa-zdroj.dolnyslask.pl\/wp-content\/uploads\/2025\/03\/sponsor003-225x300.jpg 225w, https:\/\/www.orlik.kudowa-zdroj.dolnyslask.pl\/wp-content\/uploads\/2025\/03\/sponsor003-1152x1536.jpg 1152w, https:\/\/www.orlik.kudowa-zdroj.dolnyslask.pl\/wp-content\/uploads\/2025\/03\/sponsor003.jpg 1500w\" sizes=\"auto, (max-width: 768px) 100vw, 768px\" \/><\/figure>\n\n\n\n<figure class=\"wp-block-image size-large\"><img loading=\"lazy\" decoding=\"async\" width=\"768\" height=\"1024\" data-id=\"4144\" src=\"https:\/\/www.orlik.kudowa-zdroj.dolnyslask.pl\/wp-content\/uploads\/2025\/03\/sponsor004-768x1024.jpg\" alt=\"\" class=\"wp-image-4144\" srcset=\"https:\/\/www.orlik.kudowa-zdroj.dolnyslask.pl\/wp-content\/uploads\/2025\/03\/sponsor004-768x1024.jpg 768w, https:\/\/www.orlik.kudowa-zdroj.dolnyslask.pl\/wp-content\/uploads\/2025\/03\/sponsor004-225x300.jpg 225w, https:\/\/www.orlik.kudowa-zdroj.dolnyslask.pl\/wp-content\/uploads\/2025\/03\/sponsor004-1152x1536.jpg 1152w, https:\/\/www.orlik.kudowa-zdroj.dolnyslask.pl\/wp-content\/uploads\/2025\/03\/sponsor004.jpg 1500w\" sizes=\"auto, (max-width: 768px) 100vw, 768px\" \/><\/figure>\n\n\n\n<figure class=\"wp-block-image size-large\"><img loading=\"lazy\" decoding=\"async\" width=\"768\" height=\"1024\" data-id=\"4138\" src=\"https:\/\/www.orlik.kudowa-zdroj.dolnyslask.pl\/wp-content\/uploads\/2025\/03\/sponsor005-768x1024.jpg\" alt=\"\" class=\"wp-image-4138\" srcset=\"https:\/\/www.orlik.kudowa-zdroj.dolnyslask.pl\/wp-content\/uploads\/2025\/03\/sponsor005-768x1024.jpg 768w, https:\/\/www.orlik.kudowa-zdroj.dolnyslask.pl\/wp-content\/uploads\/2025\/03\/sponsor005-225x300.jpg 225w, https:\/\/www.orlik.kudowa-zdroj.dolnyslask.pl\/wp-content\/uploads\/2025\/03\/sponsor005-1152x1536.jpg 1152w, https:\/\/www.orlik.kudowa-zdroj.dolnyslask.pl\/wp-content\/uploads\/2025\/03\/sponsor005.jpg 1500w\" sizes=\"auto, (max-width: 768px) 100vw, 768px\" \/><\/figure>\n\n\n\n<figure class=\"wp-block-image size-large\"><img loading=\"lazy\" decoding=\"async\" width=\"768\" height=\"1024\" data-id=\"4153\" src=\"https:\/\/www.orlik.kudowa-zdroj.dolnyslask.pl\/wp-content\/uploads\/2025\/03\/sponsor006-768x1024.jpg\" alt=\"\" class=\"wp-image-4153\" srcset=\"https:\/\/www.orlik.kudowa-zdroj.dolnyslask.pl\/wp-content\/uploads\/2025\/03\/sponsor006-768x1024.jpg 768w, https:\/\/www.orlik.kudowa-zdroj.dolnyslask.pl\/wp-content\/uploads\/2025\/03\/sponsor006-225x300.jpg 225w, https:\/\/www.orlik.kudowa-zdroj.dolnyslask.pl\/wp-content\/uploads\/2025\/03\/sponsor006-1152x1536.jpg 1152w, https:\/\/www.orlik.kudowa-zdroj.dolnyslask.pl\/wp-content\/uploads\/2025\/03\/sponsor006.jpg 1500w\" sizes=\"auto, (max-width: 768px) 100vw, 768px\" \/><\/figure>\n\n\n<\/figure>\n\n\n\n<p><\/p>\n\n\n\n<figure class=\"wp-block-gallery has-nested-images columns-default is-cropped wp-block-gallery-3 is-layout-flex wp-block-gallery-is-layout-flex\">\n<figure class=\"wp-block-image size-large\"><img loading=\"lazy\" decoding=\"async\" width=\"766\" height=\"1024\" data-id=\"2196\" src=\"https:\/\/www.orlik.kudowa-zdroj.dolnyslask.pl\/wp-content\/uploads\/2023\/07\/IMG_20221219_081821-766x1024.jpg\" alt=\"\" class=\"wp-image-2196\" srcset=\"https:\/\/www.orlik.kudowa-zdroj.dolnyslask.pl\/wp-content\/uploads\/2023\/07\/IMG_20221219_081821-766x1024.jpg 766w, https:\/\/www.orlik.kudowa-zdroj.dolnyslask.pl\/wp-content\/uploads\/2023\/07\/IMG_20221219_081821-224x300.jpg 224w, https:\/\/www.orlik.kudowa-zdroj.dolnyslask.pl\/wp-content\/uploads\/2023\/07\/IMG_20221219_081821-768x1026.jpg 768w, https:\/\/www.orlik.kudowa-zdroj.dolnyslask.pl\/wp-content\/uploads\/2023\/07\/IMG_20221219_081821-1149x1536.jpg 1149w, https:\/\/www.orlik.kudowa-zdroj.dolnyslask.pl\/wp-content\/uploads\/2023\/07\/IMG_20221219_081821-1532x2048.jpg 1532w, https:\/\/www.orlik.kudowa-zdroj.dolnyslask.pl\/wp-content\/uploads\/2023\/07\/IMG_20221219_081821-scaled.jpg 1916w\" sizes=\"auto, (max-width: 766px) 100vw, 766px\" \/><\/figure>\n\n\n\n<figure class=\"wp-block-image size-large\"><img loading=\"lazy\" decoding=\"async\" width=\"766\" height=\"1024\" data-id=\"2199\" src=\"https:\/\/www.orlik.kudowa-zdroj.dolnyslask.pl\/wp-content\/uploads\/2023\/07\/IMG_20221219_081746-766x1024.jpg\" alt=\"\" class=\"wp-image-2199\" srcset=\"https:\/\/www.orlik.kudowa-zdroj.dolnyslask.pl\/wp-content\/uploads\/2023\/07\/IMG_20221219_081746-766x1024.jpg 766w, https:\/\/www.orlik.kudowa-zdroj.dolnyslask.pl\/wp-content\/uploads\/2023\/07\/IMG_20221219_081746-224x300.jpg 224w, https:\/\/www.orlik.kudowa-zdroj.dolnyslask.pl\/wp-content\/uploads\/2023\/07\/IMG_20221219_081746-768x1026.jpg 768w, https:\/\/www.orlik.kudowa-zdroj.dolnyslask.pl\/wp-content\/uploads\/2023\/07\/IMG_20221219_081746-1149x1536.jpg 1149w, https:\/\/www.orlik.kudowa-zdroj.dolnyslask.pl\/wp-content\/uploads\/2023\/07\/IMG_20221219_081746-1532x2048.jpg 1532w, https:\/\/www.orlik.kudowa-zdroj.dolnyslask.pl\/wp-content\/uploads\/2023\/07\/IMG_20221219_081746-scaled.jpg 1916w\" sizes=\"auto, (max-width: 766px) 100vw, 766px\" \/><\/figure>\n<\/figure>\n","protected":false},"excerpt":{"rendered":"<p>Wemeco &#8211; Your Trusted Production Partner &#8211; Wemeco &#8211; Your Trusted Production Partner Port Lotniczy Wroc\u0142aw Polish Airlines LOT Restauracja Cafe Domek Nowa Media &#8211; Billboard | Druk | Media &#8211; Nowa jako\u015b\u0107 reklamy Park Narodowy G\u00f3r Sto\u0142owych (pngs.com.pl) Kudowskie SPA &#8211; masa\u017ce orientalne, ajurwedyjskie i klasyczne Home (pasdelart.pl) Portal Radia Wroc\u0142aw &#8211; Radio Wroc\u0142aw [&hellip;]<\/p>\n","protected":false},"author":3,"featured_media":0,"parent":0,"menu_order":0,"comment_status":"closed","ping_status":"closed","template":"","meta":{"footnotes":""},"class_list":["post-1620","page","type-page","status-publish","hentry"],"_links":{"self":[{"href":"https:\/\/www.orlik.kudowa-zdroj.dolnyslask.pl\/index.php\/wp-json\/wp\/v2\/pages\/1620","targetHints":{"allow":["GET"]}}],"collection":[{"href":"https:\/\/www.orlik.kudowa-zdroj.dolnyslask.pl\/index.php\/wp-json\/wp\/v2\/pages"}],"about":[{"href":"https:\/\/www.orlik.kudowa-zdroj.dolnyslask.pl\/index.php\/wp-json\/wp\/v2\/types\/page"}],"author":[{"embeddable":true,"href":"https:\/\/www.orlik.kudowa-zdroj.dolnyslask.pl\/index.php\/wp-json\/wp\/v2\/users\/3"}],"replies":[{"embeddable":true,"href":"https:\/\/www.orlik.kudowa-zdroj.dolnyslask.pl\/index.php\/wp-json\/wp\/v2\/comments?post=1620"}],"version-history":[{"count":16,"href":"https:\/\/www.orlik.kudowa-zdroj.dolnyslask.pl\/index.php\/wp-json\/wp\/v2\/pages\/1620\/revisions"}],"predecessor-version":[{"id":4171,"href":"https:\/\/www.orlik.kudowa-zdroj.dolnyslask.pl\/index.php\/wp-json\/wp\/v2\/pages\/1620\/revisions\/4171"}],"wp:attachment":[{"href":"https:\/\/www.orlik.kudowa-zdroj.dolnyslask.pl\/index.php\/wp-json\/wp\/v2\/media?parent=1620"}],"curies":[{"name":"wp","href":"https:\/\/api.w.org\/{rel}","templated":true}]}}