{"id":1527,"date":"2022-12-02T13:56:31","date_gmt":"2022-12-02T12:56:31","guid":{"rendered":"http:\/\/www.orlik.kudowa-zdroj.dolnyslask.pl\/?page_id=1527"},"modified":"2022-12-02T13:56:33","modified_gmt":"2022-12-02T12:56:33","slug":"plan-zajec-opiekunczo-wychowawczych","status":"publish","type":"page","link":"https:\/\/www.orlik.kudowa-zdroj.dolnyslask.pl\/index.php\/plan-zajec-opiekunczo-wychowawczych\/","title":{"rendered":"PLAN ZAJ\u0118\u0106 OPIEKU\u0143CZO \u2013 WYCHOWAWCZYCH"},"content":{"rendered":"\n<ol class=\"wp-block-list\">\n<li>Poniedzia\u0142ek, czwartek, pi\u0105tek \u2013 15:00 \u2013 20:00<br>15:00 \u2013 16:00 \u2013 Spacer *<br>16:00 \u2013 16:15 \u2013 Podwieczorek<br>16:15 \u2013 18:30 \u2013 Zaj\u0119cia opieku\u0144czo \u2013 wychowawcze **<br>18:30 \u2013 18:50 \u2013 Kolacja<br>18:50 \u2013 20:00 \u2013 Zaj\u0119cia opieku\u0144czo \u2013 wychowawcze<\/li>\n\n\n\n<li>Wtorek, \u015broda \u2013 08:45 \u2013 13:00<br>08:45 \u2013 10:20 \u2013 Zaj\u0119cia opieku\u0144czo \u2013 wychowawcze<br>10:20 \u2013 10:30 \u2013 II \u015bniadanie<br>10:30 \u2013 12:00 \u2013 Zaj\u0119cia opieku\u0144czo \u2013 wychowawcze<br>12:00 \u2013 13:00 \u2013 Spacer<\/li>\n\n\n\n<li>Sobota, niedziela, \u015bwi\u0119ta \u2013 09:00 \u2013 13:00 lub 15:00 \u2013 20:00<br>\uf0b7 Rano:<br>09:00 \u2013 11:00 \u2013 Zaj\u0119cia opieku\u0144czo \u2013 wychowawcze<br>11:00 \u2013 11:15 \u2013 II \u015bniadanie<br>11:15 \u2013 12:00 \u2013 Zaj\u0119cia opieku\u0144czo &#8211; wychowawcze<br>12:00 \u2013 13:00 \u2013 Spacer<br>\uf0b7 Popo\u0142udnie:<br>15:00 \u2013 16:00 \u2013 Spacer<br>16:00 \u2013 16:15 \u2013 Podwieczorek<br>16:15 \u2013 18:30 \u2013 Zaj\u0119cia opieku\u0144czo \u2013 wychowawcze<br>18:30 \u2013 18:50 \u2013 Kolacja<br>18:50 \u2013 20:00 \u2013 Zaj\u0119cia opieku\u0144czo \u2013 wychowawcze<\/li>\n<\/ol>\n\n\n\n<ul class=\"wp-block-list\">\n<li>Godzina spaceru mo\u017ce ulec zmianie w zale\u017cno\u015bci od pogody lub<br>planu rehabilitacji<br>** W zakres zaj\u0119\u0107 opieku\u0144czo \u2013 wychowawczych wchodz\u0105 m. in.<br>zabawy integracyjno \u2013 zapoznawcze, zaj\u0119cia w grupie z<br>wychowawc\u0105, konkursy dru\u017cynowe, zaj\u0119cia sportowe, plastyczne,<br>muzyczne, gry planszowe, dyskoteki, ogniska, podchody,<br>pasowanie na kuracjusza, imprezy okoliczno\u015bciowe (np. Bal<br>Karnawa\u0142owy, Andrzejki, Walentynki).<\/li>\n<\/ul>\n\n\n\n<p><\/p>\n","protected":false},"excerpt":{"rendered":"","protected":false},"author":3,"featured_media":0,"parent":0,"menu_order":0,"comment_status":"closed","ping_status":"closed","template":"","meta":{"footnotes":""},"class_list":["post-1527","page","type-page","status-publish","hentry"],"_links":{"self":[{"href":"https:\/\/www.orlik.kudowa-zdroj.dolnyslask.pl\/index.php\/wp-json\/wp\/v2\/pages\/1527","targetHints":{"allow":["GET"]}}],"collection":[{"href":"https:\/\/www.orlik.kudowa-zdroj.dolnyslask.pl\/index.php\/wp-json\/wp\/v2\/pages"}],"about":[{"href":"https:\/\/www.orlik.kudowa-zdroj.dolnyslask.pl\/index.php\/wp-json\/wp\/v2\/types\/page"}],"author":[{"embeddable":true,"href":"https:\/\/www.orlik.kudowa-zdroj.dolnyslask.pl\/index.php\/wp-json\/wp\/v2\/users\/3"}],"replies":[{"embeddable":true,"href":"https:\/\/www.orlik.kudowa-zdroj.dolnyslask.pl\/index.php\/wp-json\/wp\/v2\/comments?post=1527"}],"version-history":[{"count":1,"href":"https:\/\/www.orlik.kudowa-zdroj.dolnyslask.pl\/index.php\/wp-json\/wp\/v2\/pages\/1527\/revisions"}],"predecessor-version":[{"id":1530,"href":"https:\/\/www.orlik.kudowa-zdroj.dolnyslask.pl\/index.php\/wp-json\/wp\/v2\/pages\/1527\/revisions\/1530"}],"wp:attachment":[{"href":"https:\/\/www.orlik.kudowa-zdroj.dolnyslask.pl\/index.php\/wp-json\/wp\/v2\/media?parent=1527"}],"curies":[{"name":"wp","href":"https:\/\/api.w.org\/{rel}","templated":true}]}}