{"id":1509,"date":"2022-11-18T14:05:40","date_gmt":"2022-11-18T13:05:40","guid":{"rendered":"http:\/\/www.orlik.kudowa-zdroj.dolnyslask.pl\/?page_id=1509"},"modified":"2025-05-20T14:04:01","modified_gmt":"2025-05-20T12:04:01","slug":"plan-zajec-dydaktycznych","status":"publish","type":"page","link":"https:\/\/www.orlik.kudowa-zdroj.dolnyslask.pl\/index.php\/plan-zajec-dydaktycznych\/","title":{"rendered":"PLAN ZAJ\u0118\u0106 DYDAKTYCZNYCH"},"content":{"rendered":"\n<p>Zaj\u0119cia lekcyjne odbywaj\u0105 si\u0119:<\/p>\n\n\n\n<p><strong>Poniedzia\u0142ek<\/strong> w godzinach od 8.45 do 12.55 <em>(o godzinie 10.20 d\u0142uga przerwa na drugie \u015bniadanie)<\/em><\/p>\n\n\n\n<p><strong>Wtorek<\/strong> w godzinach od 15.00 do 16.45 <em>(2 lekcje)<\/em><\/p>\n\n\n\n<p>w godzinach od 16.55 do 18.25 k\u00f3\u0142ka zainteresowa\u0144 <em>(w ka\u017cdym tygodniu uczniowie ucz\u0119szczaj\u0105 na inne k\u00f3\u0142ko)<\/em><\/p>\n\n\n\n<p>&nbsp;w godzinach od 19.00 do 20.00 zaj\u0119cia wychowawcze <em>(gry i&nbsp;zabawy w klasach i na sali gimnastycznej)<\/em><\/p>\n\n\n\n<p><strong>\u015aroda<\/strong> w godzinach od 15.00 do 18.25 <em>(4 lekcje wed\u0142ug planu)<\/em><\/p>\n\n\n\n<p>&nbsp;w godzinach od 19.00 do 20.00 <em>zaj\u0119cia opieku\u0144czo- wychowawcze<\/em><\/p>\n\n\n\n<p><strong>Czwartek<\/strong> w godzinach od 8.45 do 12.55 <em>(5 lekcji wed\u0142ug planu)<\/em><\/p>\n\n\n\n<p><strong>Pi\u0105tek<\/strong> w godzinach od 8.45 do 12.55 <em>(5 lekcji wed\u0142ug planu)<\/em><\/p>\n\n\n\n<p><strong>Sobota i niedziela<\/strong> \u2013 dni wolne od zaj\u0119\u0107 dydaktycznych.<\/p>\n\n\n\n<p>\u00a0\u00a0\u00a0\u00a0\u00a0\u00a0\u00a0\u00a0\u00a0\u00a0\u00a0 W poniedzia\u0142ki, czwartki i w pi\u0105tki zaj\u0119cia dydaktyczne odbywaj\u0105 si\u0119 r\u00f3wnolegle z rehabilitacj\u0105.<\/p>\n","protected":false},"excerpt":{"rendered":"<p>Zaj\u0119cia lekcyjne odbywaj\u0105 si\u0119: Poniedzia\u0142ek w godzinach od 8.45 do 12.55 (o godzinie 10.20 d\u0142uga przerwa na drugie \u015bniadanie) Wtorek w godzinach od 15.00 do 16.45 (2 lekcje) w godzinach od 16.55 do 18.25 k\u00f3\u0142ka zainteresowa\u0144 (w ka\u017cdym tygodniu uczniowie ucz\u0119szczaj\u0105 na inne k\u00f3\u0142ko) &nbsp;w godzinach od 19.00 do 20.00 zaj\u0119cia wychowawcze (gry i&nbsp;zabawy w [&hellip;]<\/p>\n","protected":false},"author":3,"featured_media":0,"parent":0,"menu_order":0,"comment_status":"closed","ping_status":"closed","template":"","meta":{"footnotes":""},"class_list":["post-1509","page","type-page","status-publish","hentry"],"_links":{"self":[{"href":"https:\/\/www.orlik.kudowa-zdroj.dolnyslask.pl\/index.php\/wp-json\/wp\/v2\/pages\/1509","targetHints":{"allow":["GET"]}}],"collection":[{"href":"https:\/\/www.orlik.kudowa-zdroj.dolnyslask.pl\/index.php\/wp-json\/wp\/v2\/pages"}],"about":[{"href":"https:\/\/www.orlik.kudowa-zdroj.dolnyslask.pl\/index.php\/wp-json\/wp\/v2\/types\/page"}],"author":[{"embeddable":true,"href":"https:\/\/www.orlik.kudowa-zdroj.dolnyslask.pl\/index.php\/wp-json\/wp\/v2\/users\/3"}],"replies":[{"embeddable":true,"href":"https:\/\/www.orlik.kudowa-zdroj.dolnyslask.pl\/index.php\/wp-json\/wp\/v2\/comments?post=1509"}],"version-history":[{"count":4,"href":"https:\/\/www.orlik.kudowa-zdroj.dolnyslask.pl\/index.php\/wp-json\/wp\/v2\/pages\/1509\/revisions"}],"predecessor-version":[{"id":4625,"href":"https:\/\/www.orlik.kudowa-zdroj.dolnyslask.pl\/index.php\/wp-json\/wp\/v2\/pages\/1509\/revisions\/4625"}],"wp:attachment":[{"href":"https:\/\/www.orlik.kudowa-zdroj.dolnyslask.pl\/index.php\/wp-json\/wp\/v2\/media?parent=1509"}],"curies":[{"name":"wp","href":"https:\/\/api.w.org\/{rel}","templated":true}]}}