{"id":1424,"date":"2022-11-07T15:51:25","date_gmt":"2022-11-07T14:51:25","guid":{"rendered":"http:\/\/www.orlik.kudowa-zdroj.dolnyslask.pl\/?page_id=1424"},"modified":"2025-05-20T13:18:29","modified_gmt":"2025-05-20T11:18:29","slug":"informacje","status":"publish","type":"page","link":"https:\/\/www.orlik.kudowa-zdroj.dolnyslask.pl\/index.php\/informacje\/","title":{"rendered":"INFORMACJE"},"content":{"rendered":"\n<p><\/p>\n\n\n\n<p class=\"has-regular-font-size\"><strong>Dolno\u015bl\u0105ska Szko\u0142a Podstawowa Specjalna Nr 4 przy Szpitalu Rehabilitacyjnym Hematologicznym \u201eOrlik\u201d ul. Bukowina 1 , 57-350 Kudowa Zdr\u00f3j<\/strong><\/p>\n\n\n\n<p class=\"has-regular-font-size\"><strong>Dyrektorem szko\u0142y jest mgr. Katarzyna Szpanier<\/strong><\/p>\n\n\n\n<p><\/p>\n\n\n\n<p class=\"has-text-align-center has-vivid-red-color has-text-color has-medium-font-size\"><strong>Informujemy, &nbsp;\u017ce w czasie pobytu w szpitalu, podczas lekcji oraz zaj\u0119\u0107 opieku\u0144czo-wychowawczych, uczniowie maj\u0105 obowi\u0105zek oddawania telefon\u00f3w kom\u00f3rkowych do wyznaczonych pude\u0142ek.<\/strong><\/p>\n\n\n\n<p class=\"has-text-align-center has-vivid-red-color has-text-color has-medium-font-size\"><strong>Jest to zgodne ze Statutem Szko\u0142y oraz ze szkolnym programem wychowawczo-profilaktycznym.<\/strong><\/p>\n\n\n\n<p class=\"has-text-align-center has-vivid-red-color has-text-color has-medium-font-size\"><strong>Dbamy w ten spos\u00f3b o zdrowie naszych uczni\u00f3w oraz&nbsp; ich relacje i integracj\u0119 z r\u00f3wie\u015bnikami.<\/strong><\/p>\n\n\n\n<figure class=\"wp-block-image aligncenter size-full is-resized\"><img loading=\"lazy\" decoding=\"async\" width=\"544\" height=\"627\" src=\"https:\/\/www.orlik.kudowa-zdroj.dolnyslask.pl\/wp-content\/uploads\/2023\/02\/bez_tel.jpg\" alt=\"\" class=\"wp-image-1734\" style=\"width:262px;height:302px\" srcset=\"https:\/\/www.orlik.kudowa-zdroj.dolnyslask.pl\/wp-content\/uploads\/2023\/02\/bez_tel.jpg 544w, https:\/\/www.orlik.kudowa-zdroj.dolnyslask.pl\/wp-content\/uploads\/2023\/02\/bez_tel-260x300.jpg 260w\" sizes=\"auto, (max-width: 544px) 100vw, 544px\" \/><\/figure>\n\n\n\n<p><strong>WYCIECZKI SZKOLNE<\/strong><\/p>\n\n\n\n<p>W RAMACH ZAJ\u0118\u0106 DYDAKTYCZNYCH<\/p>\n\n\n\n<p>1 Eko-centrum w Kudowie-Zdroju (interaktywne muzeum po\u015bwi\u0119cone przyrodzie Parku Narodowego G\u00f3r Sto\u0142owych)<br>2 Park Zdrojowy z pijalni\u0105 w\u00f3d mineralnych w Kudowie-Zdroju<br>3 Muzeum Zabawek w Kudowie-Zdroju<br>4 Kaplica Czaszek w Czermnej (obok Kudowy-Zdroju)<br>5 Ruchoma Szopka w Czermnej (prywatna izba po\u015bwi\u0119cona szopce bo\u017conarodzeniowej)<br>6 Skansen \u201eNa szlaku gin\u0105cych zawod\u00f3w\u201d w Czermnej (pokaz toczenia glinianych naczy\u0144, mini zoo, degustacja chleba tradycyjnego wypieku)<br>7 Muzeum Papiernictwa w Dusznikach \u2013Zdroju (warsztaty z\u00a0r\u0119cznego czerpania papieru, zwiedzanie muzeum)<br>8 Piesza wycieczka do rezerwatu przyrody \u201eB\u0142\u0119dne ska\u0142y\u201d (przej\u015bcie labiryntem skalnym oraz podziwianie panoramy g\u00f3r z\u00a0punkt\u00f3w widokowych)<br>9 K\u0142odzko \u2013 kino<\/p>\n\n\n\n<p>10 Huta Szk\u0142a w Polanicy Zdroju<\/p>\n\n\n\n<p>11 Mini Euroland w K\u0142odzku<\/p>\n\n\n\n<p><\/p>\n","protected":false},"excerpt":{"rendered":"<p>Dolno\u015bl\u0105ska Szko\u0142a Podstawowa Specjalna Nr 4 przy Szpitalu Rehabilitacyjnym Hematologicznym \u201eOrlik\u201d ul. Bukowina 1 , 57-350 Kudowa Zdr\u00f3j Dyrektorem szko\u0142y jest mgr. Katarzyna Szpanier Informujemy, &nbsp;\u017ce w czasie pobytu w szpitalu, podczas lekcji oraz zaj\u0119\u0107 opieku\u0144czo-wychowawczych, uczniowie maj\u0105 obowi\u0105zek oddawania telefon\u00f3w kom\u00f3rkowych do wyznaczonych pude\u0142ek. Jest to zgodne ze Statutem Szko\u0142y oraz ze szkolnym programem [&hellip;]<\/p>\n","protected":false},"author":3,"featured_media":0,"parent":0,"menu_order":0,"comment_status":"closed","ping_status":"closed","template":"","meta":{"footnotes":""},"class_list":["post-1424","page","type-page","status-publish","hentry"],"_links":{"self":[{"href":"https:\/\/www.orlik.kudowa-zdroj.dolnyslask.pl\/index.php\/wp-json\/wp\/v2\/pages\/1424","targetHints":{"allow":["GET"]}}],"collection":[{"href":"https:\/\/www.orlik.kudowa-zdroj.dolnyslask.pl\/index.php\/wp-json\/wp\/v2\/pages"}],"about":[{"href":"https:\/\/www.orlik.kudowa-zdroj.dolnyslask.pl\/index.php\/wp-json\/wp\/v2\/types\/page"}],"author":[{"embeddable":true,"href":"https:\/\/www.orlik.kudowa-zdroj.dolnyslask.pl\/index.php\/wp-json\/wp\/v2\/users\/3"}],"replies":[{"embeddable":true,"href":"https:\/\/www.orlik.kudowa-zdroj.dolnyslask.pl\/index.php\/wp-json\/wp\/v2\/comments?post=1424"}],"version-history":[{"count":7,"href":"https:\/\/www.orlik.kudowa-zdroj.dolnyslask.pl\/index.php\/wp-json\/wp\/v2\/pages\/1424\/revisions"}],"predecessor-version":[{"id":4601,"href":"https:\/\/www.orlik.kudowa-zdroj.dolnyslask.pl\/index.php\/wp-json\/wp\/v2\/pages\/1424\/revisions\/4601"}],"wp:attachment":[{"href":"https:\/\/www.orlik.kudowa-zdroj.dolnyslask.pl\/index.php\/wp-json\/wp\/v2\/media?parent=1424"}],"curies":[{"name":"wp","href":"https:\/\/api.w.org\/{rel}","templated":true}]}}