{"id":1367,"date":"2022-11-02T16:09:16","date_gmt":"2022-11-02T15:09:16","guid":{"rendered":"http:\/\/www.orlik.kudowa-zdroj.dolnyslask.pl\/?page_id=1367"},"modified":"2025-02-24T10:32:23","modified_gmt":"2025-02-24T09:32:23","slug":"w-jakich-salach-mamy-lekcje","status":"publish","type":"page","link":"https:\/\/www.orlik.kudowa-zdroj.dolnyslask.pl\/index.php\/w-jakich-salach-mamy-lekcje\/","title":{"rendered":"JAKIE SALE?"},"content":{"rendered":"\n<p class=\"has-vivid-cyan-blue-color has-text-color\"><strong>W JAKICH SALACH MAMY LEKCJE ???<\/strong><\/p>\n\n\n\n<p>PRZEDSZKOLE &nbsp;&nbsp;&nbsp;&nbsp;&nbsp;&#8211; SALA NR 106<\/p>\n\n\n\n<p>KL. I, II, III &nbsp;&nbsp;&nbsp;&nbsp;&nbsp;&nbsp;&nbsp;&nbsp;&nbsp;&nbsp;&nbsp;&nbsp;&nbsp;&#8211; SALA NR 4<\/p>\n\n\n\n<p>J.POLSKI &nbsp;&nbsp;&nbsp;&nbsp;&nbsp;&nbsp;&nbsp;&nbsp;&nbsp;&nbsp;&nbsp;&nbsp;&nbsp;&nbsp;&nbsp;&#8211; SALA NR 1<\/p>\n\n\n\n<p>J. ANGIELSKI&nbsp;&nbsp;&nbsp;&nbsp; &nbsp;&nbsp;&nbsp;&nbsp;&#8211; SALA NR 1<\/p>\n\n\n\n<p>MATEMATYKA &nbsp;&nbsp;&nbsp;&nbsp;&#8211; SALA NR 2<\/p>\n\n\n\n<p>BIOLOGIA &nbsp;&nbsp;&nbsp;&nbsp;&nbsp;&nbsp;&nbsp;&nbsp;&nbsp;&nbsp;&nbsp;&nbsp;&#8211; SALA NR 2<\/p>\n\n\n\n<p>HISTORIA &nbsp;&nbsp;&nbsp;&nbsp;&nbsp;&nbsp;&nbsp;&nbsp;&nbsp;&nbsp;&nbsp;&nbsp;&nbsp;&#8211; SALA NR 3<\/p>\n\n\n\n<p>WOS &nbsp;&nbsp;&nbsp;&nbsp;&nbsp;&nbsp;&nbsp;&nbsp;&nbsp;&nbsp;&nbsp;&nbsp;&nbsp;&nbsp;&nbsp;&nbsp;&nbsp;&nbsp;&nbsp;&nbsp;&nbsp;&#8211; SALA NR 3<\/p>\n\n\n\n<p>GEOGRAFIA &nbsp;&nbsp;&nbsp;&nbsp;&nbsp;&nbsp;&nbsp;&nbsp;&#8211; SALA NR 3<\/p>\n\n\n\n<p>PRZYRODA &nbsp;&nbsp;&nbsp;&nbsp;&nbsp;&nbsp;&nbsp;&nbsp;&nbsp;&nbsp;&#8211; SALA NR 3<\/p>\n\n\n\n<p>J. NIEMIECKI &nbsp;&nbsp;&nbsp;&nbsp;&nbsp;&nbsp;&nbsp;&#8211; SALA NR 5<\/p>\n\n\n\n<p>RELIGIA&nbsp;&nbsp;&nbsp;&nbsp;&nbsp;&nbsp;&nbsp;&nbsp;&nbsp;&nbsp;&nbsp;&nbsp;&nbsp;&nbsp;&nbsp; &nbsp;&#8211; SALA NR 5<\/p>\n\n\n\n<p>CHEMIA&nbsp;&nbsp;&nbsp;&nbsp;&nbsp;&nbsp;&nbsp;&nbsp;&nbsp;&nbsp;&nbsp;&nbsp;&nbsp;&nbsp; &nbsp;&#8211; SALA NR 5<\/p>\n\n\n\n<p>FIZYKA&nbsp;&nbsp;&nbsp;&nbsp;&nbsp;&nbsp;&nbsp;&nbsp;&nbsp;&nbsp;&nbsp;&nbsp;&nbsp;&nbsp;&nbsp;&nbsp; &nbsp;&nbsp;&#8211; SALA NR 5<\/p>\n\n\n\n<p class=\"has-vivid-cyan-blue-color has-text-color\"><strong>GDZIE B\u0118D\u0104&nbsp; ODBYWA\u0141Y SI\u0118<\/strong> <strong>K\u00d3\u0141KA ZAINTERESOWA\u0143?<\/strong><\/p>\n\n\n\n<p>K\u00d3\u0141KO&nbsp; KULINARNE &#8211; SALA NR 5<\/p>\n\n\n\n<p>K\u00d3\u0141KO DOMOWEGO SPA\u00a0 &#8211;\u00a0 SALA NR 1<\/p>\n\n\n\n<p>K\u00d3\u0141KO FOTOGRAFICZNE &#8211; SALA NR 3<\/p>\n\n\n\n<p>K\u00d3\u0141KO M\u0141ODEGO NAUKOWCA &#8211; SALA NR 2<\/p>\n\n\n\n<p>K\u00d3\u0141KO PSIjaciele &#8211; SALA NR 4<\/p>\n","protected":false},"excerpt":{"rendered":"<p>W JAKICH SALACH MAMY LEKCJE ??? PRZEDSZKOLE &nbsp;&nbsp;&nbsp;&nbsp;&nbsp;&#8211; SALA NR 106 KL. I, II, III &nbsp;&nbsp;&nbsp;&nbsp;&nbsp;&nbsp;&nbsp;&nbsp;&nbsp;&nbsp;&nbsp;&nbsp;&nbsp;&#8211; SALA NR 4 J.POLSKI &nbsp;&nbsp;&nbsp;&nbsp;&nbsp;&nbsp;&nbsp;&nbsp;&nbsp;&nbsp;&nbsp;&nbsp;&nbsp;&nbsp;&nbsp;&#8211; SALA NR 1 J. ANGIELSKI&nbsp;&nbsp;&nbsp;&nbsp; &nbsp;&nbsp;&nbsp;&nbsp;&#8211; SALA NR 1 MATEMATYKA &nbsp;&nbsp;&nbsp;&nbsp;&#8211; SALA NR 2 BIOLOGIA &nbsp;&nbsp;&nbsp;&nbsp;&nbsp;&nbsp;&nbsp;&nbsp;&nbsp;&nbsp;&nbsp;&nbsp;&#8211; SALA NR 2 HISTORIA &nbsp;&nbsp;&nbsp;&nbsp;&nbsp;&nbsp;&nbsp;&nbsp;&nbsp;&nbsp;&nbsp;&nbsp;&nbsp;&#8211; SALA NR 3 WOS &nbsp;&nbsp;&nbsp;&nbsp;&nbsp;&nbsp;&nbsp;&nbsp;&nbsp;&nbsp;&nbsp;&nbsp;&nbsp;&nbsp;&nbsp;&nbsp;&nbsp;&nbsp;&nbsp;&nbsp;&nbsp;&#8211; SALA NR 3 GEOGRAFIA &nbsp;&nbsp;&nbsp;&nbsp;&nbsp;&nbsp;&nbsp;&nbsp;&#8211; SALA NR 3 [&hellip;]<\/p>\n","protected":false},"author":3,"featured_media":0,"parent":0,"menu_order":0,"comment_status":"closed","ping_status":"closed","template":"","meta":{"footnotes":""},"class_list":["post-1367","page","type-page","status-publish","hentry"],"_links":{"self":[{"href":"https:\/\/www.orlik.kudowa-zdroj.dolnyslask.pl\/index.php\/wp-json\/wp\/v2\/pages\/1367","targetHints":{"allow":["GET"]}}],"collection":[{"href":"https:\/\/www.orlik.kudowa-zdroj.dolnyslask.pl\/index.php\/wp-json\/wp\/v2\/pages"}],"about":[{"href":"https:\/\/www.orlik.kudowa-zdroj.dolnyslask.pl\/index.php\/wp-json\/wp\/v2\/types\/page"}],"author":[{"embeddable":true,"href":"https:\/\/www.orlik.kudowa-zdroj.dolnyslask.pl\/index.php\/wp-json\/wp\/v2\/users\/3"}],"replies":[{"embeddable":true,"href":"https:\/\/www.orlik.kudowa-zdroj.dolnyslask.pl\/index.php\/wp-json\/wp\/v2\/comments?post=1367"}],"version-history":[{"count":4,"href":"https:\/\/www.orlik.kudowa-zdroj.dolnyslask.pl\/index.php\/wp-json\/wp\/v2\/pages\/1367\/revisions"}],"predecessor-version":[{"id":3877,"href":"https:\/\/www.orlik.kudowa-zdroj.dolnyslask.pl\/index.php\/wp-json\/wp\/v2\/pages\/1367\/revisions\/3877"}],"wp:attachment":[{"href":"https:\/\/www.orlik.kudowa-zdroj.dolnyslask.pl\/index.php\/wp-json\/wp\/v2\/media?parent=1367"}],"curies":[{"name":"wp","href":"https:\/\/api.w.org\/{rel}","templated":true}]}}