{"id":1358,"date":"2022-11-02T16:06:48","date_gmt":"2022-11-02T15:06:48","guid":{"rendered":"http:\/\/www.orlik.kudowa-zdroj.dolnyslask.pl\/?page_id=1358"},"modified":"2022-12-05T16:01:08","modified_gmt":"2022-12-05T15:01:08","slug":"plan-pracy-przedszkola","status":"publish","type":"page","link":"https:\/\/www.orlik.kudowa-zdroj.dolnyslask.pl\/index.php\/plan-pracy-przedszkola\/","title":{"rendered":"PLAN PRACY PRZEDSZKOLA"},"content":{"rendered":"\n<ol class=\"wp-block-list\" type=\"1\">\n<li>Przedszkole pracuje od poniedzia\u0142ku do pi\u0105tku.<\/li>\n<\/ol>\n\n\n\n<ul class=\"wp-block-list\">\n<li><strong>Rano :<\/strong><\/li>\n\n\n\n<li>&nbsp;Zaj\u0119cia przedszkolne 8 :45&nbsp; do&nbsp; 10:20 &nbsp;&nbsp;&nbsp;&nbsp;&nbsp;&nbsp;&nbsp;&nbsp;&nbsp;&nbsp;&nbsp;&nbsp;&nbsp;&nbsp;&nbsp;&nbsp;&nbsp;&nbsp;&nbsp;<\/li>\n\n\n\n<li>&nbsp;Przerwa :&nbsp; 10:20 &nbsp;do &nbsp;10:30<\/li>\n<\/ul>\n\n\n\n<p>&nbsp;rodzic odbiera dziecko na 10 min. przerw\u0119&nbsp;&nbsp;&nbsp;&nbsp;&nbsp;&nbsp;&nbsp;&nbsp;&nbsp;&nbsp;<\/p>\n\n\n\n<p>&nbsp;&nbsp;&nbsp;&nbsp;&nbsp;&nbsp;&nbsp;&nbsp;&nbsp;&nbsp;&nbsp;&nbsp;&nbsp; &nbsp;c) &nbsp;Zaj\u0119cia przedszkola 10:30 do 12:55<\/p>\n\n\n\n<p>&nbsp;&nbsp;&nbsp;&nbsp; 12:55 rodzic odbiera dziecko i zaprowadza na obiad<\/p>\n\n\n\n<ul class=\"wp-block-list\">\n<li><strong>Popo\u0142udnie:<\/strong><\/li>\n<\/ul>\n\n\n\n<ol class=\"wp-block-list\" type=\"a\">\n<li>Zaj\u0119cia przedszkolne&nbsp; 15:00&nbsp; do&nbsp; 15:45&nbsp;&nbsp;<\/li>\n\n\n\n<li>15:45 &#8211; do 16:00<\/li>\n<\/ol>\n\n\n\n<p>rodzic odbiera dziecko na 15 min. przerw\u0119&nbsp;&nbsp;&nbsp;&nbsp;&nbsp;&nbsp;&nbsp;&nbsp;&nbsp;&nbsp;&nbsp;&nbsp;&nbsp;&nbsp;&nbsp;&nbsp;&nbsp;&nbsp;&nbsp;&nbsp;&nbsp;&nbsp;&nbsp;&nbsp;&nbsp;&nbsp;&nbsp;&nbsp;&nbsp;&nbsp;&nbsp;&nbsp;&nbsp;&nbsp;&nbsp;&nbsp;&nbsp;&nbsp;&nbsp;&nbsp;&nbsp;&nbsp;&nbsp;&nbsp;&nbsp;&nbsp;&nbsp; &nbsp;&nbsp;&nbsp;&nbsp;&nbsp;&nbsp;&nbsp;<\/p>\n\n\n\n<ul class=\"wp-block-list\">\n<li>Zaj\u0119cia&nbsp; przedszkolne 16:00&nbsp; do&nbsp; 18:25<\/li>\n\n\n\n<li>18:25&nbsp; do&nbsp; 18:30&nbsp;&nbsp; rodzic&nbsp; odbiera&nbsp;<\/li>\n<\/ul>\n\n\n\n<p>&nbsp;&nbsp;&nbsp; dziecko i prowadzi na&nbsp; kolacj\u0119<\/p>\n\n\n\n<p>&nbsp;19:00&nbsp; do 19:55&nbsp;&nbsp;&nbsp; zaj\u0119cia&nbsp; wychowawcze, wsp\u00f3lne z&nbsp; dzie\u0107mi&nbsp; starszymi&nbsp;<\/p>\n\n\n\n<p>Rodzice odprowadzaj\u0105 swoje dziecko na rehabilitacj\u0119<\/p>\n\n\n\n<p>i przyprowadzaj\u0105 je po sko\u0144czonej rehabilitacji do<\/p>\n\n\n\n<p>przedszkola<\/p>\n\n\n\n<p>&nbsp;&nbsp;&nbsp;&nbsp;&nbsp;&nbsp;&nbsp;&nbsp;&nbsp;&nbsp;&nbsp;&nbsp;&nbsp;&nbsp;&nbsp;&nbsp;&nbsp;&nbsp;&nbsp;&nbsp; DZI\u0118KUJ\u0118&nbsp; ZA&nbsp; WSP\u00d3\u0141PRAC\u0118 ?<\/p>\n","protected":false},"excerpt":{"rendered":"<p>&nbsp;rodzic odbiera dziecko na 10 min. przerw\u0119&nbsp;&nbsp;&nbsp;&nbsp;&nbsp;&nbsp;&nbsp;&nbsp;&nbsp;&nbsp; &nbsp;&nbsp;&nbsp;&nbsp;&nbsp;&nbsp;&nbsp;&nbsp;&nbsp;&nbsp;&nbsp;&nbsp;&nbsp; &nbsp;c) &nbsp;Zaj\u0119cia przedszkola 10:30 do 12:55 &nbsp;&nbsp;&nbsp;&nbsp; 12:55 rodzic odbiera dziecko i zaprowadza na obiad rodzic odbiera dziecko na 15 min. przerw\u0119&nbsp;&nbsp;&nbsp;&nbsp;&nbsp;&nbsp;&nbsp;&nbsp;&nbsp;&nbsp;&nbsp;&nbsp;&nbsp;&nbsp;&nbsp;&nbsp;&nbsp;&nbsp;&nbsp;&nbsp;&nbsp;&nbsp;&nbsp;&nbsp;&nbsp;&nbsp;&nbsp;&nbsp;&nbsp;&nbsp;&nbsp;&nbsp;&nbsp;&nbsp;&nbsp;&nbsp;&nbsp;&nbsp;&nbsp;&nbsp;&nbsp;&nbsp;&nbsp;&nbsp;&nbsp;&nbsp;&nbsp; &nbsp;&nbsp;&nbsp;&nbsp;&nbsp;&nbsp;&nbsp; &nbsp;&nbsp;&nbsp; dziecko i prowadzi na&nbsp; kolacj\u0119 &nbsp;19:00&nbsp; do 19:55&nbsp;&nbsp;&nbsp; zaj\u0119cia&nbsp; wychowawcze, wsp\u00f3lne z&nbsp; dzie\u0107mi&nbsp; starszymi&nbsp; Rodzice odprowadzaj\u0105 swoje dziecko na rehabilitacj\u0119 i przyprowadzaj\u0105 je [&hellip;]<\/p>\n","protected":false},"author":3,"featured_media":0,"parent":0,"menu_order":0,"comment_status":"closed","ping_status":"closed","template":"","meta":{"footnotes":""},"class_list":["post-1358","page","type-page","status-publish","hentry"],"_links":{"self":[{"href":"https:\/\/www.orlik.kudowa-zdroj.dolnyslask.pl\/index.php\/wp-json\/wp\/v2\/pages\/1358","targetHints":{"allow":["GET"]}}],"collection":[{"href":"https:\/\/www.orlik.kudowa-zdroj.dolnyslask.pl\/index.php\/wp-json\/wp\/v2\/pages"}],"about":[{"href":"https:\/\/www.orlik.kudowa-zdroj.dolnyslask.pl\/index.php\/wp-json\/wp\/v2\/types\/page"}],"author":[{"embeddable":true,"href":"https:\/\/www.orlik.kudowa-zdroj.dolnyslask.pl\/index.php\/wp-json\/wp\/v2\/users\/3"}],"replies":[{"embeddable":true,"href":"https:\/\/www.orlik.kudowa-zdroj.dolnyslask.pl\/index.php\/wp-json\/wp\/v2\/comments?post=1358"}],"version-history":[{"count":2,"href":"https:\/\/www.orlik.kudowa-zdroj.dolnyslask.pl\/index.php\/wp-json\/wp\/v2\/pages\/1358\/revisions"}],"predecessor-version":[{"id":1602,"href":"https:\/\/www.orlik.kudowa-zdroj.dolnyslask.pl\/index.php\/wp-json\/wp\/v2\/pages\/1358\/revisions\/1602"}],"wp:attachment":[{"href":"https:\/\/www.orlik.kudowa-zdroj.dolnyslask.pl\/index.php\/wp-json\/wp\/v2\/media?parent=1358"}],"curies":[{"name":"wp","href":"https:\/\/api.w.org\/{rel}","templated":true}]}}