{"id":1223,"date":"2022-11-02T15:42:39","date_gmt":"2022-11-02T14:42:39","guid":{"rendered":"http:\/\/www.orlik.kudowa-zdroj.dolnyslask.pl\/?page_id=1223"},"modified":"2023-01-17T06:31:59","modified_gmt":"2023-01-17T05:31:59","slug":"przedszkole","status":"publish","type":"page","link":"https:\/\/www.orlik.kudowa-zdroj.dolnyslask.pl\/index.php\/przedszkole\/","title":{"rendered":"CO ROBIMY W PRZEDSZKOLU ?"},"content":{"rendered":"\n<p>Nasze przedszkole czynne jest zar\u00f3wno w godzinach rannych jak i popo\u0142udniowych, zapewniaj\u0105c naszym najm\u0142odszym Kuracjuszom profesjonaln\u0105 opiek\u0119 a rodzicom chwil\u0119 wytchnienia i odpoczynku.&nbsp;<\/p>\n\n\n\n<p>Prowadzimy wiele interesuj\u0105cych zaj\u0119\u0107, a przede wszystkim staramy si\u0119 prowadzi\u0107 przedszkole metod\u0105 Montessori, czyli nauka przez zabaw\u0119. Opieramy si\u0119 na tym, co interesuje samo dziecko, co pobudza jego ciekawo\u015b\u0107 i co sprawia mu satysfakcj\u0119. Organizujemy kreatywne zabawy tak, by szybciej i \u0142atwiej dzieci mog\u0142y przyswoi\u0107 wiedz\u0119. K\u0142adziemy nacisk na zabawy sensoryczne, kt\u00f3re maj\u0105 za zadanie dostarczy\u0107 dziecku r\u00f3\u017cnorodnych bod\u017ac\u00f3w do rozwoju zmys\u0142\u00f3w przedszkolaka i poszerza\u0107 jego \u015bwiat dozna\u0144.&nbsp;<\/p>\n\n\n\n<p>Przedstawiamy kilka naszych zaj\u0119\u0107:&nbsp;<\/p>\n\n\n\n<p>1. Malowanie na folii spo\u017cywczej w nietypowy spos\u00f3b&#8230; dzieciom pu\u015bci\u0142y wodze wyobra\u017ani i ka\u017cde z nich malowa\u0142o co innego&#8230; drzewa, kwiaty, t\u0119cz\u0119, g\u00f3ry, wymarzony dom&#8230;&nbsp;<\/p>\n\n\n\n<p>2.&nbsp;Zaj\u0119cia sensoryczne z u\u017cyciem farb, koszulki biurowej i paluszk\u00f3w naszych przedszkolak\u00f3w, kt\u00f3re tworz\u0105 pi\u0119kne, kolorowe jesienne li\u015bcie.&nbsp;<\/p>\n\n\n\n<p>3. Robienie domowej piankoliny, dodaj\u0105c barwnik\u00f3w spo\u017cywczych, oddzia\u0142ywuj\u0105ce na zmys\u0142y w\u0119chu, dotyku i wzroku.&nbsp;<\/p>\n\n\n\n<p>4. Zabawa sensoryczna makaronem spagetti.&nbsp;<\/p>\n\n\n\n<p>5. \u0106wiczenia motoryki ma\u0142ej poprzez barwienie ry\u017cu i fasolki.&nbsp;<\/p>\n\n\n\n<figure class=\"wp-block-gallery has-nested-images columns-default is-cropped wp-block-gallery-1 is-layout-flex wp-block-gallery-is-layout-flex\">\n<figure class=\"wp-block-image size-large\"><img loading=\"lazy\" decoding=\"async\" width=\"793\" height=\"1024\" data-id=\"1256\" src=\"https:\/\/www.orlik.kudowa-zdroj.dolnyslask.pl\/wp-content\/uploads\/2022\/11\/Screenshot_20221017_110829-793x1024.jpg\" alt=\"\" class=\"wp-image-1256\" srcset=\"https:\/\/www.orlik.kudowa-zdroj.dolnyslask.pl\/wp-content\/uploads\/2022\/11\/Screenshot_20221017_110829-793x1024.jpg 793w, https:\/\/www.orlik.kudowa-zdroj.dolnyslask.pl\/wp-content\/uploads\/2022\/11\/Screenshot_20221017_110829-232x300.jpg 232w, https:\/\/www.orlik.kudowa-zdroj.dolnyslask.pl\/wp-content\/uploads\/2022\/11\/Screenshot_20221017_110829-768x991.jpg 768w, https:\/\/www.orlik.kudowa-zdroj.dolnyslask.pl\/wp-content\/uploads\/2022\/11\/Screenshot_20221017_110829.jpg 1080w\" sizes=\"auto, (max-width: 793px) 100vw, 793px\" \/><\/figure>\n\n\n\n<figure class=\"wp-block-image size-large\"><img loading=\"lazy\" decoding=\"async\" width=\"776\" height=\"1024\" data-id=\"1259\" src=\"https:\/\/www.orlik.kudowa-zdroj.dolnyslask.pl\/wp-content\/uploads\/2022\/11\/Screenshot_20221017_110409-776x1024.jpg\" alt=\"\" class=\"wp-image-1259\" srcset=\"https:\/\/www.orlik.kudowa-zdroj.dolnyslask.pl\/wp-content\/uploads\/2022\/11\/Screenshot_20221017_110409-776x1024.jpg 776w, https:\/\/www.orlik.kudowa-zdroj.dolnyslask.pl\/wp-content\/uploads\/2022\/11\/Screenshot_20221017_110409-227x300.jpg 227w, https:\/\/www.orlik.kudowa-zdroj.dolnyslask.pl\/wp-content\/uploads\/2022\/11\/Screenshot_20221017_110409-768x1013.jpg 768w, https:\/\/www.orlik.kudowa-zdroj.dolnyslask.pl\/wp-content\/uploads\/2022\/11\/Screenshot_20221017_110409.jpg 1080w\" sizes=\"auto, (max-width: 776px) 100vw, 776px\" \/><\/figure>\n\n\n\n<figure class=\"wp-block-image size-large\"><img loading=\"lazy\" decoding=\"async\" width=\"773\" height=\"1024\" data-id=\"1262\" src=\"https:\/\/www.orlik.kudowa-zdroj.dolnyslask.pl\/wp-content\/uploads\/2022\/11\/Screenshot_20221017_110353-773x1024.jpg\" alt=\"\" class=\"wp-image-1262\" srcset=\"https:\/\/www.orlik.kudowa-zdroj.dolnyslask.pl\/wp-content\/uploads\/2022\/11\/Screenshot_20221017_110353-773x1024.jpg 773w, https:\/\/www.orlik.kudowa-zdroj.dolnyslask.pl\/wp-content\/uploads\/2022\/11\/Screenshot_20221017_110353-227x300.jpg 227w, https:\/\/www.orlik.kudowa-zdroj.dolnyslask.pl\/wp-content\/uploads\/2022\/11\/Screenshot_20221017_110353-768x1017.jpg 768w, https:\/\/www.orlik.kudowa-zdroj.dolnyslask.pl\/wp-content\/uploads\/2022\/11\/Screenshot_20221017_110353.jpg 1080w\" sizes=\"auto, (max-width: 773px) 100vw, 773px\" \/><\/figure>\n\n\n\n<figure class=\"wp-block-image size-large\"><img loading=\"lazy\" decoding=\"async\" width=\"770\" height=\"1024\" data-id=\"1265\" src=\"https:\/\/www.orlik.kudowa-zdroj.dolnyslask.pl\/wp-content\/uploads\/2022\/11\/Screenshot_20221017_110401-770x1024.jpg\" alt=\"\" class=\"wp-image-1265\" srcset=\"https:\/\/www.orlik.kudowa-zdroj.dolnyslask.pl\/wp-content\/uploads\/2022\/11\/Screenshot_20221017_110401-770x1024.jpg 770w, https:\/\/www.orlik.kudowa-zdroj.dolnyslask.pl\/wp-content\/uploads\/2022\/11\/Screenshot_20221017_110401-225x300.jpg 225w, https:\/\/www.orlik.kudowa-zdroj.dolnyslask.pl\/wp-content\/uploads\/2022\/11\/Screenshot_20221017_110401-768x1022.jpg 768w, https:\/\/www.orlik.kudowa-zdroj.dolnyslask.pl\/wp-content\/uploads\/2022\/11\/Screenshot_20221017_110401.jpg 1080w\" sizes=\"auto, (max-width: 770px) 100vw, 770px\" \/><\/figure>\n\n\n\n<figure class=\"wp-block-image size-large\"><img loading=\"lazy\" decoding=\"async\" width=\"810\" height=\"1024\" data-id=\"1268\" src=\"https:\/\/www.orlik.kudowa-zdroj.dolnyslask.pl\/wp-content\/uploads\/2022\/11\/Screenshot_20221017_110724-1-810x1024.jpg\" alt=\"\" class=\"wp-image-1268\" srcset=\"https:\/\/www.orlik.kudowa-zdroj.dolnyslask.pl\/wp-content\/uploads\/2022\/11\/Screenshot_20221017_110724-1-810x1024.jpg 810w, https:\/\/www.orlik.kudowa-zdroj.dolnyslask.pl\/wp-content\/uploads\/2022\/11\/Screenshot_20221017_110724-1-237x300.jpg 237w, https:\/\/www.orlik.kudowa-zdroj.dolnyslask.pl\/wp-content\/uploads\/2022\/11\/Screenshot_20221017_110724-1-768x971.jpg 768w, https:\/\/www.orlik.kudowa-zdroj.dolnyslask.pl\/wp-content\/uploads\/2022\/11\/Screenshot_20221017_110724-1.jpg 1080w\" sizes=\"auto, (max-width: 810px) 100vw, 810px\" \/><\/figure>\n\n\n\n<figure class=\"wp-block-image size-large\"><img loading=\"lazy\" decoding=\"async\" width=\"777\" height=\"1024\" data-id=\"1277\" src=\"https:\/\/www.orlik.kudowa-zdroj.dolnyslask.pl\/wp-content\/uploads\/2022\/11\/Screenshot_20221017_110657-1-777x1024.jpg\" alt=\"\" class=\"wp-image-1277\" srcset=\"https:\/\/www.orlik.kudowa-zdroj.dolnyslask.pl\/wp-content\/uploads\/2022\/11\/Screenshot_20221017_110657-1-777x1024.jpg 777w, https:\/\/www.orlik.kudowa-zdroj.dolnyslask.pl\/wp-content\/uploads\/2022\/11\/Screenshot_20221017_110657-1-228x300.jpg 228w, https:\/\/www.orlik.kudowa-zdroj.dolnyslask.pl\/wp-content\/uploads\/2022\/11\/Screenshot_20221017_110657-1-768x1012.jpg 768w, https:\/\/www.orlik.kudowa-zdroj.dolnyslask.pl\/wp-content\/uploads\/2022\/11\/Screenshot_20221017_110657-1.jpg 1080w\" sizes=\"auto, (max-width: 777px) 100vw, 777px\" \/><\/figure>\n\n\n\n<figure class=\"wp-block-image size-large\"><img loading=\"lazy\" decoding=\"async\" width=\"763\" height=\"1024\" data-id=\"1274\" src=\"https:\/\/www.orlik.kudowa-zdroj.dolnyslask.pl\/wp-content\/uploads\/2022\/11\/Screenshot_20221017_104946-1-763x1024.jpg\" alt=\"\" class=\"wp-image-1274\" srcset=\"https:\/\/www.orlik.kudowa-zdroj.dolnyslask.pl\/wp-content\/uploads\/2022\/11\/Screenshot_20221017_104946-1-763x1024.jpg 763w, https:\/\/www.orlik.kudowa-zdroj.dolnyslask.pl\/wp-content\/uploads\/2022\/11\/Screenshot_20221017_104946-1-223x300.jpg 223w, https:\/\/www.orlik.kudowa-zdroj.dolnyslask.pl\/wp-content\/uploads\/2022\/11\/Screenshot_20221017_104946-1-768x1031.jpg 768w, https:\/\/www.orlik.kudowa-zdroj.dolnyslask.pl\/wp-content\/uploads\/2022\/11\/Screenshot_20221017_104946-1.jpg 1080w\" sizes=\"auto, (max-width: 763px) 100vw, 763px\" \/><\/figure>\n\n\n\n<figure class=\"wp-block-image size-large\"><img loading=\"lazy\" decoding=\"async\" width=\"794\" height=\"1024\" data-id=\"1271\" src=\"https:\/\/www.orlik.kudowa-zdroj.dolnyslask.pl\/wp-content\/uploads\/2022\/11\/Screenshot_20221017_104930-1-794x1024.jpg\" alt=\"\" class=\"wp-image-1271\" srcset=\"https:\/\/www.orlik.kudowa-zdroj.dolnyslask.pl\/wp-content\/uploads\/2022\/11\/Screenshot_20221017_104930-1-794x1024.jpg 794w, https:\/\/www.orlik.kudowa-zdroj.dolnyslask.pl\/wp-content\/uploads\/2022\/11\/Screenshot_20221017_104930-1-233x300.jpg 233w, https:\/\/www.orlik.kudowa-zdroj.dolnyslask.pl\/wp-content\/uploads\/2022\/11\/Screenshot_20221017_104930-1-768x991.jpg 768w, https:\/\/www.orlik.kudowa-zdroj.dolnyslask.pl\/wp-content\/uploads\/2022\/11\/Screenshot_20221017_104930-1.jpg 1080w\" sizes=\"auto, (max-width: 794px) 100vw, 794px\" \/><\/figure>\n\n\n\n<figure class=\"wp-block-image size-large\"><img loading=\"lazy\" decoding=\"async\" width=\"572\" height=\"1024\" data-id=\"1283\" src=\"https:\/\/www.orlik.kudowa-zdroj.dolnyslask.pl\/wp-content\/uploads\/2022\/11\/Screenshot_20221017_105000-1-572x1024.jpg\" alt=\"\" class=\"wp-image-1283\" srcset=\"https:\/\/www.orlik.kudowa-zdroj.dolnyslask.pl\/wp-content\/uploads\/2022\/11\/Screenshot_20221017_105000-1-572x1024.jpg 572w, https:\/\/www.orlik.kudowa-zdroj.dolnyslask.pl\/wp-content\/uploads\/2022\/11\/Screenshot_20221017_105000-1-168x300.jpg 168w, https:\/\/www.orlik.kudowa-zdroj.dolnyslask.pl\/wp-content\/uploads\/2022\/11\/Screenshot_20221017_105000-1-768x1375.jpg 768w, https:\/\/www.orlik.kudowa-zdroj.dolnyslask.pl\/wp-content\/uploads\/2022\/11\/Screenshot_20221017_105000-1.jpg 792w\" sizes=\"auto, (max-width: 572px) 100vw, 572px\" \/><\/figure>\n\n\n\n<figure class=\"wp-block-image size-large\"><img loading=\"lazy\" decoding=\"async\" width=\"774\" height=\"1024\" data-id=\"1280\" src=\"https:\/\/www.orlik.kudowa-zdroj.dolnyslask.pl\/wp-content\/uploads\/2022\/11\/Screenshot_20221017_104306-1-774x1024.jpg\" alt=\"\" class=\"wp-image-1280\" srcset=\"https:\/\/www.orlik.kudowa-zdroj.dolnyslask.pl\/wp-content\/uploads\/2022\/11\/Screenshot_20221017_104306-1-774x1024.jpg 774w, https:\/\/www.orlik.kudowa-zdroj.dolnyslask.pl\/wp-content\/uploads\/2022\/11\/Screenshot_20221017_104306-1-227x300.jpg 227w, https:\/\/www.orlik.kudowa-zdroj.dolnyslask.pl\/wp-content\/uploads\/2022\/11\/Screenshot_20221017_104306-1-768x1015.jpg 768w, https:\/\/www.orlik.kudowa-zdroj.dolnyslask.pl\/wp-content\/uploads\/2022\/11\/Screenshot_20221017_104306-1.jpg 1080w\" sizes=\"auto, (max-width: 774px) 100vw, 774px\" \/><\/figure>\n\n\n\n<figure class=\"wp-block-image size-large\"><img loading=\"lazy\" decoding=\"async\" width=\"784\" height=\"1024\" data-id=\"1286\" src=\"https:\/\/www.orlik.kudowa-zdroj.dolnyslask.pl\/wp-content\/uploads\/2022\/11\/Screenshot_20221017_104324-1-784x1024.jpg\" alt=\"\" class=\"wp-image-1286\" srcset=\"https:\/\/www.orlik.kudowa-zdroj.dolnyslask.pl\/wp-content\/uploads\/2022\/11\/Screenshot_20221017_104324-1-784x1024.jpg 784w, https:\/\/www.orlik.kudowa-zdroj.dolnyslask.pl\/wp-content\/uploads\/2022\/11\/Screenshot_20221017_104324-1-230x300.jpg 230w, https:\/\/www.orlik.kudowa-zdroj.dolnyslask.pl\/wp-content\/uploads\/2022\/11\/Screenshot_20221017_104324-1-768x1003.jpg 768w, https:\/\/www.orlik.kudowa-zdroj.dolnyslask.pl\/wp-content\/uploads\/2022\/11\/Screenshot_20221017_104324-1.jpg 1080w\" sizes=\"auto, (max-width: 784px) 100vw, 784px\" \/><\/figure>\n<\/figure>\n\n\n\n<figure class=\"wp-block-gallery has-nested-images columns-default is-cropped wp-block-gallery-2 is-layout-flex wp-block-gallery-is-layout-flex\">\n<figure class=\"wp-block-image size-large\"><img loading=\"lazy\" decoding=\"async\" width=\"768\" height=\"1024\" data-id=\"1298\" src=\"https:\/\/www.orlik.kudowa-zdroj.dolnyslask.pl\/wp-content\/uploads\/2022\/11\/przedszkole-768x1024.jpg\" alt=\"\" class=\"wp-image-1298\" srcset=\"https:\/\/www.orlik.kudowa-zdroj.dolnyslask.pl\/wp-content\/uploads\/2022\/11\/przedszkole-768x1024.jpg 768w, https:\/\/www.orlik.kudowa-zdroj.dolnyslask.pl\/wp-content\/uploads\/2022\/11\/przedszkole-225x300.jpg 225w, https:\/\/www.orlik.kudowa-zdroj.dolnyslask.pl\/wp-content\/uploads\/2022\/11\/przedszkole-1152x1536.jpg 1152w, https:\/\/www.orlik.kudowa-zdroj.dolnyslask.pl\/wp-content\/uploads\/2022\/11\/przedszkole-1536x2048.jpg 1536w, https:\/\/www.orlik.kudowa-zdroj.dolnyslask.pl\/wp-content\/uploads\/2022\/11\/przedszkole-scaled.jpg 1920w\" sizes=\"auto, (max-width: 768px) 100vw, 768px\" \/><\/figure>\n\n\n\n<figure class=\"wp-block-image size-large\"><img loading=\"lazy\" decoding=\"async\" width=\"768\" height=\"1024\" data-id=\"1295\" src=\"https:\/\/www.orlik.kudowa-zdroj.dolnyslask.pl\/wp-content\/uploads\/2022\/11\/przedszkole-6-768x1024.jpg\" alt=\"\" class=\"wp-image-1295\" srcset=\"https:\/\/www.orlik.kudowa-zdroj.dolnyslask.pl\/wp-content\/uploads\/2022\/11\/przedszkole-6-768x1024.jpg 768w, https:\/\/www.orlik.kudowa-zdroj.dolnyslask.pl\/wp-content\/uploads\/2022\/11\/przedszkole-6-225x300.jpg 225w, https:\/\/www.orlik.kudowa-zdroj.dolnyslask.pl\/wp-content\/uploads\/2022\/11\/przedszkole-6-1152x1536.jpg 1152w, https:\/\/www.orlik.kudowa-zdroj.dolnyslask.pl\/wp-content\/uploads\/2022\/11\/przedszkole-6-1536x2048.jpg 1536w, https:\/\/www.orlik.kudowa-zdroj.dolnyslask.pl\/wp-content\/uploads\/2022\/11\/przedszkole-6-scaled.jpg 1920w\" sizes=\"auto, (max-width: 768px) 100vw, 768px\" \/><\/figure>\n\n\n\n<figure class=\"wp-block-image size-large\"><img loading=\"lazy\" decoding=\"async\" width=\"768\" height=\"1024\" data-id=\"1313\" src=\"https:\/\/www.orlik.kudowa-zdroj.dolnyslask.pl\/wp-content\/uploads\/2022\/11\/przedszkole-5-768x1024.jpg\" alt=\"\" class=\"wp-image-1313\" srcset=\"https:\/\/www.orlik.kudowa-zdroj.dolnyslask.pl\/wp-content\/uploads\/2022\/11\/przedszkole-5-768x1024.jpg 768w, https:\/\/www.orlik.kudowa-zdroj.dolnyslask.pl\/wp-content\/uploads\/2022\/11\/przedszkole-5-225x300.jpg 225w, https:\/\/www.orlik.kudowa-zdroj.dolnyslask.pl\/wp-content\/uploads\/2022\/11\/przedszkole-5-1152x1536.jpg 1152w, https:\/\/www.orlik.kudowa-zdroj.dolnyslask.pl\/wp-content\/uploads\/2022\/11\/przedszkole-5-1536x2048.jpg 1536w, https:\/\/www.orlik.kudowa-zdroj.dolnyslask.pl\/wp-content\/uploads\/2022\/11\/przedszkole-5-scaled.jpg 1920w\" sizes=\"auto, (max-width: 768px) 100vw, 768px\" \/><\/figure>\n\n\n\n<figure class=\"wp-block-image size-large\"><img loading=\"lazy\" decoding=\"async\" width=\"768\" height=\"1024\" data-id=\"1301\" src=\"https:\/\/www.orlik.kudowa-zdroj.dolnyslask.pl\/wp-content\/uploads\/2022\/11\/przedszkole-4-768x1024.jpg\" alt=\"\" class=\"wp-image-1301\" srcset=\"https:\/\/www.orlik.kudowa-zdroj.dolnyslask.pl\/wp-content\/uploads\/2022\/11\/przedszkole-4-768x1024.jpg 768w, https:\/\/www.orlik.kudowa-zdroj.dolnyslask.pl\/wp-content\/uploads\/2022\/11\/przedszkole-4-225x300.jpg 225w, https:\/\/www.orlik.kudowa-zdroj.dolnyslask.pl\/wp-content\/uploads\/2022\/11\/przedszkole-4-1152x1536.jpg 1152w, https:\/\/www.orlik.kudowa-zdroj.dolnyslask.pl\/wp-content\/uploads\/2022\/11\/przedszkole-4-1536x2048.jpg 1536w, https:\/\/www.orlik.kudowa-zdroj.dolnyslask.pl\/wp-content\/uploads\/2022\/11\/przedszkole-4-scaled.jpg 1920w\" sizes=\"auto, (max-width: 768px) 100vw, 768px\" \/><\/figure>\n\n\n\n<figure class=\"wp-block-image size-large\"><img loading=\"lazy\" decoding=\"async\" width=\"768\" height=\"1024\" data-id=\"1304\" src=\"https:\/\/www.orlik.kudowa-zdroj.dolnyslask.pl\/wp-content\/uploads\/2022\/11\/przedszkole-2-768x1024.jpg\" alt=\"\" class=\"wp-image-1304\" srcset=\"https:\/\/www.orlik.kudowa-zdroj.dolnyslask.pl\/wp-content\/uploads\/2022\/11\/przedszkole-2-768x1024.jpg 768w, https:\/\/www.orlik.kudowa-zdroj.dolnyslask.pl\/wp-content\/uploads\/2022\/11\/przedszkole-2-225x300.jpg 225w, https:\/\/www.orlik.kudowa-zdroj.dolnyslask.pl\/wp-content\/uploads\/2022\/11\/przedszkole-2-1152x1536.jpg 1152w, https:\/\/www.orlik.kudowa-zdroj.dolnyslask.pl\/wp-content\/uploads\/2022\/11\/przedszkole-2-1536x2048.jpg 1536w, https:\/\/www.orlik.kudowa-zdroj.dolnyslask.pl\/wp-content\/uploads\/2022\/11\/przedszkole-2-scaled.jpg 1920w\" sizes=\"auto, (max-width: 768px) 100vw, 768px\" \/><\/figure>\n\n\n\n<figure class=\"wp-block-image size-large\"><img loading=\"lazy\" decoding=\"async\" width=\"768\" height=\"1024\" data-id=\"1307\" src=\"https:\/\/www.orlik.kudowa-zdroj.dolnyslask.pl\/wp-content\/uploads\/2022\/11\/przedszkole-1-768x1024.jpg\" alt=\"\" class=\"wp-image-1307\" srcset=\"https:\/\/www.orlik.kudowa-zdroj.dolnyslask.pl\/wp-content\/uploads\/2022\/11\/przedszkole-1-768x1024.jpg 768w, https:\/\/www.orlik.kudowa-zdroj.dolnyslask.pl\/wp-content\/uploads\/2022\/11\/przedszkole-1-225x300.jpg 225w, https:\/\/www.orlik.kudowa-zdroj.dolnyslask.pl\/wp-content\/uploads\/2022\/11\/przedszkole-1-1152x1536.jpg 1152w, https:\/\/www.orlik.kudowa-zdroj.dolnyslask.pl\/wp-content\/uploads\/2022\/11\/przedszkole-1-1536x2048.jpg 1536w, https:\/\/www.orlik.kudowa-zdroj.dolnyslask.pl\/wp-content\/uploads\/2022\/11\/przedszkole-1-scaled.jpg 1920w\" sizes=\"auto, (max-width: 768px) 100vw, 768px\" \/><\/figure>\n<\/figure>\n","protected":false},"excerpt":{"rendered":"<p>Nasze przedszkole czynne jest zar\u00f3wno w godzinach rannych jak i popo\u0142udniowych, zapewniaj\u0105c naszym najm\u0142odszym Kuracjuszom profesjonaln\u0105 opiek\u0119 a rodzicom chwil\u0119 wytchnienia i odpoczynku.&nbsp; Prowadzimy wiele interesuj\u0105cych zaj\u0119\u0107, a przede wszystkim staramy si\u0119 prowadzi\u0107 przedszkole metod\u0105 Montessori, czyli nauka przez zabaw\u0119. Opieramy si\u0119 na tym, co interesuje samo dziecko, co pobudza jego ciekawo\u015b\u0107 i co sprawia [&hellip;]<\/p>\n","protected":false},"author":3,"featured_media":0,"parent":0,"menu_order":0,"comment_status":"closed","ping_status":"closed","template":"","meta":{"footnotes":""},"class_list":["post-1223","page","type-page","status-publish","hentry"],"_links":{"self":[{"href":"https:\/\/www.orlik.kudowa-zdroj.dolnyslask.pl\/index.php\/wp-json\/wp\/v2\/pages\/1223","targetHints":{"allow":["GET"]}}],"collection":[{"href":"https:\/\/www.orlik.kudowa-zdroj.dolnyslask.pl\/index.php\/wp-json\/wp\/v2\/pages"}],"about":[{"href":"https:\/\/www.orlik.kudowa-zdroj.dolnyslask.pl\/index.php\/wp-json\/wp\/v2\/types\/page"}],"author":[{"embeddable":true,"href":"https:\/\/www.orlik.kudowa-zdroj.dolnyslask.pl\/index.php\/wp-json\/wp\/v2\/users\/3"}],"replies":[{"embeddable":true,"href":"https:\/\/www.orlik.kudowa-zdroj.dolnyslask.pl\/index.php\/wp-json\/wp\/v2\/comments?post=1223"}],"version-history":[{"count":3,"href":"https:\/\/www.orlik.kudowa-zdroj.dolnyslask.pl\/index.php\/wp-json\/wp\/v2\/pages\/1223\/revisions"}],"predecessor-version":[{"id":1677,"href":"https:\/\/www.orlik.kudowa-zdroj.dolnyslask.pl\/index.php\/wp-json\/wp\/v2\/pages\/1223\/revisions\/1677"}],"wp:attachment":[{"href":"https:\/\/www.orlik.kudowa-zdroj.dolnyslask.pl\/index.php\/wp-json\/wp\/v2\/media?parent=1223"}],"curies":[{"name":"wp","href":"https:\/\/api.w.org\/{rel}","templated":true}]}}