{"id":1209,"date":"2022-10-17T12:17:58","date_gmt":"2022-10-17T10:17:58","guid":{"rendered":"http:\/\/www.orlik.kudowa-zdroj.dolnyslask.pl\/?page_id=1209"},"modified":"2022-11-14T08:05:03","modified_gmt":"2022-11-14T07:05:03","slug":"misja-i-wizja-szkoly","status":"publish","type":"page","link":"https:\/\/www.orlik.kudowa-zdroj.dolnyslask.pl\/index.php\/misja-i-wizja-szkoly\/","title":{"rendered":"MISJA I WIZJA SZKO\u0141Y"},"content":{"rendered":"\n<p class=\"has-text-align-center\"><strong>MISJA SZKO\u0141Y<\/strong><\/p>\n\n\n\n<p class=\"has-text-align-center\">Zapewni\u0107 uczniom, podczas miesi\u0119cznego turnusu,<br>urozmaicon\u0105 nauk\u0119 w przyjemnej atmosferze,<br>z naciskiem na nauk\u0119 ze zrozumieniem,<br>dbaj\u0105c jednoczenie o rehabilitacj\u0119<br>i rozw\u00f3j psychiczny dziecka.<\/p>\n\n\n\n<p><\/p>\n\n\n\n<p class=\"has-text-align-center\"><strong>WIZJA SZKO\u0141Y<\/strong><\/p>\n\n\n\n<p class=\"has-text-align-center\">Przyjazna plac\u00f3wka, wyposa\u017cona w nowoczesne pomoce dydaktyczne oraz zaplecze rekreacyjne,<\/p>\n\n\n\n<p class=\"has-text-align-center\"> zatrudniaj\u0105c\u0105 wykwalifikowan\u0105 kadr\u0119, kt\u00f3ra tworzy dobr\u0105 atmosfer\u0119 dla dzieci i dla samych siebie.<\/p>\n\n\n\n<p class=\"has-text-align-center\"><\/p>\n","protected":false},"excerpt":{"rendered":"<p>MISJA SZKO\u0141Y Zapewni\u0107 uczniom, podczas miesi\u0119cznego turnusu,urozmaicon\u0105 nauk\u0119 w przyjemnej atmosferze,z naciskiem na nauk\u0119 ze zrozumieniem,dbaj\u0105c jednoczenie o rehabilitacj\u0119i rozw\u00f3j psychiczny dziecka. WIZJA SZKO\u0141Y Przyjazna plac\u00f3wka, wyposa\u017cona w nowoczesne pomoce dydaktyczne oraz zaplecze rekreacyjne, zatrudniaj\u0105c\u0105 wykwalifikowan\u0105 kadr\u0119, kt\u00f3ra tworzy dobr\u0105 atmosfer\u0119 dla dzieci i dla samych siebie.<\/p>\n","protected":false},"author":3,"featured_media":0,"parent":0,"menu_order":0,"comment_status":"closed","ping_status":"closed","template":"","meta":{"footnotes":""},"class_list":["post-1209","page","type-page","status-publish","hentry"],"_links":{"self":[{"href":"https:\/\/www.orlik.kudowa-zdroj.dolnyslask.pl\/index.php\/wp-json\/wp\/v2\/pages\/1209","targetHints":{"allow":["GET"]}}],"collection":[{"href":"https:\/\/www.orlik.kudowa-zdroj.dolnyslask.pl\/index.php\/wp-json\/wp\/v2\/pages"}],"about":[{"href":"https:\/\/www.orlik.kudowa-zdroj.dolnyslask.pl\/index.php\/wp-json\/wp\/v2\/types\/page"}],"author":[{"embeddable":true,"href":"https:\/\/www.orlik.kudowa-zdroj.dolnyslask.pl\/index.php\/wp-json\/wp\/v2\/users\/3"}],"replies":[{"embeddable":true,"href":"https:\/\/www.orlik.kudowa-zdroj.dolnyslask.pl\/index.php\/wp-json\/wp\/v2\/comments?post=1209"}],"version-history":[{"count":4,"href":"https:\/\/www.orlik.kudowa-zdroj.dolnyslask.pl\/index.php\/wp-json\/wp\/v2\/pages\/1209\/revisions"}],"predecessor-version":[{"id":1449,"href":"https:\/\/www.orlik.kudowa-zdroj.dolnyslask.pl\/index.php\/wp-json\/wp\/v2\/pages\/1209\/revisions\/1449"}],"wp:attachment":[{"href":"https:\/\/www.orlik.kudowa-zdroj.dolnyslask.pl\/index.php\/wp-json\/wp\/v2\/media?parent=1209"}],"curies":[{"name":"wp","href":"https:\/\/api.w.org\/{rel}","templated":true}]}}